{"id":730,"date":"2021-06-28T12:59:56","date_gmt":"2021-06-28T16:59:56","guid":{"rendered":"https:\/\/www.lecentrefranco.ca\/tactic\/?page_id=730"},"modified":"2021-10-22T15:48:45","modified_gmt":"2021-10-22T19:48:45","slug":"temoignages-de-pratiques-reussies-en-enseignement-virtuel","status":"publish","type":"page","link":"https:\/\/www.lecentrefranco.ca\/tactic\/ressources\/temoignages-de-pratiques-reussies-en-enseignement-virtuel\/","title":{"rendered":"T\u00e9moignages de pratiques r\u00e9ussies en enseignement virtuel"},"content":{"rendered":"","protected":false},"excerpt":{"rendered":"","protected":false},"author":4,"featured_media":732,"parent":123,"menu_order":0,"comment_status":"closed","ping_status":"closed","template":"page-fiche-ressource-temoi.php","meta":{"_acf_changed":false,"footnotes":""},"folder":[],"class_list":["post-730","page","type-page","status-publish","has-post-thumbnail","hentry"],"acf":[],"yoast_head":"<!-- This site is optimized with the Yoast SEO plugin v27.5 - https:\/\/yoast.com\/product\/yoast-seo-wordpress\/ -->\n<title>T\u00e9moignages de pratiques r\u00e9ussies en enseignement virtuel - L&#039;\u00e9quipe TacTIC<\/title>\n<meta name=\"robots\" content=\"index, follow, max-snippet:-1, max-image-preview:large, max-video-preview:-1\" \/>\n<link rel=\"canonical\" href=\"https:\/\/www.lecentrefranco.ca\/tactic\/ressources\/temoignages-de-pratiques-reussies-en-enseignement-virtuel\/\" \/>\n<meta property=\"og:locale\" content=\"fr_CA\" \/>\n<meta property=\"og:type\" content=\"article\" \/>\n<meta property=\"og:title\" content=\"T\u00e9moignages de pratiques r\u00e9ussies en enseignement virtuel - L&#039;\u00e9quipe TacTIC\" \/>\n<meta property=\"og:url\" content=\"https:\/\/www.lecentrefranco.ca\/tactic\/ressources\/temoignages-de-pratiques-reussies-en-enseignement-virtuel\/\" \/>\n<meta property=\"og:site_name\" content=\"L&#039;\u00e9quipe TacTIC\" \/>\n<meta property=\"article:modified_time\" content=\"2021-10-22T19:48:45+00:00\" \/>\n<meta property=\"og:image\" content=\"https:\/\/www.lecentrefranco.ca\/tactic\/wp-content\/uploads\/sites\/14\/2021\/06\/temoi-icone-gros.png\" \/>\n\t<meta property=\"og:image:width\" content=\"380\" \/>\n\t<meta property=\"og:image:height\" content=\"380\" \/>\n\t<meta property=\"og:image:type\" content=\"image\/png\" \/>\n<meta name=\"twitter:card\" content=\"summary_large_image\" \/>\n<script type=\"application\/ld+json\" class=\"yoast-schema-graph\">{\"@context\":\"https:\\\/\\\/schema.org\",\"@graph\":[{\"@type\":\"WebPage\",\"@id\":\"https:\\\/\\\/www.lecentrefranco.ca\\\/tactic\\\/ressources\\\/temoignages-de-pratiques-reussies-en-enseignement-virtuel\\\/\",\"url\":\"https:\\\/\\\/www.lecentrefranco.ca\\\/tactic\\\/ressources\\\/temoignages-de-pratiques-reussies-en-enseignement-virtuel\\\/\",\"name\":\"T\u00e9moignages de pratiques r\u00e9ussies en enseignement virtuel - L&#039;\u00e9quipe TacTIC\",\"isPartOf\":{\"@id\":\"https:\\\/\\\/www.lecentrefranco.ca\\\/tactic\\\/#website\"},\"primaryImageOfPage\":{\"@id\":\"https:\\\/\\\/www.lecentrefranco.ca\\\/tactic\\\/ressources\\\/temoignages-de-pratiques-reussies-en-enseignement-virtuel\\\/#primaryimage\"},\"image\":{\"@id\":\"https:\\\/\\\/www.lecentrefranco.ca\\\/tactic\\\/ressources\\\/temoignages-de-pratiques-reussies-en-enseignement-virtuel\\\/#primaryimage\"},\"thumbnailUrl\":\"https:\\\/\\\/www.lecentrefranco.ca\\\/tactic\\\/wp-content\\\/uploads\\\/sites\\\/14\\\/2021\\\/06\\\/temoi-icone-gros.png\",\"datePublished\":\"2021-06-28T16:59:56+00:00\",\"dateModified\":\"2021-10-22T19:48:45+00:00\",\"breadcrumb\":{\"@id\":\"https:\\\/\\\/www.lecentrefranco.ca\\\/tactic\\\/ressources\\\/temoignages-de-pratiques-reussies-en-enseignement-virtuel\\\/#breadcrumb\"},\"inLanguage\":\"fr-CA\",\"potentialAction\":[{\"@type\":\"ReadAction\",\"target\":[\"https:\\\/\\\/www.lecentrefranco.ca\\\/tactic\\\/ressources\\\/temoignages-de-pratiques-reussies-en-enseignement-virtuel\\\/\"]}]},{\"@type\":\"ImageObject\",\"inLanguage\":\"fr-CA\",\"@id\":\"https:\\\/\\\/www.lecentrefranco.ca\\\/tactic\\\/ressources\\\/temoignages-de-pratiques-reussies-en-enseignement-virtuel\\\/#primaryimage\",\"url\":\"https:\\\/\\\/www.lecentrefranco.ca\\\/tactic\\\/wp-content\\\/uploads\\\/sites\\\/14\\\/2021\\\/06\\\/temoi-icone-gros.png\",\"contentUrl\":\"https:\\\/\\\/www.lecentrefranco.ca\\\/tactic\\\/wp-content\\\/uploads\\\/sites\\\/14\\\/2021\\\/06\\\/temoi-icone-gros.png\",\"width\":380,\"height\":380,\"caption\":\"Ic\u00f4ne - T\u00e9moignages de pratiques r\u00e9ussies en enseignement virtuel\"},{\"@type\":\"BreadcrumbList\",\"@id\":\"https:\\\/\\\/www.lecentrefranco.ca\\\/tactic\\\/ressources\\\/temoignages-de-pratiques-reussies-en-enseignement-virtuel\\\/#breadcrumb\",\"itemListElement\":[{\"@type\":\"ListItem\",\"position\":1,\"name\":\"Accueil\",\"item\":\"https:\\\/\\\/www.lecentrefranco.ca\\\/tactic\\\/\"},{\"@type\":\"ListItem\",\"position\":2,\"name\":\"Ressources\",\"item\":\"https:\\\/\\\/www.lecentrefranco.ca\\\/tactic\\\/ressources\\\/\"},{\"@type\":\"ListItem\",\"position\":3,\"name\":\"T\u00e9moignages de pratiques r\u00e9ussies en enseignement virtuel\"}]},{\"@type\":\"WebSite\",\"@id\":\"https:\\\/\\\/www.lecentrefranco.ca\\\/tactic\\\/#website\",\"url\":\"https:\\\/\\\/www.lecentrefranco.ca\\\/tactic\\\/\",\"name\":\"L&#039;\u00e9quipe TacTIC\",\"description\":\"\",\"potentialAction\":[{\"@type\":\"SearchAction\",\"target\":{\"@type\":\"EntryPoint\",\"urlTemplate\":\"https:\\\/\\\/www.lecentrefranco.ca\\\/tactic\\\/?s={search_term_string}\"},\"query-input\":{\"@type\":\"PropertyValueSpecification\",\"valueRequired\":true,\"valueName\":\"search_term_string\"}}],\"inLanguage\":\"fr-CA\"}]}<\/script>\n<!-- \/ Yoast SEO plugin. -->","yoast_head_json":{"title":"T\u00e9moignages de pratiques r\u00e9ussies en enseignement virtuel - L&#039;\u00e9quipe TacTIC","robots":{"index":"index","follow":"follow","max-snippet":"max-snippet:-1","max-image-preview":"max-image-preview:large","max-video-preview":"max-video-preview:-1"},"canonical":"https:\/\/www.lecentrefranco.ca\/tactic\/ressources\/temoignages-de-pratiques-reussies-en-enseignement-virtuel\/","og_locale":"fr_CA","og_type":"article","og_title":"T\u00e9moignages de pratiques r\u00e9ussies en enseignement virtuel - L&#039;\u00e9quipe TacTIC","og_url":"https:\/\/www.lecentrefranco.ca\/tactic\/ressources\/temoignages-de-pratiques-reussies-en-enseignement-virtuel\/","og_site_name":"L&#039;\u00e9quipe TacTIC","article_modified_time":"2021-10-22T19:48:45+00:00","og_image":[{"width":380,"height":380,"url":"https:\/\/www.lecentrefranco.ca\/tactic\/wp-content\/uploads\/sites\/14\/2021\/06\/temoi-icone-gros.png","type":"image\/png"}],"twitter_card":"summary_large_image","schema":{"@context":"https:\/\/schema.org","@graph":[{"@type":"WebPage","@id":"https:\/\/www.lecentrefranco.ca\/tactic\/ressources\/temoignages-de-pratiques-reussies-en-enseignement-virtuel\/","url":"https:\/\/www.lecentrefranco.ca\/tactic\/ressources\/temoignages-de-pratiques-reussies-en-enseignement-virtuel\/","name":"T\u00e9moignages de pratiques r\u00e9ussies en enseignement virtuel - L&#039;\u00e9quipe TacTIC","isPartOf":{"@id":"https:\/\/www.lecentrefranco.ca\/tactic\/#website"},"primaryImageOfPage":{"@id":"https:\/\/www.lecentrefranco.ca\/tactic\/ressources\/temoignages-de-pratiques-reussies-en-enseignement-virtuel\/#primaryimage"},"image":{"@id":"https:\/\/www.lecentrefranco.ca\/tactic\/ressources\/temoignages-de-pratiques-reussies-en-enseignement-virtuel\/#primaryimage"},"thumbnailUrl":"https:\/\/www.lecentrefranco.ca\/tactic\/wp-content\/uploads\/sites\/14\/2021\/06\/temoi-icone-gros.png","datePublished":"2021-06-28T16:59:56+00:00","dateModified":"2021-10-22T19:48:45+00:00","breadcrumb":{"@id":"https:\/\/www.lecentrefranco.ca\/tactic\/ressources\/temoignages-de-pratiques-reussies-en-enseignement-virtuel\/#breadcrumb"},"inLanguage":"fr-CA","potentialAction":[{"@type":"ReadAction","target":["https:\/\/www.lecentrefranco.ca\/tactic\/ressources\/temoignages-de-pratiques-reussies-en-enseignement-virtuel\/"]}]},{"@type":"ImageObject","inLanguage":"fr-CA","@id":"https:\/\/www.lecentrefranco.ca\/tactic\/ressources\/temoignages-de-pratiques-reussies-en-enseignement-virtuel\/#primaryimage","url":"https:\/\/www.lecentrefranco.ca\/tactic\/wp-content\/uploads\/sites\/14\/2021\/06\/temoi-icone-gros.png","contentUrl":"https:\/\/www.lecentrefranco.ca\/tactic\/wp-content\/uploads\/sites\/14\/2021\/06\/temoi-icone-gros.png","width":380,"height":380,"caption":"Ic\u00f4ne - T\u00e9moignages de pratiques r\u00e9ussies en enseignement virtuel"},{"@type":"BreadcrumbList","@id":"https:\/\/www.lecentrefranco.ca\/tactic\/ressources\/temoignages-de-pratiques-reussies-en-enseignement-virtuel\/#breadcrumb","itemListElement":[{"@type":"ListItem","position":1,"name":"Accueil","item":"https:\/\/www.lecentrefranco.ca\/tactic\/"},{"@type":"ListItem","position":2,"name":"Ressources","item":"https:\/\/www.lecentrefranco.ca\/tactic\/ressources\/"},{"@type":"ListItem","position":3,"name":"T\u00e9moignages de pratiques r\u00e9ussies en enseignement virtuel"}]},{"@type":"WebSite","@id":"https:\/\/www.lecentrefranco.ca\/tactic\/#website","url":"https:\/\/www.lecentrefranco.ca\/tactic\/","name":"L&#039;\u00e9quipe TacTIC","description":"","potentialAction":[{"@type":"SearchAction","target":{"@type":"EntryPoint","urlTemplate":"https:\/\/www.lecentrefranco.ca\/tactic\/?s={search_term_string}"},"query-input":{"@type":"PropertyValueSpecification","valueRequired":true,"valueName":"search_term_string"}}],"inLanguage":"fr-CA"}]}},"_links":{"self":[{"href":"https:\/\/www.lecentrefranco.ca\/tactic\/wp-json\/wp\/v2\/pages\/730","targetHints":{"allow":["GET"]}}],"collection":[{"href":"https:\/\/www.lecentrefranco.ca\/tactic\/wp-json\/wp\/v2\/pages"}],"about":[{"href":"https:\/\/www.lecentrefranco.ca\/tactic\/wp-json\/wp\/v2\/types\/page"}],"author":[{"embeddable":true,"href":"https:\/\/www.lecentrefranco.ca\/tactic\/wp-json\/wp\/v2\/users\/4"}],"replies":[{"embeddable":true,"href":"https:\/\/www.lecentrefranco.ca\/tactic\/wp-json\/wp\/v2\/comments?post=730"}],"version-history":[{"count":0,"href":"https:\/\/www.lecentrefranco.ca\/tactic\/wp-json\/wp\/v2\/pages\/730\/revisions"}],"up":[{"embeddable":true,"href":"https:\/\/www.lecentrefranco.ca\/tactic\/wp-json\/wp\/v2\/pages\/123"}],"wp:featuredmedia":[{"embeddable":true,"href":"https:\/\/www.lecentrefranco.ca\/tactic\/wp-json\/wp\/v2\/media\/732"}],"wp:attachment":[{"href":"https:\/\/www.lecentrefranco.ca\/tactic\/wp-json\/wp\/v2\/media?parent=730"}],"wp:term":[{"taxonomy":"folder","embeddable":true,"href":"https:\/\/www.lecentrefranco.ca\/tactic\/wp-json\/wp\/v2\/folder?post=730"}],"curies":[{"name":"wp","href":"https:\/\/api.w.org\/{rel}","templated":true}]}}