{"id":47,"date":"2018-07-19T17:47:13","date_gmt":"2018-07-19T17:47:13","guid":{"rendered":"http:\/\/www.cforp.ca\/dev-tactic\/?page_id=47"},"modified":"2025-10-09T14:27:12","modified_gmt":"2025-10-09T18:27:12","slug":"equipe","status":"publish","type":"page","link":"https:\/\/www.lecentrefranco.ca\/tactic\/equipe\/","title":{"rendered":"\u00c9quipe"},"content":{"rendered":"<p>L\u2019\u00e9quipe TacTIC est compos\u00e9e de repr\u00e9sentantes et de repr\u00e9sentants des conseils scolaires de langue fran\u00e7aise de l\u2019Ontario. Tout en travaillant au sein de l\u2019\u00e9quipe p\u00e9dagogique de leur conseil scolaire respectif, les membres travaillent ensemble \u00e0 la mise en \u0153uvre du mandat de l\u2019\u00e9quipe TacTIC. Ce mod\u00e8le favorise les \u00e9changes et la mise en commun de pratiques riches o\u00f9 l\u2019intelligence collective est mise au service de toutes les \u00e9coles de langue fran\u00e7aise de la province.<\/p>\n","protected":false},"excerpt":{"rendered":"<p>L\u2019\u00e9quipe TacTIC est compos\u00e9e de repr\u00e9sentantes et de repr\u00e9sentants des conseils scolaires de langue fran\u00e7aise de l\u2019Ontario. Tout en travaillant au sein de l\u2019\u00e9quipe p\u00e9dagogique de leur conseil scolaire respectif, les membres travaillent ensemble \u00e0 la mise en \u0153uvre du mandat de l\u2019\u00e9quipe TacTIC. Ce mod\u00e8le favorise les \u00e9changes et la mise en commun de<a class=\"excerpt-read-more\" href=\"https:\/\/www.lecentrefranco.ca\/tactic\/equipe\/\" title=\"Read\u00c9quipe\">&#8230; Read more &raquo;<\/a><\/p>\n","protected":false},"author":4,"featured_media":0,"parent":0,"menu_order":2,"comment_status":"closed","ping_status":"closed","template":"page-equipe.php","meta":{"_acf_changed":false,"footnotes":""},"folder":[],"class_list":["post-47","page","type-page","status-publish","hentry"],"acf":[],"yoast_head":"<!-- This site is optimized with the Yoast SEO plugin v27.5 - https:\/\/yoast.com\/product\/yoast-seo-wordpress\/ -->\n<title>\u00c9quipe - L&#039;\u00e9quipe TacTIC<\/title>\n<meta name=\"description\" content=\"L\u2019\u00e9quipe TacTIC est compos\u00e9e de repr\u00e9sentantes et de repr\u00e9sentants des conseils scolaires de langue fran\u00e7aise de l\u2019Ontario\" \/>\n<meta name=\"robots\" content=\"index, follow, max-snippet:-1, max-image-preview:large, max-video-preview:-1\" \/>\n<link rel=\"canonical\" href=\"https:\/\/www.lecentrefranco.ca\/tactic\/equipe\/\" \/>\n<meta property=\"og:locale\" content=\"fr_CA\" \/>\n<meta property=\"og:type\" content=\"article\" \/>\n<meta property=\"og:title\" content=\"\u00c9quipe - L&#039;\u00e9quipe TacTIC\" \/>\n<meta property=\"og:description\" content=\"L\u2019\u00e9quipe TacTIC est compos\u00e9e de repr\u00e9sentantes et de repr\u00e9sentants des conseils scolaires de langue fran\u00e7aise de l\u2019Ontario\" \/>\n<meta property=\"og:url\" content=\"https:\/\/www.lecentrefranco.ca\/tactic\/equipe\/\" \/>\n<meta property=\"og:site_name\" content=\"L&#039;\u00e9quipe TacTIC\" \/>\n<meta property=\"article:modified_time\" content=\"2025-10-09T18:27:12+00:00\" \/>\n<meta property=\"og:image\" content=\"http:\/\/www.cforp.ca\/tactic\/wp-content\/uploads\/sites\/14\/2019\/02\/og-tactic-general.jpg\" \/>\n<meta name=\"twitter:card\" content=\"summary_large_image\" \/>\n<meta name=\"twitter:label1\" content=\"Estimation du temps de lecture\" \/>\n\t<meta name=\"twitter:data1\" content=\"1 minute\" \/>\n<script type=\"application\/ld+json\" class=\"yoast-schema-graph\">{\"@context\":\"https:\\\/\\\/schema.org\",\"@graph\":[{\"@type\":\"WebPage\",\"@id\":\"https:\\\/\\\/www.lecentrefranco.ca\\\/tactic\\\/equipe\\\/\",\"url\":\"https:\\\/\\\/www.lecentrefranco.ca\\\/tactic\\\/equipe\\\/\",\"name\":\"\u00c9quipe - L&#039;\u00e9quipe TacTIC\",\"isPartOf\":{\"@id\":\"https:\\\/\\\/www.lecentrefranco.ca\\\/tactic\\\/#website\"},\"datePublished\":\"2018-07-19T17:47:13+00:00\",\"dateModified\":\"2025-10-09T18:27:12+00:00\",\"description\":\"L\u2019\u00e9quipe TacTIC est compos\u00e9e de repr\u00e9sentantes et de repr\u00e9sentants des conseils scolaires de langue fran\u00e7aise de l\u2019Ontario\",\"breadcrumb\":{\"@id\":\"https:\\\/\\\/www.lecentrefranco.ca\\\/tactic\\\/equipe\\\/#breadcrumb\"},\"inLanguage\":\"fr-CA\",\"potentialAction\":[{\"@type\":\"ReadAction\",\"target\":[\"https:\\\/\\\/www.lecentrefranco.ca\\\/tactic\\\/equipe\\\/\"]}]},{\"@type\":\"BreadcrumbList\",\"@id\":\"https:\\\/\\\/www.lecentrefranco.ca\\\/tactic\\\/equipe\\\/#breadcrumb\",\"itemListElement\":[{\"@type\":\"ListItem\",\"position\":1,\"name\":\"Accueil\",\"item\":\"https:\\\/\\\/www.lecentrefranco.ca\\\/tactic\\\/\"},{\"@type\":\"ListItem\",\"position\":2,\"name\":\"\u00c9quipe\"}]},{\"@type\":\"WebSite\",\"@id\":\"https:\\\/\\\/www.lecentrefranco.ca\\\/tactic\\\/#website\",\"url\":\"https:\\\/\\\/www.lecentrefranco.ca\\\/tactic\\\/\",\"name\":\"L&#039;\u00e9quipe TacTIC\",\"description\":\"\",\"potentialAction\":[{\"@type\":\"SearchAction\",\"target\":{\"@type\":\"EntryPoint\",\"urlTemplate\":\"https:\\\/\\\/www.lecentrefranco.ca\\\/tactic\\\/?s={search_term_string}\"},\"query-input\":{\"@type\":\"PropertyValueSpecification\",\"valueRequired\":true,\"valueName\":\"search_term_string\"}}],\"inLanguage\":\"fr-CA\"}]}<\/script>\n<!-- \/ Yoast SEO plugin. -->","yoast_head_json":{"title":"\u00c9quipe - L&#039;\u00e9quipe TacTIC","description":"L\u2019\u00e9quipe TacTIC est compos\u00e9e de repr\u00e9sentantes et de repr\u00e9sentants des conseils scolaires de langue fran\u00e7aise de l\u2019Ontario","robots":{"index":"index","follow":"follow","max-snippet":"max-snippet:-1","max-image-preview":"max-image-preview:large","max-video-preview":"max-video-preview:-1"},"canonical":"https:\/\/www.lecentrefranco.ca\/tactic\/equipe\/","og_locale":"fr_CA","og_type":"article","og_title":"\u00c9quipe - L&#039;\u00e9quipe TacTIC","og_description":"L\u2019\u00e9quipe TacTIC est compos\u00e9e de repr\u00e9sentantes et de repr\u00e9sentants des conseils scolaires de langue fran\u00e7aise de l\u2019Ontario","og_url":"https:\/\/www.lecentrefranco.ca\/tactic\/equipe\/","og_site_name":"L&#039;\u00e9quipe TacTIC","article_modified_time":"2025-10-09T18:27:12+00:00","og_image":[{"url":"http:\/\/www.cforp.ca\/tactic\/wp-content\/uploads\/sites\/14\/2019\/02\/og-tactic-general.jpg","type":"","width":"","height":""}],"twitter_card":"summary_large_image","twitter_misc":{"Estimation du temps de lecture":"1 minute"},"schema":{"@context":"https:\/\/schema.org","@graph":[{"@type":"WebPage","@id":"https:\/\/www.lecentrefranco.ca\/tactic\/equipe\/","url":"https:\/\/www.lecentrefranco.ca\/tactic\/equipe\/","name":"\u00c9quipe - L&#039;\u00e9quipe TacTIC","isPartOf":{"@id":"https:\/\/www.lecentrefranco.ca\/tactic\/#website"},"datePublished":"2018-07-19T17:47:13+00:00","dateModified":"2025-10-09T18:27:12+00:00","description":"L\u2019\u00e9quipe TacTIC est compos\u00e9e de repr\u00e9sentantes et de repr\u00e9sentants des conseils scolaires de langue fran\u00e7aise de l\u2019Ontario","breadcrumb":{"@id":"https:\/\/www.lecentrefranco.ca\/tactic\/equipe\/#breadcrumb"},"inLanguage":"fr-CA","potentialAction":[{"@type":"ReadAction","target":["https:\/\/www.lecentrefranco.ca\/tactic\/equipe\/"]}]},{"@type":"BreadcrumbList","@id":"https:\/\/www.lecentrefranco.ca\/tactic\/equipe\/#breadcrumb","itemListElement":[{"@type":"ListItem","position":1,"name":"Accueil","item":"https:\/\/www.lecentrefranco.ca\/tactic\/"},{"@type":"ListItem","position":2,"name":"\u00c9quipe"}]},{"@type":"WebSite","@id":"https:\/\/www.lecentrefranco.ca\/tactic\/#website","url":"https:\/\/www.lecentrefranco.ca\/tactic\/","name":"L&#039;\u00e9quipe TacTIC","description":"","potentialAction":[{"@type":"SearchAction","target":{"@type":"EntryPoint","urlTemplate":"https:\/\/www.lecentrefranco.ca\/tactic\/?s={search_term_string}"},"query-input":{"@type":"PropertyValueSpecification","valueRequired":true,"valueName":"search_term_string"}}],"inLanguage":"fr-CA"}]}},"_links":{"self":[{"href":"https:\/\/www.lecentrefranco.ca\/tactic\/wp-json\/wp\/v2\/pages\/47","targetHints":{"allow":["GET"]}}],"collection":[{"href":"https:\/\/www.lecentrefranco.ca\/tactic\/wp-json\/wp\/v2\/pages"}],"about":[{"href":"https:\/\/www.lecentrefranco.ca\/tactic\/wp-json\/wp\/v2\/types\/page"}],"author":[{"embeddable":true,"href":"https:\/\/www.lecentrefranco.ca\/tactic\/wp-json\/wp\/v2\/users\/4"}],"replies":[{"embeddable":true,"href":"https:\/\/www.lecentrefranco.ca\/tactic\/wp-json\/wp\/v2\/comments?post=47"}],"version-history":[{"count":0,"href":"https:\/\/www.lecentrefranco.ca\/tactic\/wp-json\/wp\/v2\/pages\/47\/revisions"}],"wp:attachment":[{"href":"https:\/\/www.lecentrefranco.ca\/tactic\/wp-json\/wp\/v2\/media?parent=47"}],"wp:term":[{"taxonomy":"folder","embeddable":true,"href":"https:\/\/www.lecentrefranco.ca\/tactic\/wp-json\/wp\/v2\/folder?post=47"}],"curies":[{"name":"wp","href":"https:\/\/api.w.org\/{rel}","templated":true}]}}