{"id":431,"date":"2018-10-10T17:49:38","date_gmt":"2018-10-10T17:49:38","guid":{"rendered":"http:\/\/www.cforp.ca\/dev-tactic\/?page_id=431"},"modified":"2018-10-18T13:47:56","modified_gmt":"2018-10-18T13:47:56","slug":"boite-a-outils-etudes-sociales","status":"publish","type":"page","link":"https:\/\/www.lecentrefranco.ca\/tactic\/ressources\/boite-a-outils-etudes-sociales\/","title":{"rendered":"Ma bo\u00eete \u00e0 outils en \u00e9tudes sociales"},"content":{"rendered":"","protected":false},"excerpt":{"rendered":"","protected":false},"author":4,"featured_media":446,"parent":123,"menu_order":0,"comment_status":"closed","ping_status":"closed","template":"page-fiche-ressource-bo.php","meta":{"_acf_changed":false,"footnotes":""},"folder":[],"class_list":["post-431","page","type-page","status-publish","has-post-thumbnail","hentry"],"acf":[],"yoast_head":"<!-- This site is optimized with the Yoast SEO plugin v27.3 - https:\/\/yoast.com\/product\/yoast-seo-wordpress\/ -->\n<title>Ma bo\u00eete \u00e0 outils en \u00e9tudes sociales - L&#039;\u00e9quipe TacTIC<\/title>\n<meta name=\"robots\" content=\"index, follow, max-snippet:-1, max-image-preview:large, max-video-preview:-1\" \/>\n<link rel=\"canonical\" href=\"https:\/\/www.lecentrefranco.ca\/tactic\/ressources\/boite-a-outils-etudes-sociales\/\" \/>\n<meta property=\"og:locale\" content=\"fr_CA\" \/>\n<meta property=\"og:type\" content=\"article\" \/>\n<meta property=\"og:title\" content=\"Ma bo\u00eete \u00e0 outils en \u00e9tudes sociales - L&#039;\u00e9quipe TacTIC\" \/>\n<meta property=\"og:url\" content=\"https:\/\/www.lecentrefranco.ca\/tactic\/ressources\/boite-a-outils-etudes-sociales\/\" \/>\n<meta property=\"og:site_name\" content=\"L&#039;\u00e9quipe TacTIC\" \/>\n<meta property=\"article:modified_time\" content=\"2018-10-18T13:47:56+00:00\" \/>\n<meta property=\"og:image\" content=\"https:\/\/www.lecentrefranco.ca\/tactic\/wp-content\/uploads\/sites\/14\/2018\/10\/affiche-ma-boite-a-outils.jpg\" \/>\n\t<meta property=\"og:image:width\" content=\"667\" \/>\n\t<meta property=\"og:image:height\" content=\"1000\" \/>\n\t<meta property=\"og:image:type\" content=\"image\/jpeg\" \/>\n<meta name=\"twitter:card\" content=\"summary_large_image\" \/>\n<script type=\"application\/ld+json\" class=\"yoast-schema-graph\">{\"@context\":\"https:\\\/\\\/schema.org\",\"@graph\":[{\"@type\":\"WebPage\",\"@id\":\"https:\\\/\\\/www.lecentrefranco.ca\\\/tactic\\\/ressources\\\/boite-a-outils-etudes-sociales\\\/\",\"url\":\"https:\\\/\\\/www.lecentrefranco.ca\\\/tactic\\\/ressources\\\/boite-a-outils-etudes-sociales\\\/\",\"name\":\"Ma bo\u00eete \u00e0 outils en \u00e9tudes sociales - L&#039;\u00e9quipe TacTIC\",\"isPartOf\":{\"@id\":\"https:\\\/\\\/www.lecentrefranco.ca\\\/tactic\\\/#website\"},\"primaryImageOfPage\":{\"@id\":\"https:\\\/\\\/www.lecentrefranco.ca\\\/tactic\\\/ressources\\\/boite-a-outils-etudes-sociales\\\/#primaryimage\"},\"image\":{\"@id\":\"https:\\\/\\\/www.lecentrefranco.ca\\\/tactic\\\/ressources\\\/boite-a-outils-etudes-sociales\\\/#primaryimage\"},\"thumbnailUrl\":\"https:\\\/\\\/www.lecentrefranco.ca\\\/tactic\\\/wp-content\\\/uploads\\\/sites\\\/14\\\/2018\\\/10\\\/affiche-ma-boite-a-outils.jpg\",\"datePublished\":\"2018-10-10T17:49:38+00:00\",\"dateModified\":\"2018-10-18T13:47:56+00:00\",\"breadcrumb\":{\"@id\":\"https:\\\/\\\/www.lecentrefranco.ca\\\/tactic\\\/ressources\\\/boite-a-outils-etudes-sociales\\\/#breadcrumb\"},\"inLanguage\":\"fr-CA\",\"potentialAction\":[{\"@type\":\"ReadAction\",\"target\":[\"https:\\\/\\\/www.lecentrefranco.ca\\\/tactic\\\/ressources\\\/boite-a-outils-etudes-sociales\\\/\"]}]},{\"@type\":\"ImageObject\",\"inLanguage\":\"fr-CA\",\"@id\":\"https:\\\/\\\/www.lecentrefranco.ca\\\/tactic\\\/ressources\\\/boite-a-outils-etudes-sociales\\\/#primaryimage\",\"url\":\"https:\\\/\\\/www.lecentrefranco.ca\\\/tactic\\\/wp-content\\\/uploads\\\/sites\\\/14\\\/2018\\\/10\\\/affiche-ma-boite-a-outils.jpg\",\"contentUrl\":\"https:\\\/\\\/www.lecentrefranco.ca\\\/tactic\\\/wp-content\\\/uploads\\\/sites\\\/14\\\/2018\\\/10\\\/affiche-ma-boite-a-outils.jpg\",\"width\":667,\"height\":1000,\"caption\":\"Affiche - Ma bo\u00eete \u00e0 outils en \u00c9tudes sociales\"},{\"@type\":\"BreadcrumbList\",\"@id\":\"https:\\\/\\\/www.lecentrefranco.ca\\\/tactic\\\/ressources\\\/boite-a-outils-etudes-sociales\\\/#breadcrumb\",\"itemListElement\":[{\"@type\":\"ListItem\",\"position\":1,\"name\":\"Accueil\",\"item\":\"https:\\\/\\\/www.lecentrefranco.ca\\\/tactic\\\/\"},{\"@type\":\"ListItem\",\"position\":2,\"name\":\"Ressources\",\"item\":\"https:\\\/\\\/www.lecentrefranco.ca\\\/tactic\\\/ressources\\\/\"},{\"@type\":\"ListItem\",\"position\":3,\"name\":\"Ma bo\u00eete \u00e0 outils en \u00e9tudes sociales\"}]},{\"@type\":\"WebSite\",\"@id\":\"https:\\\/\\\/www.lecentrefranco.ca\\\/tactic\\\/#website\",\"url\":\"https:\\\/\\\/www.lecentrefranco.ca\\\/tactic\\\/\",\"name\":\"L&#039;\u00e9quipe TacTIC\",\"description\":\"\",\"potentialAction\":[{\"@type\":\"SearchAction\",\"target\":{\"@type\":\"EntryPoint\",\"urlTemplate\":\"https:\\\/\\\/www.lecentrefranco.ca\\\/tactic\\\/?s={search_term_string}\"},\"query-input\":{\"@type\":\"PropertyValueSpecification\",\"valueRequired\":true,\"valueName\":\"search_term_string\"}}],\"inLanguage\":\"fr-CA\"}]}<\/script>\n<!-- \/ Yoast SEO plugin. -->","yoast_head_json":{"title":"Ma bo\u00eete \u00e0 outils en \u00e9tudes sociales - L&#039;\u00e9quipe TacTIC","robots":{"index":"index","follow":"follow","max-snippet":"max-snippet:-1","max-image-preview":"max-image-preview:large","max-video-preview":"max-video-preview:-1"},"canonical":"https:\/\/www.lecentrefranco.ca\/tactic\/ressources\/boite-a-outils-etudes-sociales\/","og_locale":"fr_CA","og_type":"article","og_title":"Ma bo\u00eete \u00e0 outils en \u00e9tudes sociales - L&#039;\u00e9quipe TacTIC","og_url":"https:\/\/www.lecentrefranco.ca\/tactic\/ressources\/boite-a-outils-etudes-sociales\/","og_site_name":"L&#039;\u00e9quipe TacTIC","article_modified_time":"2018-10-18T13:47:56+00:00","og_image":[{"width":667,"height":1000,"url":"https:\/\/www.lecentrefranco.ca\/tactic\/wp-content\/uploads\/sites\/14\/2018\/10\/affiche-ma-boite-a-outils.jpg","type":"image\/jpeg"}],"twitter_card":"summary_large_image","schema":{"@context":"https:\/\/schema.org","@graph":[{"@type":"WebPage","@id":"https:\/\/www.lecentrefranco.ca\/tactic\/ressources\/boite-a-outils-etudes-sociales\/","url":"https:\/\/www.lecentrefranco.ca\/tactic\/ressources\/boite-a-outils-etudes-sociales\/","name":"Ma bo\u00eete \u00e0 outils en \u00e9tudes sociales - L&#039;\u00e9quipe TacTIC","isPartOf":{"@id":"https:\/\/www.lecentrefranco.ca\/tactic\/#website"},"primaryImageOfPage":{"@id":"https:\/\/www.lecentrefranco.ca\/tactic\/ressources\/boite-a-outils-etudes-sociales\/#primaryimage"},"image":{"@id":"https:\/\/www.lecentrefranco.ca\/tactic\/ressources\/boite-a-outils-etudes-sociales\/#primaryimage"},"thumbnailUrl":"https:\/\/www.lecentrefranco.ca\/tactic\/wp-content\/uploads\/sites\/14\/2018\/10\/affiche-ma-boite-a-outils.jpg","datePublished":"2018-10-10T17:49:38+00:00","dateModified":"2018-10-18T13:47:56+00:00","breadcrumb":{"@id":"https:\/\/www.lecentrefranco.ca\/tactic\/ressources\/boite-a-outils-etudes-sociales\/#breadcrumb"},"inLanguage":"fr-CA","potentialAction":[{"@type":"ReadAction","target":["https:\/\/www.lecentrefranco.ca\/tactic\/ressources\/boite-a-outils-etudes-sociales\/"]}]},{"@type":"ImageObject","inLanguage":"fr-CA","@id":"https:\/\/www.lecentrefranco.ca\/tactic\/ressources\/boite-a-outils-etudes-sociales\/#primaryimage","url":"https:\/\/www.lecentrefranco.ca\/tactic\/wp-content\/uploads\/sites\/14\/2018\/10\/affiche-ma-boite-a-outils.jpg","contentUrl":"https:\/\/www.lecentrefranco.ca\/tactic\/wp-content\/uploads\/sites\/14\/2018\/10\/affiche-ma-boite-a-outils.jpg","width":667,"height":1000,"caption":"Affiche - Ma bo\u00eete \u00e0 outils en \u00c9tudes sociales"},{"@type":"BreadcrumbList","@id":"https:\/\/www.lecentrefranco.ca\/tactic\/ressources\/boite-a-outils-etudes-sociales\/#breadcrumb","itemListElement":[{"@type":"ListItem","position":1,"name":"Accueil","item":"https:\/\/www.lecentrefranco.ca\/tactic\/"},{"@type":"ListItem","position":2,"name":"Ressources","item":"https:\/\/www.lecentrefranco.ca\/tactic\/ressources\/"},{"@type":"ListItem","position":3,"name":"Ma bo\u00eete \u00e0 outils en \u00e9tudes sociales"}]},{"@type":"WebSite","@id":"https:\/\/www.lecentrefranco.ca\/tactic\/#website","url":"https:\/\/www.lecentrefranco.ca\/tactic\/","name":"L&#039;\u00e9quipe TacTIC","description":"","potentialAction":[{"@type":"SearchAction","target":{"@type":"EntryPoint","urlTemplate":"https:\/\/www.lecentrefranco.ca\/tactic\/?s={search_term_string}"},"query-input":{"@type":"PropertyValueSpecification","valueRequired":true,"valueName":"search_term_string"}}],"inLanguage":"fr-CA"}]}},"_links":{"self":[{"href":"https:\/\/www.lecentrefranco.ca\/tactic\/wp-json\/wp\/v2\/pages\/431","targetHints":{"allow":["GET"]}}],"collection":[{"href":"https:\/\/www.lecentrefranco.ca\/tactic\/wp-json\/wp\/v2\/pages"}],"about":[{"href":"https:\/\/www.lecentrefranco.ca\/tactic\/wp-json\/wp\/v2\/types\/page"}],"author":[{"embeddable":true,"href":"https:\/\/www.lecentrefranco.ca\/tactic\/wp-json\/wp\/v2\/users\/4"}],"replies":[{"embeddable":true,"href":"https:\/\/www.lecentrefranco.ca\/tactic\/wp-json\/wp\/v2\/comments?post=431"}],"version-history":[{"count":0,"href":"https:\/\/www.lecentrefranco.ca\/tactic\/wp-json\/wp\/v2\/pages\/431\/revisions"}],"up":[{"embeddable":true,"href":"https:\/\/www.lecentrefranco.ca\/tactic\/wp-json\/wp\/v2\/pages\/123"}],"wp:featuredmedia":[{"embeddable":true,"href":"https:\/\/www.lecentrefranco.ca\/tactic\/wp-json\/wp\/v2\/media\/446"}],"wp:attachment":[{"href":"https:\/\/www.lecentrefranco.ca\/tactic\/wp-json\/wp\/v2\/media?parent=431"}],"wp:term":[{"taxonomy":"folder","embeddable":true,"href":"https:\/\/www.lecentrefranco.ca\/tactic\/wp-json\/wp\/v2\/folder?post=431"}],"curies":[{"name":"wp","href":"https:\/\/api.w.org\/{rel}","templated":true}]}}