{"id":1247,"date":"2023-05-12T09:19:09","date_gmt":"2023-05-12T13:19:09","guid":{"rendered":"https:\/\/www.lecentrefranco.ca\/tactic\/?page_id=1247"},"modified":"2023-05-17T13:47:06","modified_gmt":"2023-05-17T17:47:06","slug":"le-monitorage-efficace","status":"publish","type":"page","link":"https:\/\/www.lecentrefranco.ca\/tactic\/le-monitorage-efficace\/","title":{"rendered":"Le monitorage efficace relatif \u00e0 l\u2019apprentissage des \u00e9l\u00e8ves"},"content":{"rendered":"","protected":false},"excerpt":{"rendered":"","protected":false},"author":4,"featured_media":0,"parent":0,"menu_order":2,"comment_status":"closed","ping_status":"closed","template":"page-monitorage.php","meta":{"_acf_changed":false,"footnotes":""},"folder":[],"class_list":["post-1247","page","type-page","status-publish","hentry"],"acf":[],"yoast_head":"<!-- This site is optimized with the Yoast SEO plugin v27.4 - https:\/\/yoast.com\/product\/yoast-seo-wordpress\/ -->\n<title>Le monitorage efficace relatif \u00e0 l\u2019apprentissage des \u00e9l\u00e8ves - L&#039;\u00e9quipe TacTIC<\/title>\n<meta name=\"robots\" content=\"index, follow, max-snippet:-1, max-image-preview:large, max-video-preview:-1\" \/>\n<link rel=\"canonical\" href=\"https:\/\/www.lecentrefranco.ca\/tactic\/le-monitorage-efficace\/\" \/>\n<meta property=\"og:locale\" content=\"fr_CA\" \/>\n<meta property=\"og:type\" content=\"article\" \/>\n<meta property=\"og:title\" content=\"Le monitorage efficace relatif \u00e0 l\u2019apprentissage des \u00e9l\u00e8ves - L&#039;\u00e9quipe TacTIC\" \/>\n<meta property=\"og:url\" content=\"https:\/\/www.lecentrefranco.ca\/tactic\/le-monitorage-efficace\/\" \/>\n<meta property=\"og:site_name\" content=\"L&#039;\u00e9quipe TacTIC\" \/>\n<meta property=\"article:modified_time\" content=\"2023-05-17T17:47:06+00:00\" \/>\n<meta property=\"og:image\" content=\"http:\/\/www.cforp.ca\/tactic\/wp-content\/uploads\/sites\/14\/2019\/02\/og-tactic-general.jpg\" \/>\n<meta name=\"twitter:card\" content=\"summary_large_image\" \/>\n<script type=\"application\/ld+json\" class=\"yoast-schema-graph\">{\"@context\":\"https:\\\/\\\/schema.org\",\"@graph\":[{\"@type\":\"WebPage\",\"@id\":\"https:\\\/\\\/www.lecentrefranco.ca\\\/tactic\\\/le-monitorage-efficace\\\/\",\"url\":\"https:\\\/\\\/www.lecentrefranco.ca\\\/tactic\\\/le-monitorage-efficace\\\/\",\"name\":\"Le monitorage efficace relatif \u00e0 l\u2019apprentissage des \u00e9l\u00e8ves - L&#039;\u00e9quipe TacTIC\",\"isPartOf\":{\"@id\":\"https:\\\/\\\/www.lecentrefranco.ca\\\/tactic\\\/#website\"},\"datePublished\":\"2023-05-12T13:19:09+00:00\",\"dateModified\":\"2023-05-17T17:47:06+00:00\",\"breadcrumb\":{\"@id\":\"https:\\\/\\\/www.lecentrefranco.ca\\\/tactic\\\/le-monitorage-efficace\\\/#breadcrumb\"},\"inLanguage\":\"fr-CA\",\"potentialAction\":[{\"@type\":\"ReadAction\",\"target\":[\"https:\\\/\\\/www.lecentrefranco.ca\\\/tactic\\\/le-monitorage-efficace\\\/\"]}]},{\"@type\":\"BreadcrumbList\",\"@id\":\"https:\\\/\\\/www.lecentrefranco.ca\\\/tactic\\\/le-monitorage-efficace\\\/#breadcrumb\",\"itemListElement\":[{\"@type\":\"ListItem\",\"position\":1,\"name\":\"Accueil\",\"item\":\"https:\\\/\\\/www.lecentrefranco.ca\\\/tactic\\\/\"},{\"@type\":\"ListItem\",\"position\":2,\"name\":\"Le monitorage efficace relatif \u00e0 l\u2019apprentissage des \u00e9l\u00e8ves\"}]},{\"@type\":\"WebSite\",\"@id\":\"https:\\\/\\\/www.lecentrefranco.ca\\\/tactic\\\/#website\",\"url\":\"https:\\\/\\\/www.lecentrefranco.ca\\\/tactic\\\/\",\"name\":\"L&#039;\u00e9quipe TacTIC\",\"description\":\"\",\"potentialAction\":[{\"@type\":\"SearchAction\",\"target\":{\"@type\":\"EntryPoint\",\"urlTemplate\":\"https:\\\/\\\/www.lecentrefranco.ca\\\/tactic\\\/?s={search_term_string}\"},\"query-input\":{\"@type\":\"PropertyValueSpecification\",\"valueRequired\":true,\"valueName\":\"search_term_string\"}}],\"inLanguage\":\"fr-CA\"}]}<\/script>\n<!-- \/ Yoast SEO plugin. -->","yoast_head_json":{"title":"Le monitorage efficace relatif \u00e0 l\u2019apprentissage des \u00e9l\u00e8ves - L&#039;\u00e9quipe TacTIC","robots":{"index":"index","follow":"follow","max-snippet":"max-snippet:-1","max-image-preview":"max-image-preview:large","max-video-preview":"max-video-preview:-1"},"canonical":"https:\/\/www.lecentrefranco.ca\/tactic\/le-monitorage-efficace\/","og_locale":"fr_CA","og_type":"article","og_title":"Le monitorage efficace relatif \u00e0 l\u2019apprentissage des \u00e9l\u00e8ves - L&#039;\u00e9quipe TacTIC","og_url":"https:\/\/www.lecentrefranco.ca\/tactic\/le-monitorage-efficace\/","og_site_name":"L&#039;\u00e9quipe TacTIC","article_modified_time":"2023-05-17T17:47:06+00:00","og_image":[{"url":"http:\/\/www.cforp.ca\/tactic\/wp-content\/uploads\/sites\/14\/2019\/02\/og-tactic-general.jpg","type":"","width":"","height":""}],"twitter_card":"summary_large_image","schema":{"@context":"https:\/\/schema.org","@graph":[{"@type":"WebPage","@id":"https:\/\/www.lecentrefranco.ca\/tactic\/le-monitorage-efficace\/","url":"https:\/\/www.lecentrefranco.ca\/tactic\/le-monitorage-efficace\/","name":"Le monitorage efficace relatif \u00e0 l\u2019apprentissage des \u00e9l\u00e8ves - L&#039;\u00e9quipe TacTIC","isPartOf":{"@id":"https:\/\/www.lecentrefranco.ca\/tactic\/#website"},"datePublished":"2023-05-12T13:19:09+00:00","dateModified":"2023-05-17T17:47:06+00:00","breadcrumb":{"@id":"https:\/\/www.lecentrefranco.ca\/tactic\/le-monitorage-efficace\/#breadcrumb"},"inLanguage":"fr-CA","potentialAction":[{"@type":"ReadAction","target":["https:\/\/www.lecentrefranco.ca\/tactic\/le-monitorage-efficace\/"]}]},{"@type":"BreadcrumbList","@id":"https:\/\/www.lecentrefranco.ca\/tactic\/le-monitorage-efficace\/#breadcrumb","itemListElement":[{"@type":"ListItem","position":1,"name":"Accueil","item":"https:\/\/www.lecentrefranco.ca\/tactic\/"},{"@type":"ListItem","position":2,"name":"Le monitorage efficace relatif \u00e0 l\u2019apprentissage des \u00e9l\u00e8ves"}]},{"@type":"WebSite","@id":"https:\/\/www.lecentrefranco.ca\/tactic\/#website","url":"https:\/\/www.lecentrefranco.ca\/tactic\/","name":"L&#039;\u00e9quipe TacTIC","description":"","potentialAction":[{"@type":"SearchAction","target":{"@type":"EntryPoint","urlTemplate":"https:\/\/www.lecentrefranco.ca\/tactic\/?s={search_term_string}"},"query-input":{"@type":"PropertyValueSpecification","valueRequired":true,"valueName":"search_term_string"}}],"inLanguage":"fr-CA"}]}},"_links":{"self":[{"href":"https:\/\/www.lecentrefranco.ca\/tactic\/wp-json\/wp\/v2\/pages\/1247","targetHints":{"allow":["GET"]}}],"collection":[{"href":"https:\/\/www.lecentrefranco.ca\/tactic\/wp-json\/wp\/v2\/pages"}],"about":[{"href":"https:\/\/www.lecentrefranco.ca\/tactic\/wp-json\/wp\/v2\/types\/page"}],"author":[{"embeddable":true,"href":"https:\/\/www.lecentrefranco.ca\/tactic\/wp-json\/wp\/v2\/users\/4"}],"replies":[{"embeddable":true,"href":"https:\/\/www.lecentrefranco.ca\/tactic\/wp-json\/wp\/v2\/comments?post=1247"}],"version-history":[{"count":0,"href":"https:\/\/www.lecentrefranco.ca\/tactic\/wp-json\/wp\/v2\/pages\/1247\/revisions"}],"wp:attachment":[{"href":"https:\/\/www.lecentrefranco.ca\/tactic\/wp-json\/wp\/v2\/media?parent=1247"}],"wp:term":[{"taxonomy":"folder","embeddable":true,"href":"https:\/\/www.lecentrefranco.ca\/tactic\/wp-json\/wp\/v2\/folder?post=1247"}],"curies":[{"name":"wp","href":"https:\/\/api.w.org\/{rel}","templated":true}]}}