{"id":123,"date":"2018-10-04T14:47:12","date_gmt":"2018-10-04T14:47:12","guid":{"rendered":"http:\/\/www.cforp.ca\/dev-tactic\/?page_id=123"},"modified":"2026-03-17T14:36:43","modified_gmt":"2026-03-17T18:36:43","slug":"ressources","status":"publish","type":"page","link":"https:\/\/www.lecentrefranco.ca\/tactic\/ressources\/","title":{"rendered":"Ressources"},"content":{"rendered":"","protected":false},"excerpt":{"rendered":"","protected":false},"author":4,"featured_media":0,"parent":0,"menu_order":2,"comment_status":"closed","ping_status":"closed","template":"page-ressources.php","meta":{"_acf_changed":false,"footnotes":""},"folder":[],"class_list":["post-123","page","type-page","status-publish","hentry"],"acf":[],"yoast_head":"<!-- This site is optimized with the Yoast SEO plugin v27.5 - https:\/\/yoast.com\/product\/yoast-seo-wordpress\/ -->\n<title>Ressources - L&#039;\u00e9quipe TacTIC<\/title>\n<meta name=\"description\" content=\"L\u2019\u00e9quipe TacTIC produit des ressources qui sont ici mises \u00e0 votre disposition. L\u2019\u00e9quipe vous propose aussi des liens externes \u00e0 des ressources. Toutes ces ressources visent \u00e0 appuyer la communaut\u00e9 scolaire dans la red\u00e9finition des r\u00f4les du personnel enseignant et de l\u2019\u00e9l\u00e8ve pour la r\u00e9ussite et le bien-\u00eatre des \u00e9l\u00e8ves.\" \/>\n<meta name=\"robots\" content=\"index, follow, max-snippet:-1, max-image-preview:large, max-video-preview:-1\" \/>\n<link rel=\"canonical\" href=\"https:\/\/www.lecentrefranco.ca\/tactic\/ressources\/\" \/>\n<meta property=\"og:locale\" content=\"fr_CA\" \/>\n<meta property=\"og:type\" content=\"article\" \/>\n<meta property=\"og:title\" content=\"Ressources - L&#039;\u00e9quipe TacTIC\" \/>\n<meta property=\"og:description\" content=\"L\u2019\u00e9quipe TacTIC produit des ressources qui sont ici mises \u00e0 votre disposition. L\u2019\u00e9quipe vous propose aussi des liens externes \u00e0 des ressources. Toutes ces ressources visent \u00e0 appuyer la communaut\u00e9 scolaire dans la red\u00e9finition des r\u00f4les du personnel enseignant et de l\u2019\u00e9l\u00e8ve pour la r\u00e9ussite et le bien-\u00eatre des \u00e9l\u00e8ves.\" \/>\n<meta property=\"og:url\" content=\"https:\/\/www.lecentrefranco.ca\/tactic\/ressources\/\" \/>\n<meta property=\"og:site_name\" content=\"L&#039;\u00e9quipe TacTIC\" \/>\n<meta property=\"article:modified_time\" content=\"2026-03-17T18:36:43+00:00\" \/>\n<meta property=\"og:image\" content=\"http:\/\/www.cforp.ca\/tactic\/wp-content\/uploads\/sites\/14\/2019\/02\/og-tactic-general.jpg\" \/>\n<meta name=\"twitter:card\" content=\"summary_large_image\" \/>\n<script type=\"application\/ld+json\" class=\"yoast-schema-graph\">{\"@context\":\"https:\\\/\\\/schema.org\",\"@graph\":[{\"@type\":\"WebPage\",\"@id\":\"https:\\\/\\\/www.lecentrefranco.ca\\\/tactic\\\/ressources\\\/\",\"url\":\"https:\\\/\\\/www.lecentrefranco.ca\\\/tactic\\\/ressources\\\/\",\"name\":\"Ressources - L&#039;\u00e9quipe TacTIC\",\"isPartOf\":{\"@id\":\"https:\\\/\\\/www.lecentrefranco.ca\\\/tactic\\\/#website\"},\"datePublished\":\"2018-10-04T14:47:12+00:00\",\"dateModified\":\"2026-03-17T18:36:43+00:00\",\"description\":\"L\u2019\u00e9quipe TacTIC produit des ressources qui sont ici mises \u00e0 votre disposition. L\u2019\u00e9quipe vous propose aussi des liens externes \u00e0 des ressources. Toutes ces ressources visent \u00e0 appuyer la communaut\u00e9 scolaire dans la red\u00e9finition des r\u00f4les du personnel enseignant et de l\u2019\u00e9l\u00e8ve pour la r\u00e9ussite et le bien-\u00eatre des \u00e9l\u00e8ves.\",\"breadcrumb\":{\"@id\":\"https:\\\/\\\/www.lecentrefranco.ca\\\/tactic\\\/ressources\\\/#breadcrumb\"},\"inLanguage\":\"fr-CA\",\"potentialAction\":[{\"@type\":\"ReadAction\",\"target\":[\"https:\\\/\\\/www.lecentrefranco.ca\\\/tactic\\\/ressources\\\/\"]}]},{\"@type\":\"BreadcrumbList\",\"@id\":\"https:\\\/\\\/www.lecentrefranco.ca\\\/tactic\\\/ressources\\\/#breadcrumb\",\"itemListElement\":[{\"@type\":\"ListItem\",\"position\":1,\"name\":\"Accueil\",\"item\":\"https:\\\/\\\/www.lecentrefranco.ca\\\/tactic\\\/\"},{\"@type\":\"ListItem\",\"position\":2,\"name\":\"Ressources\"}]},{\"@type\":\"WebSite\",\"@id\":\"https:\\\/\\\/www.lecentrefranco.ca\\\/tactic\\\/#website\",\"url\":\"https:\\\/\\\/www.lecentrefranco.ca\\\/tactic\\\/\",\"name\":\"L&#039;\u00e9quipe TacTIC\",\"description\":\"\",\"potentialAction\":[{\"@type\":\"SearchAction\",\"target\":{\"@type\":\"EntryPoint\",\"urlTemplate\":\"https:\\\/\\\/www.lecentrefranco.ca\\\/tactic\\\/?s={search_term_string}\"},\"query-input\":{\"@type\":\"PropertyValueSpecification\",\"valueRequired\":true,\"valueName\":\"search_term_string\"}}],\"inLanguage\":\"fr-CA\"}]}<\/script>\n<!-- \/ Yoast SEO plugin. -->","yoast_head_json":{"title":"Ressources - L&#039;\u00e9quipe TacTIC","description":"L\u2019\u00e9quipe TacTIC produit des ressources qui sont ici mises \u00e0 votre disposition. L\u2019\u00e9quipe vous propose aussi des liens externes \u00e0 des ressources. Toutes ces ressources visent \u00e0 appuyer la communaut\u00e9 scolaire dans la red\u00e9finition des r\u00f4les du personnel enseignant et de l\u2019\u00e9l\u00e8ve pour la r\u00e9ussite et le bien-\u00eatre des \u00e9l\u00e8ves.","robots":{"index":"index","follow":"follow","max-snippet":"max-snippet:-1","max-image-preview":"max-image-preview:large","max-video-preview":"max-video-preview:-1"},"canonical":"https:\/\/www.lecentrefranco.ca\/tactic\/ressources\/","og_locale":"fr_CA","og_type":"article","og_title":"Ressources - L&#039;\u00e9quipe TacTIC","og_description":"L\u2019\u00e9quipe TacTIC produit des ressources qui sont ici mises \u00e0 votre disposition. L\u2019\u00e9quipe vous propose aussi des liens externes \u00e0 des ressources. Toutes ces ressources visent \u00e0 appuyer la communaut\u00e9 scolaire dans la red\u00e9finition des r\u00f4les du personnel enseignant et de l\u2019\u00e9l\u00e8ve pour la r\u00e9ussite et le bien-\u00eatre des \u00e9l\u00e8ves.","og_url":"https:\/\/www.lecentrefranco.ca\/tactic\/ressources\/","og_site_name":"L&#039;\u00e9quipe TacTIC","article_modified_time":"2026-03-17T18:36:43+00:00","og_image":[{"url":"http:\/\/www.cforp.ca\/tactic\/wp-content\/uploads\/sites\/14\/2019\/02\/og-tactic-general.jpg","type":"","width":"","height":""}],"twitter_card":"summary_large_image","schema":{"@context":"https:\/\/schema.org","@graph":[{"@type":"WebPage","@id":"https:\/\/www.lecentrefranco.ca\/tactic\/ressources\/","url":"https:\/\/www.lecentrefranco.ca\/tactic\/ressources\/","name":"Ressources - L&#039;\u00e9quipe TacTIC","isPartOf":{"@id":"https:\/\/www.lecentrefranco.ca\/tactic\/#website"},"datePublished":"2018-10-04T14:47:12+00:00","dateModified":"2026-03-17T18:36:43+00:00","description":"L\u2019\u00e9quipe TacTIC produit des ressources qui sont ici mises \u00e0 votre disposition. L\u2019\u00e9quipe vous propose aussi des liens externes \u00e0 des ressources. Toutes ces ressources visent \u00e0 appuyer la communaut\u00e9 scolaire dans la red\u00e9finition des r\u00f4les du personnel enseignant et de l\u2019\u00e9l\u00e8ve pour la r\u00e9ussite et le bien-\u00eatre des \u00e9l\u00e8ves.","breadcrumb":{"@id":"https:\/\/www.lecentrefranco.ca\/tactic\/ressources\/#breadcrumb"},"inLanguage":"fr-CA","potentialAction":[{"@type":"ReadAction","target":["https:\/\/www.lecentrefranco.ca\/tactic\/ressources\/"]}]},{"@type":"BreadcrumbList","@id":"https:\/\/www.lecentrefranco.ca\/tactic\/ressources\/#breadcrumb","itemListElement":[{"@type":"ListItem","position":1,"name":"Accueil","item":"https:\/\/www.lecentrefranco.ca\/tactic\/"},{"@type":"ListItem","position":2,"name":"Ressources"}]},{"@type":"WebSite","@id":"https:\/\/www.lecentrefranco.ca\/tactic\/#website","url":"https:\/\/www.lecentrefranco.ca\/tactic\/","name":"L&#039;\u00e9quipe TacTIC","description":"","potentialAction":[{"@type":"SearchAction","target":{"@type":"EntryPoint","urlTemplate":"https:\/\/www.lecentrefranco.ca\/tactic\/?s={search_term_string}"},"query-input":{"@type":"PropertyValueSpecification","valueRequired":true,"valueName":"search_term_string"}}],"inLanguage":"fr-CA"}]}},"_links":{"self":[{"href":"https:\/\/www.lecentrefranco.ca\/tactic\/wp-json\/wp\/v2\/pages\/123","targetHints":{"allow":["GET"]}}],"collection":[{"href":"https:\/\/www.lecentrefranco.ca\/tactic\/wp-json\/wp\/v2\/pages"}],"about":[{"href":"https:\/\/www.lecentrefranco.ca\/tactic\/wp-json\/wp\/v2\/types\/page"}],"author":[{"embeddable":true,"href":"https:\/\/www.lecentrefranco.ca\/tactic\/wp-json\/wp\/v2\/users\/4"}],"replies":[{"embeddable":true,"href":"https:\/\/www.lecentrefranco.ca\/tactic\/wp-json\/wp\/v2\/comments?post=123"}],"version-history":[{"count":0,"href":"https:\/\/www.lecentrefranco.ca\/tactic\/wp-json\/wp\/v2\/pages\/123\/revisions"}],"wp:attachment":[{"href":"https:\/\/www.lecentrefranco.ca\/tactic\/wp-json\/wp\/v2\/media?parent=123"}],"wp:term":[{"taxonomy":"folder","embeddable":true,"href":"https:\/\/www.lecentrefranco.ca\/tactic\/wp-json\/wp\/v2\/folder?post=123"}],"curies":[{"name":"wp","href":"https:\/\/api.w.org\/{rel}","templated":true}]}}