{"id":1968,"date":"2025-05-27T14:40:35","date_gmt":"2025-05-27T14:40:35","guid":{"rendered":"https:\/\/www.lecentrefranco.ca\/les-instituts-du-centre-franco\/?page_id=1968"},"modified":"2025-09-16T14:11:49","modified_gmt":"2025-09-16T14:11:49","slug":"60-minutes-chrono","status":"publish","type":"page","link":"https:\/\/www.lecentrefranco.ca\/les-instituts-du-centre-franco\/ete-2025\/60-minutes-chrono\/","title":{"rendered":"60 minutes chrono"},"content":{"rendered":"","protected":false},"excerpt":{"rendered":"","protected":false},"author":4,"featured_media":2024,"parent":1955,"menu_order":0,"comment_status":"closed","ping_status":"closed","template":"page-ie25-60-min-chrono.php","meta":{"_acf_changed":false,"footnotes":""},"class_list":["post-1968","page","type-page","status-publish","has-post-thumbnail","hentry"],"acf":[],"yoast_head":"<!-- This site is optimized with the Yoast SEO plugin v27.6 - https:\/\/yoast.com\/product\/yoast-seo-wordpress\/ -->\n<title>60 minutes chrono - Les Instituts du Centre franco<\/title>\n<meta name=\"description\" content=\"Bienvenue dans 60 minutes chrono, notre nouvelle s\u00e9rie de formations dynamiques et concr\u00e8tes qui, en une heure seulement, vous proposeront des outils pr\u00eats \u00e0 utiliser et des id\u00e9es inspirantes \u00e0 int\u00e9grer en salle de classe.\" \/>\n<meta name=\"robots\" content=\"index, follow, max-snippet:-1, max-image-preview:large, max-video-preview:-1\" \/>\n<link rel=\"canonical\" href=\"https:\/\/www.lecentrefranco.ca\/les-instituts-du-centre-franco\/ete-2025\/60-minutes-chrono\/\" \/>\n<meta property=\"og:locale\" content=\"fr_CA\" \/>\n<meta property=\"og:type\" content=\"article\" \/>\n<meta property=\"og:title\" content=\"60 minutes chrono - Les Instituts du Centre franco\" \/>\n<meta property=\"og:description\" content=\"Bienvenue dans 60 minutes chrono, notre nouvelle s\u00e9rie de formations dynamiques et concr\u00e8tes qui, en une heure seulement, vous proposeront des outils pr\u00eats \u00e0 utiliser et des id\u00e9es inspirantes \u00e0 int\u00e9grer en salle de classe.\" \/>\n<meta property=\"og:url\" content=\"https:\/\/www.lecentrefranco.ca\/les-instituts-du-centre-franco\/ete-2025\/60-minutes-chrono\/\" \/>\n<meta property=\"og:site_name\" content=\"Les Instituts du Centre franco\" \/>\n<meta property=\"article:modified_time\" content=\"2025-09-16T14:11:49+00:00\" \/>\n<meta property=\"og:image\" content=\"http:\/\/www.lecentrefranco.ca\/les-instituts-du-centre-franco\/wp-content\/uploads\/sites\/19\/2025\/05\/vms-ie25-base.webp\" \/>\n\t<meta property=\"og:image:width\" content=\"1200\" \/>\n\t<meta property=\"og:image:height\" content=\"630\" \/>\n\t<meta property=\"og:image:type\" content=\"image\/webp\" \/>\n<meta name=\"twitter:card\" content=\"summary_large_image\" \/>\n<meta name=\"twitter:title\" content=\"Bienvenue aux Instituts d\u2019\u00e9t\u00e9 2025\" \/>\n<meta name=\"twitter:image\" content=\"https:\/\/www.lecentrefranco.ca\/les-instituts-du-centre-franco\/wp-content\/uploads\/sites\/19\/2025\/05\/vms-ie25-base2.webp\" \/>\n<meta name=\"twitter:label1\" content=\"Estimation du temps de lecture\" \/>\n\t<meta name=\"twitter:data1\" content=\"1 minute\" \/>\n<script type=\"application\/ld+json\" class=\"yoast-schema-graph\">{\"@context\":\"https:\\\/\\\/schema.org\",\"@graph\":[{\"@type\":\"WebPage\",\"@id\":\"https:\\\/\\\/www.lecentrefranco.ca\\\/les-instituts-du-centre-franco\\\/ete-2025\\\/60-minutes-chrono\\\/\",\"url\":\"https:\\\/\\\/www.lecentrefranco.ca\\\/les-instituts-du-centre-franco\\\/ete-2025\\\/60-minutes-chrono\\\/\",\"name\":\"60 minutes chrono - Les Instituts du Centre franco\",\"isPartOf\":{\"@id\":\"https:\\\/\\\/www.lecentrefranco.ca\\\/les-instituts-du-centre-franco\\\/#website\"},\"primaryImageOfPage\":{\"@id\":\"https:\\\/\\\/www.lecentrefranco.ca\\\/les-instituts-du-centre-franco\\\/ete-2025\\\/60-minutes-chrono\\\/#primaryimage\"},\"image\":{\"@id\":\"https:\\\/\\\/www.lecentrefranco.ca\\\/les-instituts-du-centre-franco\\\/ete-2025\\\/60-minutes-chrono\\\/#primaryimage\"},\"thumbnailUrl\":\"https:\\\/\\\/www.lecentrefranco.ca\\\/les-instituts-du-centre-franco\\\/wp-content\\\/uploads\\\/sites\\\/19\\\/2025\\\/05\\\/vignettes-60-min-chrono.webp\",\"datePublished\":\"2025-05-27T14:40:35+00:00\",\"dateModified\":\"2025-09-16T14:11:49+00:00\",\"description\":\"Bienvenue dans 60 minutes chrono, notre nouvelle s\u00e9rie de formations dynamiques et concr\u00e8tes qui, en une heure seulement, vous proposeront des outils pr\u00eats \u00e0 utiliser et des id\u00e9es inspirantes \u00e0 int\u00e9grer en salle de classe.\",\"breadcrumb\":{\"@id\":\"https:\\\/\\\/www.lecentrefranco.ca\\\/les-instituts-du-centre-franco\\\/ete-2025\\\/60-minutes-chrono\\\/#breadcrumb\"},\"inLanguage\":\"fr-CA\",\"potentialAction\":[{\"@type\":\"ReadAction\",\"target\":[\"https:\\\/\\\/www.lecentrefranco.ca\\\/les-instituts-du-centre-franco\\\/ete-2025\\\/60-minutes-chrono\\\/\"]}]},{\"@type\":\"ImageObject\",\"inLanguage\":\"fr-CA\",\"@id\":\"https:\\\/\\\/www.lecentrefranco.ca\\\/les-instituts-du-centre-franco\\\/ete-2025\\\/60-minutes-chrono\\\/#primaryimage\",\"url\":\"https:\\\/\\\/www.lecentrefranco.ca\\\/les-instituts-du-centre-franco\\\/wp-content\\\/uploads\\\/sites\\\/19\\\/2025\\\/05\\\/vignettes-60-min-chrono.webp\",\"contentUrl\":\"https:\\\/\\\/www.lecentrefranco.ca\\\/les-instituts-du-centre-franco\\\/wp-content\\\/uploads\\\/sites\\\/19\\\/2025\\\/05\\\/vignettes-60-min-chrono.webp\",\"width\":480,\"height\":480},{\"@type\":\"BreadcrumbList\",\"@id\":\"https:\\\/\\\/www.lecentrefranco.ca\\\/les-instituts-du-centre-franco\\\/ete-2025\\\/60-minutes-chrono\\\/#breadcrumb\",\"itemListElement\":[{\"@type\":\"ListItem\",\"position\":1,\"name\":\"Accueil\",\"item\":\"https:\\\/\\\/www.lecentrefranco.ca\\\/les-instituts-du-centre-franco\\\/\"},{\"@type\":\"ListItem\",\"position\":2,\"name\":\"Les Instituts d&rsquo;\u00e9t\u00e9 2025\",\"item\":\"https:\\\/\\\/www.lecentrefranco.ca\\\/les-instituts-du-centre-franco\\\/ete-2025\\\/\"},{\"@type\":\"ListItem\",\"position\":3,\"name\":\"60 minutes chrono\"}]},{\"@type\":\"WebSite\",\"@id\":\"https:\\\/\\\/www.lecentrefranco.ca\\\/les-instituts-du-centre-franco\\\/#website\",\"url\":\"https:\\\/\\\/www.lecentrefranco.ca\\\/les-instituts-du-centre-franco\\\/\",\"name\":\"Les Instituts du Centre franco\",\"description\":\"Un site utilisant Site Web du LCF\",\"publisher\":{\"@id\":\"https:\\\/\\\/www.lecentrefranco.ca\\\/les-instituts-du-centre-franco\\\/#organization\"},\"potentialAction\":[{\"@type\":\"SearchAction\",\"target\":{\"@type\":\"EntryPoint\",\"urlTemplate\":\"https:\\\/\\\/www.lecentrefranco.ca\\\/les-instituts-du-centre-franco\\\/?s={search_term_string}\"},\"query-input\":{\"@type\":\"PropertyValueSpecification\",\"valueRequired\":true,\"valueName\":\"search_term_string\"}}],\"inLanguage\":\"fr-CA\"},{\"@type\":\"Organization\",\"@id\":\"https:\\\/\\\/www.lecentrefranco.ca\\\/les-instituts-du-centre-franco\\\/#organization\",\"name\":\"Les Instituts du Centre franco\",\"url\":\"https:\\\/\\\/www.lecentrefranco.ca\\\/les-instituts-du-centre-franco\\\/\",\"logo\":{\"@type\":\"ImageObject\",\"inLanguage\":\"fr-CA\",\"@id\":\"https:\\\/\\\/www.lecentrefranco.ca\\\/les-instituts-du-centre-franco\\\/#\\\/schema\\\/logo\\\/image\\\/\",\"url\":\"https:\\\/\\\/www.lecentrefranco.ca\\\/les-instituts-du-centre-franco\\\/wp-content\\\/uploads\\\/sites\\\/19\\\/2021\\\/10\\\/vms-idcf-gen-.jpg\",\"contentUrl\":\"https:\\\/\\\/www.lecentrefranco.ca\\\/les-instituts-du-centre-franco\\\/wp-content\\\/uploads\\\/sites\\\/19\\\/2021\\\/10\\\/vms-idcf-gen-.jpg\",\"width\":1200,\"height\":630,\"caption\":\"Les Instituts du Centre franco\"},\"image\":{\"@id\":\"https:\\\/\\\/www.lecentrefranco.ca\\\/les-instituts-du-centre-franco\\\/#\\\/schema\\\/logo\\\/image\\\/\"}}]}<\/script>\n<!-- \/ Yoast SEO plugin. -->","yoast_head_json":{"title":"60 minutes chrono - Les Instituts du Centre franco","description":"Bienvenue dans 60 minutes chrono, notre nouvelle s\u00e9rie de formations dynamiques et concr\u00e8tes qui, en une heure seulement, vous proposeront des outils pr\u00eats \u00e0 utiliser et des id\u00e9es inspirantes \u00e0 int\u00e9grer en salle de classe.","robots":{"index":"index","follow":"follow","max-snippet":"max-snippet:-1","max-image-preview":"max-image-preview:large","max-video-preview":"max-video-preview:-1"},"canonical":"https:\/\/www.lecentrefranco.ca\/les-instituts-du-centre-franco\/ete-2025\/60-minutes-chrono\/","og_locale":"fr_CA","og_type":"article","og_title":"60 minutes chrono - Les Instituts du Centre franco","og_description":"Bienvenue dans 60 minutes chrono, notre nouvelle s\u00e9rie de formations dynamiques et concr\u00e8tes qui, en une heure seulement, vous proposeront des outils pr\u00eats \u00e0 utiliser et des id\u00e9es inspirantes \u00e0 int\u00e9grer en salle de classe.","og_url":"https:\/\/www.lecentrefranco.ca\/les-instituts-du-centre-franco\/ete-2025\/60-minutes-chrono\/","og_site_name":"Les Instituts du Centre franco","article_modified_time":"2025-09-16T14:11:49+00:00","og_image":[{"width":1200,"height":630,"url":"http:\/\/www.lecentrefranco.ca\/les-instituts-du-centre-franco\/wp-content\/uploads\/sites\/19\/2025\/05\/vms-ie25-base.webp","type":"image\/webp"}],"twitter_card":"summary_large_image","twitter_title":"Bienvenue aux Instituts d\u2019\u00e9t\u00e9 2025","twitter_image":"https:\/\/www.lecentrefranco.ca\/les-instituts-du-centre-franco\/wp-content\/uploads\/sites\/19\/2025\/05\/vms-ie25-base2.webp","twitter_misc":{"Estimation du temps de lecture":"1 minute"},"schema":{"@context":"https:\/\/schema.org","@graph":[{"@type":"WebPage","@id":"https:\/\/www.lecentrefranco.ca\/les-instituts-du-centre-franco\/ete-2025\/60-minutes-chrono\/","url":"https:\/\/www.lecentrefranco.ca\/les-instituts-du-centre-franco\/ete-2025\/60-minutes-chrono\/","name":"60 minutes chrono - Les Instituts du Centre franco","isPartOf":{"@id":"https:\/\/www.lecentrefranco.ca\/les-instituts-du-centre-franco\/#website"},"primaryImageOfPage":{"@id":"https:\/\/www.lecentrefranco.ca\/les-instituts-du-centre-franco\/ete-2025\/60-minutes-chrono\/#primaryimage"},"image":{"@id":"https:\/\/www.lecentrefranco.ca\/les-instituts-du-centre-franco\/ete-2025\/60-minutes-chrono\/#primaryimage"},"thumbnailUrl":"https:\/\/www.lecentrefranco.ca\/les-instituts-du-centre-franco\/wp-content\/uploads\/sites\/19\/2025\/05\/vignettes-60-min-chrono.webp","datePublished":"2025-05-27T14:40:35+00:00","dateModified":"2025-09-16T14:11:49+00:00","description":"Bienvenue dans 60 minutes chrono, notre nouvelle s\u00e9rie de formations dynamiques et concr\u00e8tes qui, en une heure seulement, vous proposeront des outils pr\u00eats \u00e0 utiliser et des id\u00e9es inspirantes \u00e0 int\u00e9grer en salle de classe.","breadcrumb":{"@id":"https:\/\/www.lecentrefranco.ca\/les-instituts-du-centre-franco\/ete-2025\/60-minutes-chrono\/#breadcrumb"},"inLanguage":"fr-CA","potentialAction":[{"@type":"ReadAction","target":["https:\/\/www.lecentrefranco.ca\/les-instituts-du-centre-franco\/ete-2025\/60-minutes-chrono\/"]}]},{"@type":"ImageObject","inLanguage":"fr-CA","@id":"https:\/\/www.lecentrefranco.ca\/les-instituts-du-centre-franco\/ete-2025\/60-minutes-chrono\/#primaryimage","url":"https:\/\/www.lecentrefranco.ca\/les-instituts-du-centre-franco\/wp-content\/uploads\/sites\/19\/2025\/05\/vignettes-60-min-chrono.webp","contentUrl":"https:\/\/www.lecentrefranco.ca\/les-instituts-du-centre-franco\/wp-content\/uploads\/sites\/19\/2025\/05\/vignettes-60-min-chrono.webp","width":480,"height":480},{"@type":"BreadcrumbList","@id":"https:\/\/www.lecentrefranco.ca\/les-instituts-du-centre-franco\/ete-2025\/60-minutes-chrono\/#breadcrumb","itemListElement":[{"@type":"ListItem","position":1,"name":"Accueil","item":"https:\/\/www.lecentrefranco.ca\/les-instituts-du-centre-franco\/"},{"@type":"ListItem","position":2,"name":"Les Instituts d&rsquo;\u00e9t\u00e9 2025","item":"https:\/\/www.lecentrefranco.ca\/les-instituts-du-centre-franco\/ete-2025\/"},{"@type":"ListItem","position":3,"name":"60 minutes chrono"}]},{"@type":"WebSite","@id":"https:\/\/www.lecentrefranco.ca\/les-instituts-du-centre-franco\/#website","url":"https:\/\/www.lecentrefranco.ca\/les-instituts-du-centre-franco\/","name":"Les Instituts du Centre franco","description":"Un site utilisant Site Web du LCF","publisher":{"@id":"https:\/\/www.lecentrefranco.ca\/les-instituts-du-centre-franco\/#organization"},"potentialAction":[{"@type":"SearchAction","target":{"@type":"EntryPoint","urlTemplate":"https:\/\/www.lecentrefranco.ca\/les-instituts-du-centre-franco\/?s={search_term_string}"},"query-input":{"@type":"PropertyValueSpecification","valueRequired":true,"valueName":"search_term_string"}}],"inLanguage":"fr-CA"},{"@type":"Organization","@id":"https:\/\/www.lecentrefranco.ca\/les-instituts-du-centre-franco\/#organization","name":"Les Instituts du Centre franco","url":"https:\/\/www.lecentrefranco.ca\/les-instituts-du-centre-franco\/","logo":{"@type":"ImageObject","inLanguage":"fr-CA","@id":"https:\/\/www.lecentrefranco.ca\/les-instituts-du-centre-franco\/#\/schema\/logo\/image\/","url":"https:\/\/www.lecentrefranco.ca\/les-instituts-du-centre-franco\/wp-content\/uploads\/sites\/19\/2021\/10\/vms-idcf-gen-.jpg","contentUrl":"https:\/\/www.lecentrefranco.ca\/les-instituts-du-centre-franco\/wp-content\/uploads\/sites\/19\/2021\/10\/vms-idcf-gen-.jpg","width":1200,"height":630,"caption":"Les Instituts du Centre franco"},"image":{"@id":"https:\/\/www.lecentrefranco.ca\/les-instituts-du-centre-franco\/#\/schema\/logo\/image\/"}}]}},"_links":{"self":[{"href":"https:\/\/www.lecentrefranco.ca\/les-instituts-du-centre-franco\/wp-json\/wp\/v2\/pages\/1968","targetHints":{"allow":["GET"]}}],"collection":[{"href":"https:\/\/www.lecentrefranco.ca\/les-instituts-du-centre-franco\/wp-json\/wp\/v2\/pages"}],"about":[{"href":"https:\/\/www.lecentrefranco.ca\/les-instituts-du-centre-franco\/wp-json\/wp\/v2\/types\/page"}],"author":[{"embeddable":true,"href":"https:\/\/www.lecentrefranco.ca\/les-instituts-du-centre-franco\/wp-json\/wp\/v2\/users\/4"}],"replies":[{"embeddable":true,"href":"https:\/\/www.lecentrefranco.ca\/les-instituts-du-centre-franco\/wp-json\/wp\/v2\/comments?post=1968"}],"version-history":[{"count":0,"href":"https:\/\/www.lecentrefranco.ca\/les-instituts-du-centre-franco\/wp-json\/wp\/v2\/pages\/1968\/revisions"}],"up":[{"embeddable":true,"href":"https:\/\/www.lecentrefranco.ca\/les-instituts-du-centre-franco\/wp-json\/wp\/v2\/pages\/1955"}],"wp:featuredmedia":[{"embeddable":true,"href":"https:\/\/www.lecentrefranco.ca\/les-instituts-du-centre-franco\/wp-json\/wp\/v2\/media\/2024"}],"wp:attachment":[{"href":"https:\/\/www.lecentrefranco.ca\/les-instituts-du-centre-franco\/wp-json\/wp\/v2\/media?parent=1968"}],"curies":[{"name":"wp","href":"https:\/\/api.w.org\/{rel}","templated":true}]}}