{"id":1289,"date":"2023-10-19T18:06:12","date_gmt":"2023-10-19T18:06:12","guid":{"rendered":"https:\/\/www.lecentrefranco.ca\/les-instituts-du-centre-franco\/?page_id=1289"},"modified":"2025-03-20T13:45:55","modified_gmt":"2025-03-20T13:45:55","slug":"balados","status":"publish","type":"page","link":"https:\/\/www.lecentrefranco.ca\/les-instituts-du-centre-franco\/les-instituts-24-24\/balados\/","title":{"rendered":"Les balados du Centre franco"},"content":{"rendered":"<p>Les Instituts 24\/24 offrent au personnel enseignant un acc\u00e8s continu \u00e0 des conversations p\u00e9dagogiques (balados) que proposent des passionn\u00e9es et des passionn\u00e9s de p\u00e9dagogie. Ces conversations visent \u00e0 soutenir le d\u00e9veloppement professionnel des enseignantes et des enseignants en favorisant l\u2019\u00e9change d\u2019id\u00e9es, la r\u00e9flexion et l\u2019am\u00e9lioration de leurs pratiques p\u00e9dagogiques relativement \u00e0 des sujets d\u2019actualit\u00e9.<\/p>\n","protected":false},"excerpt":{"rendered":"<p>Les Instituts 24\/24 offrent au personnel enseignant un acc\u00e8s continu \u00e0 des conversations p\u00e9dagogiques (balados) que proposent des passionn\u00e9es et des passionn\u00e9s de p\u00e9dagogie. Ces conversations visent \u00e0 soutenir le d\u00e9veloppement professionnel des enseignantes et des enseignants en favorisant l\u2019\u00e9change d\u2019id\u00e9es, la r\u00e9flexion et l\u2019am\u00e9lioration de leurs pratiques p\u00e9dagogiques relativement \u00e0 des sujets d\u2019actualit\u00e9.<\/p>\n","protected":false},"author":4,"featured_media":1124,"parent":1288,"menu_order":0,"comment_status":"closed","ping_status":"closed","template":"page-24-24-con-ped.php","meta":{"_acf_changed":false,"footnotes":""},"class_list":["post-1289","page","type-page","status-publish","has-post-thumbnail","hentry"],"acf":[],"yoast_head":"<!-- This site is optimized with the Yoast SEO plugin v27.6 - https:\/\/yoast.com\/product\/yoast-seo-wordpress\/ -->\n<title>Les balados du Centre franco - Les Instituts du Centre franco<\/title>\n<meta name=\"description\" content=\"Conversations p\u00e9dagogiques\" \/>\n<meta name=\"robots\" content=\"index, follow, max-snippet:-1, max-image-preview:large, max-video-preview:-1\" \/>\n<link rel=\"canonical\" href=\"https:\/\/www.lecentrefranco.ca\/les-instituts-du-centre-franco\/les-instituts-24-24\/balados\/\" \/>\n<meta property=\"og:locale\" content=\"fr_CA\" \/>\n<meta property=\"og:type\" content=\"article\" \/>\n<meta property=\"og:title\" content=\"Les balados du Centre franco - Les Instituts du Centre franco\" \/>\n<meta property=\"og:description\" content=\"Conversations p\u00e9dagogiques\" \/>\n<meta property=\"og:url\" content=\"https:\/\/www.lecentrefranco.ca\/les-instituts-du-centre-franco\/les-instituts-24-24\/balados\/\" \/>\n<meta property=\"og:site_name\" content=\"Les Instituts du Centre franco\" \/>\n<meta property=\"article:modified_time\" content=\"2025-03-20T13:45:55+00:00\" \/>\n<meta property=\"og:image\" content=\"http:\/\/www.lecentrefranco.ca\/les-instituts-du-centre-franco\/wp-content\/uploads\/sites\/19\/2023\/06\/vignette-conversation-ped.jpg\" \/>\n\t<meta property=\"og:image:width\" content=\"480\" \/>\n\t<meta property=\"og:image:height\" content=\"480\" \/>\n\t<meta property=\"og:image:type\" content=\"image\/jpeg\" \/>\n<meta name=\"twitter:card\" content=\"summary_large_image\" \/>\n<meta name=\"twitter:label1\" content=\"Estimation du temps de lecture\" \/>\n\t<meta name=\"twitter:data1\" content=\"1 minute\" \/>\n<script type=\"application\/ld+json\" class=\"yoast-schema-graph\">{\"@context\":\"https:\\\/\\\/schema.org\",\"@graph\":[{\"@type\":\"WebPage\",\"@id\":\"https:\\\/\\\/www.lecentrefranco.ca\\\/les-instituts-du-centre-franco\\\/les-instituts-24-24\\\/balados\\\/\",\"url\":\"https:\\\/\\\/www.lecentrefranco.ca\\\/les-instituts-du-centre-franco\\\/les-instituts-24-24\\\/balados\\\/\",\"name\":\"Les balados du Centre franco - Les Instituts du Centre franco\",\"isPartOf\":{\"@id\":\"https:\\\/\\\/www.lecentrefranco.ca\\\/les-instituts-du-centre-franco\\\/#website\"},\"primaryImageOfPage\":{\"@id\":\"https:\\\/\\\/www.lecentrefranco.ca\\\/les-instituts-du-centre-franco\\\/les-instituts-24-24\\\/balados\\\/#primaryimage\"},\"image\":{\"@id\":\"https:\\\/\\\/www.lecentrefranco.ca\\\/les-instituts-du-centre-franco\\\/les-instituts-24-24\\\/balados\\\/#primaryimage\"},\"thumbnailUrl\":\"https:\\\/\\\/www.lecentrefranco.ca\\\/les-instituts-du-centre-franco\\\/wp-content\\\/uploads\\\/sites\\\/19\\\/2023\\\/06\\\/vignette-conversation-ped.jpg\",\"datePublished\":\"2023-10-19T18:06:12+00:00\",\"dateModified\":\"2025-03-20T13:45:55+00:00\",\"description\":\"Conversations p\u00e9dagogiques\",\"breadcrumb\":{\"@id\":\"https:\\\/\\\/www.lecentrefranco.ca\\\/les-instituts-du-centre-franco\\\/les-instituts-24-24\\\/balados\\\/#breadcrumb\"},\"inLanguage\":\"fr-CA\",\"potentialAction\":[{\"@type\":\"ReadAction\",\"target\":[\"https:\\\/\\\/www.lecentrefranco.ca\\\/les-instituts-du-centre-franco\\\/les-instituts-24-24\\\/balados\\\/\"]}]},{\"@type\":\"ImageObject\",\"inLanguage\":\"fr-CA\",\"@id\":\"https:\\\/\\\/www.lecentrefranco.ca\\\/les-instituts-du-centre-franco\\\/les-instituts-24-24\\\/balados\\\/#primaryimage\",\"url\":\"https:\\\/\\\/www.lecentrefranco.ca\\\/les-instituts-du-centre-franco\\\/wp-content\\\/uploads\\\/sites\\\/19\\\/2023\\\/06\\\/vignette-conversation-ped.jpg\",\"contentUrl\":\"https:\\\/\\\/www.lecentrefranco.ca\\\/les-instituts-du-centre-franco\\\/wp-content\\\/uploads\\\/sites\\\/19\\\/2023\\\/06\\\/vignette-conversation-ped.jpg\",\"width\":480,\"height\":480},{\"@type\":\"BreadcrumbList\",\"@id\":\"https:\\\/\\\/www.lecentrefranco.ca\\\/les-instituts-du-centre-franco\\\/les-instituts-24-24\\\/balados\\\/#breadcrumb\",\"itemListElement\":[{\"@type\":\"ListItem\",\"position\":1,\"name\":\"Accueil\",\"item\":\"https:\\\/\\\/www.lecentrefranco.ca\\\/les-instituts-du-centre-franco\\\/\"},{\"@type\":\"ListItem\",\"position\":2,\"name\":\"Les Instituts 24\\\/24\",\"item\":\"https:\\\/\\\/www.lecentrefranco.ca\\\/les-instituts-du-centre-franco\\\/les-instituts-24-24\\\/\"},{\"@type\":\"ListItem\",\"position\":3,\"name\":\"Les balados du Centre franco\"}]},{\"@type\":\"WebSite\",\"@id\":\"https:\\\/\\\/www.lecentrefranco.ca\\\/les-instituts-du-centre-franco\\\/#website\",\"url\":\"https:\\\/\\\/www.lecentrefranco.ca\\\/les-instituts-du-centre-franco\\\/\",\"name\":\"Les Instituts du Centre franco\",\"description\":\"Un site utilisant Site Web du LCF\",\"publisher\":{\"@id\":\"https:\\\/\\\/www.lecentrefranco.ca\\\/les-instituts-du-centre-franco\\\/#organization\"},\"potentialAction\":[{\"@type\":\"SearchAction\",\"target\":{\"@type\":\"EntryPoint\",\"urlTemplate\":\"https:\\\/\\\/www.lecentrefranco.ca\\\/les-instituts-du-centre-franco\\\/?s={search_term_string}\"},\"query-input\":{\"@type\":\"PropertyValueSpecification\",\"valueRequired\":true,\"valueName\":\"search_term_string\"}}],\"inLanguage\":\"fr-CA\"},{\"@type\":\"Organization\",\"@id\":\"https:\\\/\\\/www.lecentrefranco.ca\\\/les-instituts-du-centre-franco\\\/#organization\",\"name\":\"Les Instituts du Centre franco\",\"url\":\"https:\\\/\\\/www.lecentrefranco.ca\\\/les-instituts-du-centre-franco\\\/\",\"logo\":{\"@type\":\"ImageObject\",\"inLanguage\":\"fr-CA\",\"@id\":\"https:\\\/\\\/www.lecentrefranco.ca\\\/les-instituts-du-centre-franco\\\/#\\\/schema\\\/logo\\\/image\\\/\",\"url\":\"https:\\\/\\\/www.lecentrefranco.ca\\\/les-instituts-du-centre-franco\\\/wp-content\\\/uploads\\\/sites\\\/19\\\/2021\\\/10\\\/vms-idcf-gen-.jpg\",\"contentUrl\":\"https:\\\/\\\/www.lecentrefranco.ca\\\/les-instituts-du-centre-franco\\\/wp-content\\\/uploads\\\/sites\\\/19\\\/2021\\\/10\\\/vms-idcf-gen-.jpg\",\"width\":1200,\"height\":630,\"caption\":\"Les Instituts du Centre franco\"},\"image\":{\"@id\":\"https:\\\/\\\/www.lecentrefranco.ca\\\/les-instituts-du-centre-franco\\\/#\\\/schema\\\/logo\\\/image\\\/\"}}]}<\/script>\n<!-- \/ Yoast SEO plugin. -->","yoast_head_json":{"title":"Les balados du Centre franco - Les Instituts du Centre franco","description":"Conversations p\u00e9dagogiques","robots":{"index":"index","follow":"follow","max-snippet":"max-snippet:-1","max-image-preview":"max-image-preview:large","max-video-preview":"max-video-preview:-1"},"canonical":"https:\/\/www.lecentrefranco.ca\/les-instituts-du-centre-franco\/les-instituts-24-24\/balados\/","og_locale":"fr_CA","og_type":"article","og_title":"Les balados du Centre franco - Les Instituts du Centre franco","og_description":"Conversations p\u00e9dagogiques","og_url":"https:\/\/www.lecentrefranco.ca\/les-instituts-du-centre-franco\/les-instituts-24-24\/balados\/","og_site_name":"Les Instituts du Centre franco","article_modified_time":"2025-03-20T13:45:55+00:00","og_image":[{"width":480,"height":480,"url":"http:\/\/www.lecentrefranco.ca\/les-instituts-du-centre-franco\/wp-content\/uploads\/sites\/19\/2023\/06\/vignette-conversation-ped.jpg","type":"image\/jpeg"}],"twitter_card":"summary_large_image","twitter_misc":{"Estimation du temps de lecture":"1 minute"},"schema":{"@context":"https:\/\/schema.org","@graph":[{"@type":"WebPage","@id":"https:\/\/www.lecentrefranco.ca\/les-instituts-du-centre-franco\/les-instituts-24-24\/balados\/","url":"https:\/\/www.lecentrefranco.ca\/les-instituts-du-centre-franco\/les-instituts-24-24\/balados\/","name":"Les balados du Centre franco - Les Instituts du Centre franco","isPartOf":{"@id":"https:\/\/www.lecentrefranco.ca\/les-instituts-du-centre-franco\/#website"},"primaryImageOfPage":{"@id":"https:\/\/www.lecentrefranco.ca\/les-instituts-du-centre-franco\/les-instituts-24-24\/balados\/#primaryimage"},"image":{"@id":"https:\/\/www.lecentrefranco.ca\/les-instituts-du-centre-franco\/les-instituts-24-24\/balados\/#primaryimage"},"thumbnailUrl":"https:\/\/www.lecentrefranco.ca\/les-instituts-du-centre-franco\/wp-content\/uploads\/sites\/19\/2023\/06\/vignette-conversation-ped.jpg","datePublished":"2023-10-19T18:06:12+00:00","dateModified":"2025-03-20T13:45:55+00:00","description":"Conversations p\u00e9dagogiques","breadcrumb":{"@id":"https:\/\/www.lecentrefranco.ca\/les-instituts-du-centre-franco\/les-instituts-24-24\/balados\/#breadcrumb"},"inLanguage":"fr-CA","potentialAction":[{"@type":"ReadAction","target":["https:\/\/www.lecentrefranco.ca\/les-instituts-du-centre-franco\/les-instituts-24-24\/balados\/"]}]},{"@type":"ImageObject","inLanguage":"fr-CA","@id":"https:\/\/www.lecentrefranco.ca\/les-instituts-du-centre-franco\/les-instituts-24-24\/balados\/#primaryimage","url":"https:\/\/www.lecentrefranco.ca\/les-instituts-du-centre-franco\/wp-content\/uploads\/sites\/19\/2023\/06\/vignette-conversation-ped.jpg","contentUrl":"https:\/\/www.lecentrefranco.ca\/les-instituts-du-centre-franco\/wp-content\/uploads\/sites\/19\/2023\/06\/vignette-conversation-ped.jpg","width":480,"height":480},{"@type":"BreadcrumbList","@id":"https:\/\/www.lecentrefranco.ca\/les-instituts-du-centre-franco\/les-instituts-24-24\/balados\/#breadcrumb","itemListElement":[{"@type":"ListItem","position":1,"name":"Accueil","item":"https:\/\/www.lecentrefranco.ca\/les-instituts-du-centre-franco\/"},{"@type":"ListItem","position":2,"name":"Les Instituts 24\/24","item":"https:\/\/www.lecentrefranco.ca\/les-instituts-du-centre-franco\/les-instituts-24-24\/"},{"@type":"ListItem","position":3,"name":"Les balados du Centre franco"}]},{"@type":"WebSite","@id":"https:\/\/www.lecentrefranco.ca\/les-instituts-du-centre-franco\/#website","url":"https:\/\/www.lecentrefranco.ca\/les-instituts-du-centre-franco\/","name":"Les Instituts du Centre franco","description":"Un site utilisant Site Web du LCF","publisher":{"@id":"https:\/\/www.lecentrefranco.ca\/les-instituts-du-centre-franco\/#organization"},"potentialAction":[{"@type":"SearchAction","target":{"@type":"EntryPoint","urlTemplate":"https:\/\/www.lecentrefranco.ca\/les-instituts-du-centre-franco\/?s={search_term_string}"},"query-input":{"@type":"PropertyValueSpecification","valueRequired":true,"valueName":"search_term_string"}}],"inLanguage":"fr-CA"},{"@type":"Organization","@id":"https:\/\/www.lecentrefranco.ca\/les-instituts-du-centre-franco\/#organization","name":"Les Instituts du Centre franco","url":"https:\/\/www.lecentrefranco.ca\/les-instituts-du-centre-franco\/","logo":{"@type":"ImageObject","inLanguage":"fr-CA","@id":"https:\/\/www.lecentrefranco.ca\/les-instituts-du-centre-franco\/#\/schema\/logo\/image\/","url":"https:\/\/www.lecentrefranco.ca\/les-instituts-du-centre-franco\/wp-content\/uploads\/sites\/19\/2021\/10\/vms-idcf-gen-.jpg","contentUrl":"https:\/\/www.lecentrefranco.ca\/les-instituts-du-centre-franco\/wp-content\/uploads\/sites\/19\/2021\/10\/vms-idcf-gen-.jpg","width":1200,"height":630,"caption":"Les Instituts du Centre franco"},"image":{"@id":"https:\/\/www.lecentrefranco.ca\/les-instituts-du-centre-franco\/#\/schema\/logo\/image\/"}}]}},"_links":{"self":[{"href":"https:\/\/www.lecentrefranco.ca\/les-instituts-du-centre-franco\/wp-json\/wp\/v2\/pages\/1289","targetHints":{"allow":["GET"]}}],"collection":[{"href":"https:\/\/www.lecentrefranco.ca\/les-instituts-du-centre-franco\/wp-json\/wp\/v2\/pages"}],"about":[{"href":"https:\/\/www.lecentrefranco.ca\/les-instituts-du-centre-franco\/wp-json\/wp\/v2\/types\/page"}],"author":[{"embeddable":true,"href":"https:\/\/www.lecentrefranco.ca\/les-instituts-du-centre-franco\/wp-json\/wp\/v2\/users\/4"}],"replies":[{"embeddable":true,"href":"https:\/\/www.lecentrefranco.ca\/les-instituts-du-centre-franco\/wp-json\/wp\/v2\/comments?post=1289"}],"version-history":[{"count":0,"href":"https:\/\/www.lecentrefranco.ca\/les-instituts-du-centre-franco\/wp-json\/wp\/v2\/pages\/1289\/revisions"}],"up":[{"embeddable":true,"href":"https:\/\/www.lecentrefranco.ca\/les-instituts-du-centre-franco\/wp-json\/wp\/v2\/pages\/1288"}],"wp:featuredmedia":[{"embeddable":true,"href":"https:\/\/www.lecentrefranco.ca\/les-instituts-du-centre-franco\/wp-json\/wp\/v2\/media\/1124"}],"wp:attachment":[{"href":"https:\/\/www.lecentrefranco.ca\/les-instituts-du-centre-franco\/wp-json\/wp\/v2\/media?parent=1289"}],"curies":[{"name":"wp","href":"https:\/\/api.w.org\/{rel}","templated":true}]}}