









{"id":166,"date":"2014-07-24T13:25:26","date_gmt":"2014-07-24T12:25:26","guid":{"rendered":"http:\/\/cforp2.wpengine.com\/la-boussole\/?page_id=166"},"modified":"2016-05-26T12:59:25","modified_gmt":"2016-05-26T11:59:25","slug":"portfolio-scolaire-et-professionnel","status":"publish","type":"page","link":"https:\/\/www.lecentrefranco.ca\/la-boussole\/portfolio-scolaire-et-professionnel\/","title":{"rendered":"Portfolio scolaire et professionnel"},"content":{"rendered":"<!-- noformat on -->\r\n<h1 class=\"entry-title xtra-margin-top\">Portfolio scolaire et professionnel<\/h1>\r\n<div class=\"row\">\r\n<div class=\"large-3 small-12 columns\" ><a href=\"http:\/\/www.librairieducentre.com\/Product.aspx?id=105367\" target=\"_blank\"><img decoding=\"async\" src=\"http:\/\/cforp2.wpengine.com\/la-boussolewp-content\/uploads\/sites\/4\/2014\/07\/portfolio.jpg\" alt=\"Portfolio scolaire et professionnel\"  \/><\/a><\/div>\r\n<div class=\"large-9 small-12 columns\">\r\n<p>La boussole te propose de d\u00e9velopper ton portfolio scolaire et professionnel.<\/p>\r\n\r\n<h2>Qu\u2019est-ce qu\u2019un portfolio scolaire et professionnel?<\/h2>\r\n\r\n<p>Le portfolio est un dossier personnel dans lequel tu rassembles diff&eacute;rents &eacute;chantillons de tes travaux et de documents vari&eacute;s qui illustrent les progr\u00e8s que tu as r\u00e9alis\u00e9s &agrave; l\u2019&eacute;cole, &agrave; la maison et dans la communaut&eacute;. Ce document t\u2019aidera &agrave; mieux te conna&icirc;tre et te pr&eacute;parera &agrave; prendre de bonnes d&eacute;cisions, aujourd\u2019hui, et tout le long de ta vie.<\/p>\r\n \r\n<h2>Cela  vaut-il la peine de d&eacute;velopper et de tenir &agrave; jour un portfolio?<\/h2>\r\n<ul>\r\n  <li> Ce dossier t\u2019aidera &agrave; avoir une image  plus claire de qui tu es, c\u2019est-&agrave;-dire, tes champs d\u2019int&eacute;r&ecirc;t, tes talents, tes d&eacute;sirs, etc.<\/li>\r\n<li>Il te permettra de r&eacute;fl&eacute;chir sur toi-m&ecirc;me et t\u2019encouragera &agrave; t\u2019am&eacute;liorer.<\/li>\r\n  <li>Ton portfolio est un portrait de toi et t\u2019aidera s\u00fbrement &agrave; augmenter ton estime personnelle.<\/li>\r\n  <li>Tu pourras identifier les comp&eacute;tences que tu as d&eacute;j&agrave; et celles que tu dois d&eacute;velopper davantage.<\/li>\r\n <li>Tu seras en mesure de prendre de meilleures d&eacute;cisions dans tous les aspects de ta vie : les cours &agrave; choisir d\u2019une ann&eacute;e &agrave; l\u2019autre, les activit&eacute;s auxquelles tu veux participer, ce que tu feras &agrave; la fin de tes &eacute;tudes, etc.<\/li>\r\n<li>Tu apprendras l\u2019importance de d&eacute;velopper un portfolio pendant toute ta vie, car tu vas continuer d\u2019accumuler des exp&eacute;riences, tu vas continuellement acqu&eacute;rir de nouvelles connaissances et tes futurs employeurs te le demanderont sans doute.<\/li>\r\n<\/ul>\r\n\r\n<br>\r\n<p>Aussi, si tu veux obtenir  un type de portfolio qu&rsquo;a d\u00e9velopp\u00e9 le CFORP pour les \u00e9coles de langue  fran\u00e7aise de l&rsquo;Ontario, clique sur le lien suivant&nbsp;: <a href=\"http:\/\/www.librairieducentre.com\/Product.aspx?id=105367\" target=\"_blank\">Librairie du Centre<\/a>.<\/p>\r\n<\/div>\r\n<\/div>\r\n<br>\r\n<!-- noformat off -->","protected":false},"excerpt":{"rendered":"La boussole te propose de d\u00e9velopper ton portfolio scolaire et professionnel. Qu\u2019est-ce qu\u2019un portfolio scolaire et professionnel? Le portfolio est un dossier personnel dans lequel tu rassembles diff&eacute;rents &eacute;chantillons de tes travaux et de documents vari&eacute;s qui illustrent les progr\u00e8s que tu as r\u00e9alis\u00e9s &agrave; l\u2019&eacute;cole, &agrave; la maison et dans la communaut&eacute;. Ce document [&hellip;]","protected":false},"author":4,"featured_media":0,"parent":0,"menu_order":0,"comment_status":"open","ping_status":"closed","template":"","meta":{"_acf_changed":false,"footnotes":""},"class_list":["post-166","page","type-page","status-publish","hentry"],"acf":[],"yoast_head":"<!-- This site is optimized with the Yoast SEO plugin v27.4 - https:\/\/yoast.com\/product\/yoast-seo-wordpress\/ -->\n<title>Portfolio scolaire et professionnel - La boussole<\/title>\n<meta name=\"robots\" content=\"index, follow, max-snippet:-1, max-image-preview:large, max-video-preview:-1\" \/>\n<link rel=\"canonical\" href=\"https:\/\/www.lecentrefranco.ca\/la-boussole\/portfolio-scolaire-et-professionnel\/\" \/>\n<meta property=\"og:locale\" content=\"fr_FR\" \/>\n<meta property=\"og:type\" content=\"article\" \/>\n<meta property=\"og:title\" content=\"Portfolio scolaire et professionnel - La boussole\" \/>\n<meta property=\"og:description\" content=\"La boussole te propose de d\u00e9velopper ton portfolio scolaire et professionnel. Qu\u2019est-ce qu\u2019un portfolio scolaire et professionnel? Le portfolio est un dossier personnel dans lequel tu rassembles diff&eacute;rents &eacute;chantillons de tes travaux et de documents vari&eacute;s qui illustrent les progr\u00e8s que tu as r\u00e9alis\u00e9s &agrave; l\u2019&eacute;cole, &agrave; la maison et dans la communaut&eacute;. Ce document [&hellip;]\" \/>\n<meta property=\"og:url\" content=\"https:\/\/www.lecentrefranco.ca\/la-boussole\/portfolio-scolaire-et-professionnel\/\" \/>\n<meta property=\"og:site_name\" content=\"La boussole\" \/>\n<meta property=\"article:modified_time\" content=\"2016-05-26T11:59:25+00:00\" \/>\n<meta property=\"og:image\" content=\"http:\/\/cforp2.wpengine.com\/la-boussolewp-content\/uploads\/sites\/4\/2014\/07\/portfolio.jpg\" \/>\n<meta name=\"twitter:card\" content=\"summary_large_image\" \/>\n<meta name=\"twitter:label1\" content=\"Est. reading time\" \/>\n\t<meta name=\"twitter:data1\" content=\"2 minutes\" \/>\n<script type=\"application\/ld+json\" class=\"yoast-schema-graph\">{\"@context\":\"https:\\\/\\\/schema.org\",\"@graph\":[{\"@type\":\"WebPage\",\"@id\":\"https:\\\/\\\/www.lecentrefranco.ca\\\/la-boussole\\\/portfolio-scolaire-et-professionnel\\\/\",\"url\":\"https:\\\/\\\/www.lecentrefranco.ca\\\/la-boussole\\\/portfolio-scolaire-et-professionnel\\\/\",\"name\":\"Portfolio scolaire et professionnel - La boussole\",\"isPartOf\":{\"@id\":\"https:\\\/\\\/www.lecentrefranco.ca\\\/la-boussole\\\/#website\"},\"primaryImageOfPage\":{\"@id\":\"https:\\\/\\\/www.lecentrefranco.ca\\\/la-boussole\\\/portfolio-scolaire-et-professionnel\\\/#primaryimage\"},\"image\":{\"@id\":\"https:\\\/\\\/www.lecentrefranco.ca\\\/la-boussole\\\/portfolio-scolaire-et-professionnel\\\/#primaryimage\"},\"thumbnailUrl\":\"http:\\\/\\\/cforp2.wpengine.com\\\/la-boussolewp-content\\\/uploads\\\/sites\\\/4\\\/2014\\\/07\\\/portfolio.jpg\",\"datePublished\":\"2014-07-24T12:25:26+00:00\",\"dateModified\":\"2016-05-26T11:59:25+00:00\",\"breadcrumb\":{\"@id\":\"https:\\\/\\\/www.lecentrefranco.ca\\\/la-boussole\\\/portfolio-scolaire-et-professionnel\\\/#breadcrumb\"},\"inLanguage\":\"fr-FR\",\"potentialAction\":[{\"@type\":\"ReadAction\",\"target\":[\"https:\\\/\\\/www.lecentrefranco.ca\\\/la-boussole\\\/portfolio-scolaire-et-professionnel\\\/\"]}]},{\"@type\":\"ImageObject\",\"inLanguage\":\"fr-FR\",\"@id\":\"https:\\\/\\\/www.lecentrefranco.ca\\\/la-boussole\\\/portfolio-scolaire-et-professionnel\\\/#primaryimage\",\"url\":\"http:\\\/\\\/cforp2.wpengine.com\\\/la-boussolewp-content\\\/uploads\\\/sites\\\/4\\\/2014\\\/07\\\/portfolio.jpg\",\"contentUrl\":\"http:\\\/\\\/cforp2.wpengine.com\\\/la-boussolewp-content\\\/uploads\\\/sites\\\/4\\\/2014\\\/07\\\/portfolio.jpg\"},{\"@type\":\"BreadcrumbList\",\"@id\":\"https:\\\/\\\/www.lecentrefranco.ca\\\/la-boussole\\\/portfolio-scolaire-et-professionnel\\\/#breadcrumb\",\"itemListElement\":[{\"@type\":\"ListItem\",\"position\":1,\"name\":\"Home\",\"item\":\"https:\\\/\\\/www.lecentrefranco.ca\\\/la-boussole\\\/\"},{\"@type\":\"ListItem\",\"position\":2,\"name\":\"Portfolio scolaire et professionnel\"}]},{\"@type\":\"WebSite\",\"@id\":\"https:\\\/\\\/www.lecentrefranco.ca\\\/la-boussole\\\/#website\",\"url\":\"https:\\\/\\\/www.lecentrefranco.ca\\\/la-boussole\\\/\",\"name\":\"La boussole\",\"description\":\"Un site utilisant Sites du CFORP\",\"potentialAction\":[{\"@type\":\"SearchAction\",\"target\":{\"@type\":\"EntryPoint\",\"urlTemplate\":\"https:\\\/\\\/www.lecentrefranco.ca\\\/la-boussole\\\/?s={search_term_string}\"},\"query-input\":{\"@type\":\"PropertyValueSpecification\",\"valueRequired\":true,\"valueName\":\"search_term_string\"}}],\"inLanguage\":\"fr-FR\"}]}<\/script>\n<!-- \/ Yoast SEO plugin. -->","yoast_head_json":{"title":"Portfolio scolaire et professionnel - La boussole","robots":{"index":"index","follow":"follow","max-snippet":"max-snippet:-1","max-image-preview":"max-image-preview:large","max-video-preview":"max-video-preview:-1"},"canonical":"https:\/\/www.lecentrefranco.ca\/la-boussole\/portfolio-scolaire-et-professionnel\/","og_locale":"fr_FR","og_type":"article","og_title":"Portfolio scolaire et professionnel - La boussole","og_description":"La boussole te propose de d\u00e9velopper ton portfolio scolaire et professionnel. Qu\u2019est-ce qu\u2019un portfolio scolaire et professionnel? Le portfolio est un dossier personnel dans lequel tu rassembles diff&eacute;rents &eacute;chantillons de tes travaux et de documents vari&eacute;s qui illustrent les progr\u00e8s que tu as r\u00e9alis\u00e9s &agrave; l\u2019&eacute;cole, &agrave; la maison et dans la communaut&eacute;. Ce document [&hellip;]","og_url":"https:\/\/www.lecentrefranco.ca\/la-boussole\/portfolio-scolaire-et-professionnel\/","og_site_name":"La boussole","article_modified_time":"2016-05-26T11:59:25+00:00","og_image":[{"url":"http:\/\/cforp2.wpengine.com\/la-boussolewp-content\/uploads\/sites\/4\/2014\/07\/portfolio.jpg","type":"","width":"","height":""}],"twitter_card":"summary_large_image","twitter_misc":{"Est. reading time":"2 minutes"},"schema":{"@context":"https:\/\/schema.org","@graph":[{"@type":"WebPage","@id":"https:\/\/www.lecentrefranco.ca\/la-boussole\/portfolio-scolaire-et-professionnel\/","url":"https:\/\/www.lecentrefranco.ca\/la-boussole\/portfolio-scolaire-et-professionnel\/","name":"Portfolio scolaire et professionnel - La boussole","isPartOf":{"@id":"https:\/\/www.lecentrefranco.ca\/la-boussole\/#website"},"primaryImageOfPage":{"@id":"https:\/\/www.lecentrefranco.ca\/la-boussole\/portfolio-scolaire-et-professionnel\/#primaryimage"},"image":{"@id":"https:\/\/www.lecentrefranco.ca\/la-boussole\/portfolio-scolaire-et-professionnel\/#primaryimage"},"thumbnailUrl":"http:\/\/cforp2.wpengine.com\/la-boussolewp-content\/uploads\/sites\/4\/2014\/07\/portfolio.jpg","datePublished":"2014-07-24T12:25:26+00:00","dateModified":"2016-05-26T11:59:25+00:00","breadcrumb":{"@id":"https:\/\/www.lecentrefranco.ca\/la-boussole\/portfolio-scolaire-et-professionnel\/#breadcrumb"},"inLanguage":"fr-FR","potentialAction":[{"@type":"ReadAction","target":["https:\/\/www.lecentrefranco.ca\/la-boussole\/portfolio-scolaire-et-professionnel\/"]}]},{"@type":"ImageObject","inLanguage":"fr-FR","@id":"https:\/\/www.lecentrefranco.ca\/la-boussole\/portfolio-scolaire-et-professionnel\/#primaryimage","url":"http:\/\/cforp2.wpengine.com\/la-boussolewp-content\/uploads\/sites\/4\/2014\/07\/portfolio.jpg","contentUrl":"http:\/\/cforp2.wpengine.com\/la-boussolewp-content\/uploads\/sites\/4\/2014\/07\/portfolio.jpg"},{"@type":"BreadcrumbList","@id":"https:\/\/www.lecentrefranco.ca\/la-boussole\/portfolio-scolaire-et-professionnel\/#breadcrumb","itemListElement":[{"@type":"ListItem","position":1,"name":"Home","item":"https:\/\/www.lecentrefranco.ca\/la-boussole\/"},{"@type":"ListItem","position":2,"name":"Portfolio scolaire et professionnel"}]},{"@type":"WebSite","@id":"https:\/\/www.lecentrefranco.ca\/la-boussole\/#website","url":"https:\/\/www.lecentrefranco.ca\/la-boussole\/","name":"La boussole","description":"Un site utilisant Sites du CFORP","potentialAction":[{"@type":"SearchAction","target":{"@type":"EntryPoint","urlTemplate":"https:\/\/www.lecentrefranco.ca\/la-boussole\/?s={search_term_string}"},"query-input":{"@type":"PropertyValueSpecification","valueRequired":true,"valueName":"search_term_string"}}],"inLanguage":"fr-FR"}]}},"_links":{"self":[{"href":"https:\/\/www.lecentrefranco.ca\/la-boussole\/wp-json\/wp\/v2\/pages\/166","targetHints":{"allow":["GET"]}}],"collection":[{"href":"https:\/\/www.lecentrefranco.ca\/la-boussole\/wp-json\/wp\/v2\/pages"}],"about":[{"href":"https:\/\/www.lecentrefranco.ca\/la-boussole\/wp-json\/wp\/v2\/types\/page"}],"author":[{"embeddable":true,"href":"https:\/\/www.lecentrefranco.ca\/la-boussole\/wp-json\/wp\/v2\/users\/4"}],"replies":[{"embeddable":true,"href":"https:\/\/www.lecentrefranco.ca\/la-boussole\/wp-json\/wp\/v2\/comments?post=166"}],"version-history":[{"count":0,"href":"https:\/\/www.lecentrefranco.ca\/la-boussole\/wp-json\/wp\/v2\/pages\/166\/revisions"}],"wp:attachment":[{"href":"https:\/\/www.lecentrefranco.ca\/la-boussole\/wp-json\/wp\/v2\/media?parent=166"}],"curies":[{"name":"wp","href":"https:\/\/api.w.org\/{rel}","templated":true}]}}