









{"id":124,"date":"2014-07-23T16:37:00","date_gmt":"2014-07-23T15:37:00","guid":{"rendered":"http:\/\/cforp2.wpengine.com\/la-boussole\/?page_id=124"},"modified":"2018-02-15T19:35:25","modified_gmt":"2018-02-15T18:35:25","slug":"competences","status":"publish","type":"page","link":"https:\/\/www.lecentrefranco.ca\/la-boussole\/competences\/","title":{"rendered":"Les comp\u00e9tences"},"content":{"rendered":"<!-- noformat on -->\r\n<!-- interchange-->\r\n<div class=\"row interchange-banniere-4 hide-for-print\" title=\"Banni\u00e8re\">\r\n<\/div>\r\n   \r\n<br>\r\n<!-- fin banni\u00e8re-->\r\n<h1 class=\"entry-title xtra-margin-top\">Les comp\u00e9tences<\/h1>\r\n<p>On constate de plus en plus que c\u2019est le d\u00e9veloppement des comp\u00e9tences qui importe le plus dans le cheminement de carri\u00e8re.\u00a0Si tu d\u00e9veloppes les comp\u00e9tences essentielles\r\nrecherch\u00e9es sur le march\u00e9 du travail, tu iras loin!<\/p>\r\n\r\n<h2 class=\"collapseomatic \" id=\"id69f9e81637833\"  tabindex=\"0\" title=\"Passeport-comp\u00e9tences de l\u2019Ontario\"    >Passeport-comp\u00e9tences de l\u2019Ontario<\/h2><div id=\"target-id69f9e81637833\" class=\"collapseomatic_content maptastic\">\r\n<ul>\r\n<li><a href=\"http:\/\/www.skills.edu.gov.on.ca\/OSP2Web\/EDU\/Welcome.xhtml?commonTask=Y\" target=\"_blank\" style=\"text-decoration:underline\">Passeport-comp\u00e9tences de l\u2019Ontario<\/a><\/li>\r\n<\/ul>\r\n<p class=\"xtra-margin-gauche\">Le Passeport-comp\u00e9tences de l\u2019Ontario (PCO) pr\u00e9sente clairement les <a href=\"http:\/\/www.skills.edu.gov.on.ca\/OSP2Web\/EDU\/DisplayEssentialSkills.xhtml\" target=\"_blank\">comp\u00e9tences essentielles<\/a> requises pour presque toutes les professions ainsi que certaines des <a href=\"http:\/\/www.skills.edu.gov.on.ca\/OSP2Web\/EDU\/DisplayWorkHabit.xhtml\" target=\"_blank\">habitudes de travail<\/a> importantes. Ce sont\u00a0les comp\u00e9tences  qu&rsquo;une ou un \u00e9l\u00e8ve, qu&rsquo;une chercheuse ou un chercheur d&rsquo;emploi et qu&rsquo;une  travailleuse ou un travailleur peuvent transf\u00e9rer d\u2019une profession \u00e0 l\u2019autre, d\u2019un secteur \u00e0 l\u2019autre et de l\u2019\u00e9cole au monde du travail.<\/p>\r\n<\/div>\r\n<br>\r\n\r\n<h2 class=\"collapseomatic \" id=\"id69f9e81637938\"  tabindex=\"0\" title=\"Les comp\u00e9tences recherch\u00e9es pour r\u00e9ussir \u00e0 l\u2019\u00e9cole et sur le march\u00e9 du travail\"    >Les comp\u00e9tences recherch\u00e9es pour r\u00e9ussir \u00e0 l\u2019\u00e9cole et sur le march\u00e9 du travail<\/h2><div id=\"target-id69f9e81637938\" class=\"collapseomatic_content maptastic\">\r\n<ul>\r\n   <li><a href=\"http:\/\/skillscompetencescanada.com\/fr\/carrieres\/emploi\/presentation\/\" target=\"_blank\">Pr\u00e9sentation : aptitudes professionnelles<\/a><\/li>\r\n<li><a href=\"http:\/\/skillscompetencescanada.com\/fr\/carrieres\/emploi\/discours-prepare\/\" target=\"_blank\">Discours pr\u00e9par\u00e9<\/a>\u00a0<\/li>\r\n   <li><a href=\"http:\/\/conseils-carriere.monster.ca\/strategie-de-recherche\/debutez-votre-recherche\/les-competences-que-vous-possedez-et-celles-quils-recherchent\/article.aspx\" target=\"_blank\">Les comp\u00e9tences que vous poss\u00e9dez\u2026 et celles qu\u2019ils recherchent.<\/a>\u00a0\u00a0<\/li>\r\n   <li><a href=\"https:\/\/www.canada.ca\/fr\/emploi-developpement-social\/programmes\/competences-essentielles\/profils.html\" target=\"_blank\">Profils  des comp\u00e9tences essentielles<\/a>\u00a0 <\/li>\r\n   <li><a href=\"http:\/\/competencesessentielles.ca\/\" target=\"_blank\">Les 9 comp\u00e9tences essentielles pour apprendre, travailler et vivre<\/a><\/li>\r\n   <li><a href=\"http:\/\/centrefora.on.ca\/sites\/default\/files\/documents\/Ressources\/Competences\/PDF\/Guide_final.pdf\" target=\"_blank\">Guide  sur les comp\u00e9tences g\u00e9n\u00e9riques<\/a><\/li>\r\n   <li><a href=\"http:\/\/www.hrcouncil.ca\/enjeux\/competences.cfm\" target=\"_blank\">Comp\u00e9tences et leadership<\/a><\/li>\r\n   <li><a href=\"https:\/\/www.canada.ca\/fr\/emploi-developpement-social\/programmes\/competences-essentielles\/profils\/guide-sommaire.html\" target=\"_blank\">Guide  d&rsquo;interpr\u00e9tation des profils des comp\u00e9tences essentielles<\/a><\/li>\r\n   <li><a href=\"http:\/\/www.guichetemplois.gc.ca\/ce_tous-fra.do?lang=fra\" target=\"_blank\">Explorer des carri\u00e8res par comp\u00e9tences essentielles<\/a><\/li>\r\n   <li><a href=\"http:\/\/fr.careers.essentialskillsgroup.com\/index.php?p=assess\" target=\"_blank\">\u00c9valuez  vos comp\u00e9tences<\/a><\/li>\r\n   <li><a href=\"http:\/\/fr.careers.essentialskillsgroup.com\/index.php?p=occup\" target=\"_blank\">Apprenez  comment les comp\u00e9tences essentielles sont utilis\u00e9es dans diff\u00e9rents m\u00e9tiers<\/a><\/li>\r\n  <li><a href=\"http:\/\/fr.copian.ca\/biblio\/apprenti\/bace\/vivre\/vivre.pdf\" target=\"_blank\">Histoires \u00e0 succ\u00e8s  concernant les comp\u00e9tences essentielles<\/a><\/li>\r\n<li><a href=\"https:\/\/www.canada.ca\/fr\/emploi-developpement-social\/programmes\/competences-essentielles\/definition.html\" target=\"_blank\">Comprendre les comp\u00e9tences essentielles<\/a> &nbsp;<\/li>\r\n<li><a href=\"http:\/\/fr.careers.essentialskillsgroup.com\/?p=faq0\" target=\"_blank\">B\u00e2tir votre avenir gr\u00e2ce aux comp\u00e9tences essentielles \u2013 Foire aux questions<\/a><\/li>\r\n<li><a href=\"http:\/\/fr.careers.essentialskillsgroup.com\/index.php?p=what\" target=\"_blank\">En quoi  consistent les comp\u00e9tences essentielles?<\/a> <\/li>\r\n<li><a href=\"http:\/\/fr.careers.essentialskillsgroup.com\/?p=important\" target=\"_blank\">Pourquoi les comp\u00e9tences sont-elles essentielles?<\/a> <\/li>\r\n\r\n     \r\n<\/ul>\r\n<\/div>\r\n<br>\r\n\r\n<h2 class=\"collapseomatic \" id=\"id69f9e81637966\"  tabindex=\"0\" title=\"Jeux-questionnaires pouvant t\u2019aider \u00e0 faire la liste des comp\u00e9tences que tu poss\u00e8des\"    >Jeux-questionnaires pouvant t\u2019aider \u00e0 faire la liste des comp\u00e9tences que tu poss\u00e8des<\/h2><div id=\"target-id69f9e81637966\" class=\"collapseomatic_content maptastic\">\r\n<ul>\r\n  <li><a href=\"http:\/\/fr.careers.essentialskillsgroup.com\/index.php?p=assess\" target=\"_blank\">\u00c9valuez  vos comp\u00e9tences<\/a><\/li>\r\n  <li><a href=\"https:\/\/www.canada.ca\/fr\/emploi-developpement-social\/programmes\/competences-essentielles\/outils\/avant-formation.html\" target=\"_blank\">Ressources vous permettant de renforcer vos comp\u00e9tences essentielles<\/a><\/li>\r\n  <li><a target=\"_blank\" href=\"http:\/\/www.reconversionprofessionnelle.org\/bilan-de-competences\/\">Comment faire un bilan de comp\u00e9tences en 2017<\/a><\/li>\r\n<\/ul>\r\n<\/div>\r\n<br>\r\n\r\n<h2 class=\"collapseomatic \" id=\"id69f9e81637984\"  tabindex=\"0\" title=\"Acqu\u00e9rir de nouvelles comp\u00e9tences \"    >Acqu\u00e9rir de nouvelles comp\u00e9tences <\/h2><div id=\"target-id69f9e81637984\" class=\"collapseomatic_content maptastic\">\r\n<ul>\r\n  <li><a href=\"https:\/\/www.canada.ca\/fr\/emploi-developpement-social\/programmes\/competences-essentielles\/outils\/developper-ce.html\" target=\"_blank\">D\u00e9velopper  les comp\u00e9tences essentielles en milieu de travail<\/a><\/li>\r\n  <li><a href=\"http:\/\/www.collegecdi.ca\/ontario\/a-propos-du-cdi\/actualites\/comment-ameliorer-ses-competences-transferables\/\" target=\"_blank\">Comment  am\u00e9liorer ses comp\u00e9tences transf\u00e9rables<\/a><\/li>\r\n<li><a href=\"http:\/\/www.carrieres-conseils.com\/bilan_de_competences_test_1.php\" target=\"_blank\">Questionnaire \u2013 Bilan des comp\u00e9tences<\/a> <strong class=\"nouveaute\"> nouveau<\/strong><\/li>\r\n<\/ul>\r\n<\/div>\r\n<br>\r\n<!-- noformat off -->","protected":false},"excerpt":{"rendered":"On constate de plus en plus que c\u2019est le d\u00e9veloppement des comp\u00e9tences qui importe le plus dans le cheminement de carri\u00e8re.\u00a0Si tu d\u00e9veloppes les comp\u00e9tences essentielles recherch\u00e9es sur le march\u00e9 du travail, tu iras loin!","protected":false},"author":4,"featured_media":0,"parent":0,"menu_order":0,"comment_status":"open","ping_status":"closed","template":"","meta":{"_acf_changed":false,"footnotes":""},"class_list":["post-124","page","type-page","status-publish","hentry"],"acf":[],"yoast_head":"<!-- This site is optimized with the Yoast SEO plugin v27.5 - https:\/\/yoast.com\/product\/yoast-seo-wordpress\/ -->\n<title>Les comp\u00e9tences - La boussole<\/title>\n<meta name=\"robots\" content=\"index, follow, max-snippet:-1, max-image-preview:large, max-video-preview:-1\" \/>\n<link rel=\"canonical\" href=\"https:\/\/www.lecentrefranco.ca\/la-boussole\/competences\/\" \/>\n<meta property=\"og:locale\" content=\"fr_FR\" \/>\n<meta property=\"og:type\" content=\"article\" \/>\n<meta property=\"og:title\" content=\"Les comp\u00e9tences - La boussole\" \/>\n<meta property=\"og:description\" content=\"On constate de plus en plus que c\u2019est le d\u00e9veloppement des comp\u00e9tences qui importe le plus dans le cheminement de carri\u00e8re.\u00a0Si tu d\u00e9veloppes les comp\u00e9tences essentielles recherch\u00e9es sur le march\u00e9 du travail, tu iras loin!\" \/>\n<meta property=\"og:url\" content=\"https:\/\/www.lecentrefranco.ca\/la-boussole\/competences\/\" \/>\n<meta property=\"og:site_name\" content=\"La boussole\" \/>\n<meta property=\"article:modified_time\" content=\"2018-02-15T18:35:25+00:00\" \/>\n<meta property=\"og:image\" content=\"http:\/\/www.cforp.ca\/la-boussole\/wp-content\/uploads\/sites\/4\/2019\/09\/vms-lecentrefranco-de-base.jpg\" \/>\n<meta name=\"twitter:card\" content=\"summary_large_image\" \/>\n<meta name=\"twitter:label1\" content=\"Est. reading time\" \/>\n\t<meta name=\"twitter:data1\" content=\"2 minutes\" \/>\n<script type=\"application\/ld+json\" class=\"yoast-schema-graph\">{\"@context\":\"https:\\\/\\\/schema.org\",\"@graph\":[{\"@type\":\"WebPage\",\"@id\":\"https:\\\/\\\/www.lecentrefranco.ca\\\/la-boussole\\\/competences\\\/\",\"url\":\"https:\\\/\\\/www.lecentrefranco.ca\\\/la-boussole\\\/competences\\\/\",\"name\":\"Les comp\u00e9tences - La boussole\",\"isPartOf\":{\"@id\":\"https:\\\/\\\/www.lecentrefranco.ca\\\/la-boussole\\\/#website\"},\"datePublished\":\"2014-07-23T15:37:00+00:00\",\"dateModified\":\"2018-02-15T18:35:25+00:00\",\"breadcrumb\":{\"@id\":\"https:\\\/\\\/www.lecentrefranco.ca\\\/la-boussole\\\/competences\\\/#breadcrumb\"},\"inLanguage\":\"fr-FR\",\"potentialAction\":[{\"@type\":\"ReadAction\",\"target\":[\"https:\\\/\\\/www.lecentrefranco.ca\\\/la-boussole\\\/competences\\\/\"]}]},{\"@type\":\"BreadcrumbList\",\"@id\":\"https:\\\/\\\/www.lecentrefranco.ca\\\/la-boussole\\\/competences\\\/#breadcrumb\",\"itemListElement\":[{\"@type\":\"ListItem\",\"position\":1,\"name\":\"Home\",\"item\":\"https:\\\/\\\/www.lecentrefranco.ca\\\/la-boussole\\\/\"},{\"@type\":\"ListItem\",\"position\":2,\"name\":\"Les comp\u00e9tences\"}]},{\"@type\":\"WebSite\",\"@id\":\"https:\\\/\\\/www.lecentrefranco.ca\\\/la-boussole\\\/#website\",\"url\":\"https:\\\/\\\/www.lecentrefranco.ca\\\/la-boussole\\\/\",\"name\":\"La boussole\",\"description\":\"Un site utilisant Sites du CFORP\",\"potentialAction\":[{\"@type\":\"SearchAction\",\"target\":{\"@type\":\"EntryPoint\",\"urlTemplate\":\"https:\\\/\\\/www.lecentrefranco.ca\\\/la-boussole\\\/?s={search_term_string}\"},\"query-input\":{\"@type\":\"PropertyValueSpecification\",\"valueRequired\":true,\"valueName\":\"search_term_string\"}}],\"inLanguage\":\"fr-FR\"}]}<\/script>\n<!-- \/ Yoast SEO plugin. -->","yoast_head_json":{"title":"Les comp\u00e9tences - La boussole","robots":{"index":"index","follow":"follow","max-snippet":"max-snippet:-1","max-image-preview":"max-image-preview:large","max-video-preview":"max-video-preview:-1"},"canonical":"https:\/\/www.lecentrefranco.ca\/la-boussole\/competences\/","og_locale":"fr_FR","og_type":"article","og_title":"Les comp\u00e9tences - La boussole","og_description":"On constate de plus en plus que c\u2019est le d\u00e9veloppement des comp\u00e9tences qui importe le plus dans le cheminement de carri\u00e8re.\u00a0Si tu d\u00e9veloppes les comp\u00e9tences essentielles recherch\u00e9es sur le march\u00e9 du travail, tu iras loin!","og_url":"https:\/\/www.lecentrefranco.ca\/la-boussole\/competences\/","og_site_name":"La boussole","article_modified_time":"2018-02-15T18:35:25+00:00","og_image":[{"url":"http:\/\/www.cforp.ca\/la-boussole\/wp-content\/uploads\/sites\/4\/2019\/09\/vms-lecentrefranco-de-base.jpg","type":"","width":"","height":""}],"twitter_card":"summary_large_image","twitter_misc":{"Est. reading time":"2 minutes"},"schema":{"@context":"https:\/\/schema.org","@graph":[{"@type":"WebPage","@id":"https:\/\/www.lecentrefranco.ca\/la-boussole\/competences\/","url":"https:\/\/www.lecentrefranco.ca\/la-boussole\/competences\/","name":"Les comp\u00e9tences - La boussole","isPartOf":{"@id":"https:\/\/www.lecentrefranco.ca\/la-boussole\/#website"},"datePublished":"2014-07-23T15:37:00+00:00","dateModified":"2018-02-15T18:35:25+00:00","breadcrumb":{"@id":"https:\/\/www.lecentrefranco.ca\/la-boussole\/competences\/#breadcrumb"},"inLanguage":"fr-FR","potentialAction":[{"@type":"ReadAction","target":["https:\/\/www.lecentrefranco.ca\/la-boussole\/competences\/"]}]},{"@type":"BreadcrumbList","@id":"https:\/\/www.lecentrefranco.ca\/la-boussole\/competences\/#breadcrumb","itemListElement":[{"@type":"ListItem","position":1,"name":"Home","item":"https:\/\/www.lecentrefranco.ca\/la-boussole\/"},{"@type":"ListItem","position":2,"name":"Les comp\u00e9tences"}]},{"@type":"WebSite","@id":"https:\/\/www.lecentrefranco.ca\/la-boussole\/#website","url":"https:\/\/www.lecentrefranco.ca\/la-boussole\/","name":"La boussole","description":"Un site utilisant Sites du CFORP","potentialAction":[{"@type":"SearchAction","target":{"@type":"EntryPoint","urlTemplate":"https:\/\/www.lecentrefranco.ca\/la-boussole\/?s={search_term_string}"},"query-input":{"@type":"PropertyValueSpecification","valueRequired":true,"valueName":"search_term_string"}}],"inLanguage":"fr-FR"}]}},"_links":{"self":[{"href":"https:\/\/www.lecentrefranco.ca\/la-boussole\/wp-json\/wp\/v2\/pages\/124","targetHints":{"allow":["GET"]}}],"collection":[{"href":"https:\/\/www.lecentrefranco.ca\/la-boussole\/wp-json\/wp\/v2\/pages"}],"about":[{"href":"https:\/\/www.lecentrefranco.ca\/la-boussole\/wp-json\/wp\/v2\/types\/page"}],"author":[{"embeddable":true,"href":"https:\/\/www.lecentrefranco.ca\/la-boussole\/wp-json\/wp\/v2\/users\/4"}],"replies":[{"embeddable":true,"href":"https:\/\/www.lecentrefranco.ca\/la-boussole\/wp-json\/wp\/v2\/comments?post=124"}],"version-history":[{"count":0,"href":"https:\/\/www.lecentrefranco.ca\/la-boussole\/wp-json\/wp\/v2\/pages\/124\/revisions"}],"wp:attachment":[{"href":"https:\/\/www.lecentrefranco.ca\/la-boussole\/wp-json\/wp\/v2\/media?parent=124"}],"curies":[{"name":"wp","href":"https:\/\/api.w.org\/{rel}","templated":true}]}}