{"id":951,"date":"2022-12-21T07:40:52","date_gmt":"2022-12-21T12:40:52","guid":{"rendered":"https:\/\/www.lecentrefranco.ca\/destination-reussite\/?page_id=951"},"modified":"2022-12-21T07:40:52","modified_gmt":"2022-12-21T12:40:52","slug":"soudeur-monteur-ou-soudeuse-monteuse-de-charpentes-metalliques","status":"publish","type":"page","link":"https:\/\/www.lecentrefranco.ca\/destination-reussite\/soudeur-monteur-ou-soudeuse-monteuse-de-charpentes-metalliques\/","title":{"rendered":"Soudeur-monteur ou soudeuse-monteuse de charpentes m\u00e9talliques"},"content":{"rendered":"","protected":false},"excerpt":{"rendered":"","protected":false},"author":4,"featured_media":0,"parent":0,"menu_order":0,"comment_status":"closed","ping_status":"closed","template":"page-jwplayer.php","meta":{"_acf_changed":false,"footnotes":""},"class_list":["post-951","page","type-page","status-publish","hentry"],"acf":[],"yoast_head":"<!-- This site is optimized with the Yoast SEO plugin v27.4 - https:\/\/yoast.com\/product\/yoast-seo-wordpress\/ -->\n<title>Soudeur-monteur ou soudeuse-monteuse de charpentes m\u00e9talliques - Destination r\u00e9ussite - Ontario<\/title>\n<meta name=\"robots\" content=\"index, follow, max-snippet:-1, max-image-preview:large, max-video-preview:-1\" \/>\n<link rel=\"canonical\" href=\"https:\/\/www.lecentrefranco.ca\/destination-reussite\/soudeur-monteur-ou-soudeuse-monteuse-de-charpentes-metalliques\/\" \/>\n<meta property=\"og:locale\" content=\"fr_CA\" \/>\n<meta property=\"og:type\" content=\"article\" \/>\n<meta property=\"og:title\" content=\"Soudeur-monteur ou soudeuse-monteuse de charpentes m\u00e9talliques - Destination r\u00e9ussite - Ontario\" \/>\n<meta property=\"og:url\" content=\"https:\/\/www.lecentrefranco.ca\/destination-reussite\/soudeur-monteur-ou-soudeuse-monteuse-de-charpentes-metalliques\/\" \/>\n<meta property=\"og:site_name\" content=\"Destination r\u00e9ussite - Ontario\" \/>\n<meta name=\"twitter:card\" content=\"summary_large_image\" \/>\n<script type=\"application\/ld+json\" class=\"yoast-schema-graph\">{\"@context\":\"https:\\\/\\\/schema.org\",\"@graph\":[{\"@type\":\"WebPage\",\"@id\":\"https:\\\/\\\/www.lecentrefranco.ca\\\/destination-reussite\\\/soudeur-monteur-ou-soudeuse-monteuse-de-charpentes-metalliques\\\/\",\"url\":\"https:\\\/\\\/www.lecentrefranco.ca\\\/destination-reussite\\\/soudeur-monteur-ou-soudeuse-monteuse-de-charpentes-metalliques\\\/\",\"name\":\"Soudeur-monteur ou soudeuse-monteuse de charpentes m\u00e9talliques - Destination r\u00e9ussite - Ontario\",\"isPartOf\":{\"@id\":\"https:\\\/\\\/www.lecentrefranco.ca\\\/destination-reussite\\\/#website\"},\"datePublished\":\"2022-12-21T12:40:52+00:00\",\"breadcrumb\":{\"@id\":\"https:\\\/\\\/www.lecentrefranco.ca\\\/destination-reussite\\\/soudeur-monteur-ou-soudeuse-monteuse-de-charpentes-metalliques\\\/#breadcrumb\"},\"inLanguage\":\"fr-CA\",\"potentialAction\":[{\"@type\":\"ReadAction\",\"target\":[\"https:\\\/\\\/www.lecentrefranco.ca\\\/destination-reussite\\\/soudeur-monteur-ou-soudeuse-monteuse-de-charpentes-metalliques\\\/\"]}]},{\"@type\":\"BreadcrumbList\",\"@id\":\"https:\\\/\\\/www.lecentrefranco.ca\\\/destination-reussite\\\/soudeur-monteur-ou-soudeuse-monteuse-de-charpentes-metalliques\\\/#breadcrumb\",\"itemListElement\":[{\"@type\":\"ListItem\",\"position\":1,\"name\":\"Accueil\",\"item\":\"https:\\\/\\\/www.lecentrefranco.ca\\\/destination-reussite\\\/\"},{\"@type\":\"ListItem\",\"position\":2,\"name\":\"Soudeur-monteur ou soudeuse-monteuse de charpentes m\u00e9talliques\"}]},{\"@type\":\"WebSite\",\"@id\":\"https:\\\/\\\/www.lecentrefranco.ca\\\/destination-reussite\\\/#website\",\"url\":\"https:\\\/\\\/www.lecentrefranco.ca\\\/destination-reussite\\\/\",\"name\":\"Destination r\u00e9ussite - Ontario\",\"description\":\"Appui \u00e0 la strat\u00e9gie R\u00e9ussite des \u00e9l\u00e8ves\",\"publisher\":{\"@id\":\"https:\\\/\\\/www.lecentrefranco.ca\\\/destination-reussite\\\/#organization\"},\"potentialAction\":[{\"@type\":\"SearchAction\",\"target\":{\"@type\":\"EntryPoint\",\"urlTemplate\":\"https:\\\/\\\/www.lecentrefranco.ca\\\/destination-reussite\\\/?s={search_term_string}\"},\"query-input\":{\"@type\":\"PropertyValueSpecification\",\"valueRequired\":true,\"valueName\":\"search_term_string\"}}],\"inLanguage\":\"fr-CA\"},{\"@type\":\"Organization\",\"@id\":\"https:\\\/\\\/www.lecentrefranco.ca\\\/destination-reussite\\\/#organization\",\"name\":\"Destination r\u00e9ussite - Ontario\",\"url\":\"https:\\\/\\\/www.lecentrefranco.ca\\\/destination-reussite\\\/\",\"logo\":{\"@type\":\"ImageObject\",\"inLanguage\":\"fr-CA\",\"@id\":\"https:\\\/\\\/www.lecentrefranco.ca\\\/destination-reussite\\\/#\\\/schema\\\/logo\\\/image\\\/\",\"url\":\"https:\\\/\\\/www.lecentrefranco.ca\\\/destination-reussite\\\/wp-content\\\/uploads\\\/sites\\\/10\\\/2025\\\/05\\\/logo-dr-ontario.webp\",\"contentUrl\":\"https:\\\/\\\/www.lecentrefranco.ca\\\/destination-reussite\\\/wp-content\\\/uploads\\\/sites\\\/10\\\/2025\\\/05\\\/logo-dr-ontario.webp\",\"width\":1014,\"height\":625,\"caption\":\"Destination r\u00e9ussite - Ontario\"},\"image\":{\"@id\":\"https:\\\/\\\/www.lecentrefranco.ca\\\/destination-reussite\\\/#\\\/schema\\\/logo\\\/image\\\/\"}}]}<\/script>\n<!-- \/ Yoast SEO plugin. -->","yoast_head_json":{"title":"Soudeur-monteur ou soudeuse-monteuse de charpentes m\u00e9talliques - Destination r\u00e9ussite - Ontario","robots":{"index":"index","follow":"follow","max-snippet":"max-snippet:-1","max-image-preview":"max-image-preview:large","max-video-preview":"max-video-preview:-1"},"canonical":"https:\/\/www.lecentrefranco.ca\/destination-reussite\/soudeur-monteur-ou-soudeuse-monteuse-de-charpentes-metalliques\/","og_locale":"fr_CA","og_type":"article","og_title":"Soudeur-monteur ou soudeuse-monteuse de charpentes m\u00e9talliques - Destination r\u00e9ussite - Ontario","og_url":"https:\/\/www.lecentrefranco.ca\/destination-reussite\/soudeur-monteur-ou-soudeuse-monteuse-de-charpentes-metalliques\/","og_site_name":"Destination r\u00e9ussite - Ontario","twitter_card":"summary_large_image","schema":{"@context":"https:\/\/schema.org","@graph":[{"@type":"WebPage","@id":"https:\/\/www.lecentrefranco.ca\/destination-reussite\/soudeur-monteur-ou-soudeuse-monteuse-de-charpentes-metalliques\/","url":"https:\/\/www.lecentrefranco.ca\/destination-reussite\/soudeur-monteur-ou-soudeuse-monteuse-de-charpentes-metalliques\/","name":"Soudeur-monteur ou soudeuse-monteuse de charpentes m\u00e9talliques - Destination r\u00e9ussite - Ontario","isPartOf":{"@id":"https:\/\/www.lecentrefranco.ca\/destination-reussite\/#website"},"datePublished":"2022-12-21T12:40:52+00:00","breadcrumb":{"@id":"https:\/\/www.lecentrefranco.ca\/destination-reussite\/soudeur-monteur-ou-soudeuse-monteuse-de-charpentes-metalliques\/#breadcrumb"},"inLanguage":"fr-CA","potentialAction":[{"@type":"ReadAction","target":["https:\/\/www.lecentrefranco.ca\/destination-reussite\/soudeur-monteur-ou-soudeuse-monteuse-de-charpentes-metalliques\/"]}]},{"@type":"BreadcrumbList","@id":"https:\/\/www.lecentrefranco.ca\/destination-reussite\/soudeur-monteur-ou-soudeuse-monteuse-de-charpentes-metalliques\/#breadcrumb","itemListElement":[{"@type":"ListItem","position":1,"name":"Accueil","item":"https:\/\/www.lecentrefranco.ca\/destination-reussite\/"},{"@type":"ListItem","position":2,"name":"Soudeur-monteur ou soudeuse-monteuse de charpentes m\u00e9talliques"}]},{"@type":"WebSite","@id":"https:\/\/www.lecentrefranco.ca\/destination-reussite\/#website","url":"https:\/\/www.lecentrefranco.ca\/destination-reussite\/","name":"Destination r\u00e9ussite - Ontario","description":"Appui \u00e0 la strat\u00e9gie R\u00e9ussite des \u00e9l\u00e8ves","publisher":{"@id":"https:\/\/www.lecentrefranco.ca\/destination-reussite\/#organization"},"potentialAction":[{"@type":"SearchAction","target":{"@type":"EntryPoint","urlTemplate":"https:\/\/www.lecentrefranco.ca\/destination-reussite\/?s={search_term_string}"},"query-input":{"@type":"PropertyValueSpecification","valueRequired":true,"valueName":"search_term_string"}}],"inLanguage":"fr-CA"},{"@type":"Organization","@id":"https:\/\/www.lecentrefranco.ca\/destination-reussite\/#organization","name":"Destination r\u00e9ussite - Ontario","url":"https:\/\/www.lecentrefranco.ca\/destination-reussite\/","logo":{"@type":"ImageObject","inLanguage":"fr-CA","@id":"https:\/\/www.lecentrefranco.ca\/destination-reussite\/#\/schema\/logo\/image\/","url":"https:\/\/www.lecentrefranco.ca\/destination-reussite\/wp-content\/uploads\/sites\/10\/2025\/05\/logo-dr-ontario.webp","contentUrl":"https:\/\/www.lecentrefranco.ca\/destination-reussite\/wp-content\/uploads\/sites\/10\/2025\/05\/logo-dr-ontario.webp","width":1014,"height":625,"caption":"Destination r\u00e9ussite - Ontario"},"image":{"@id":"https:\/\/www.lecentrefranco.ca\/destination-reussite\/#\/schema\/logo\/image\/"}}]}},"_links":{"self":[{"href":"https:\/\/www.lecentrefranco.ca\/destination-reussite\/wp-json\/wp\/v2\/pages\/951","targetHints":{"allow":["GET"]}}],"collection":[{"href":"https:\/\/www.lecentrefranco.ca\/destination-reussite\/wp-json\/wp\/v2\/pages"}],"about":[{"href":"https:\/\/www.lecentrefranco.ca\/destination-reussite\/wp-json\/wp\/v2\/types\/page"}],"author":[{"embeddable":true,"href":"https:\/\/www.lecentrefranco.ca\/destination-reussite\/wp-json\/wp\/v2\/users\/4"}],"replies":[{"embeddable":true,"href":"https:\/\/www.lecentrefranco.ca\/destination-reussite\/wp-json\/wp\/v2\/comments?post=951"}],"version-history":[{"count":0,"href":"https:\/\/www.lecentrefranco.ca\/destination-reussite\/wp-json\/wp\/v2\/pages\/951\/revisions"}],"wp:attachment":[{"href":"https:\/\/www.lecentrefranco.ca\/destination-reussite\/wp-json\/wp\/v2\/media?parent=951"}],"curies":[{"name":"wp","href":"https:\/\/api.w.org\/{rel}","templated":true}]}}