{"id":2,"date":"2016-05-17T18:51:32","date_gmt":"2016-05-17T16:51:32","guid":{"rendered":"http:\/\/cforp2.wpengine.com\/destination-reussite\/?page_id=2"},"modified":"2026-04-02T12:50:14","modified_gmt":"2026-04-02T16:50:14","slug":"accueil","status":"publish","type":"page","link":"https:\/\/www.lecentrefranco.ca\/destination-reussite\/","title":{"rendered":"Accueil"},"content":{"rendered":"","protected":false},"excerpt":{"rendered":"","protected":false},"author":4,"featured_media":0,"parent":0,"menu_order":0,"comment_status":"closed","ping_status":"open","template":"page-accueil.php","meta":{"_acf_changed":false,"footnotes":""},"class_list":["post-2","page","type-page","status-publish","hentry"],"acf":[],"yoast_head":"<!-- This site is optimized with the Yoast SEO plugin v27.4 - https:\/\/yoast.com\/product\/yoast-seo-wordpress\/ -->\n<title>Bienvenue \u00e0 Destination r\u00e9ussite (Ontario)<\/title>\n<meta name=\"description\" content=\"Destination r\u00e9ussite (Ontario) soutient les \u00e9l\u00e8ves des \u00e9coles francophones dans leur cheminement vers le dipl\u00f4me, les \u00e9tudes postsecondaires et le march\u00e9 du travail gr\u00e2ce \u00e0 des occasions d\u2019apprentissage diversifi\u00e9es, de qualit\u00e9 et ancr\u00e9es dans la francophonie.\" \/>\n<meta name=\"robots\" content=\"index, follow, max-snippet:-1, max-image-preview:large, max-video-preview:-1\" \/>\n<link rel=\"canonical\" href=\"https:\/\/www.lecentrefranco.ca\/destination-reussite\/\" \/>\n<meta property=\"og:locale\" content=\"fr_CA\" \/>\n<meta property=\"og:type\" content=\"article\" \/>\n<meta property=\"og:title\" content=\"Bienvenue \u00e0 Destination r\u00e9ussite (Ontario)\" \/>\n<meta property=\"og:description\" content=\"Destination r\u00e9ussite (Ontario) soutient les \u00e9l\u00e8ves des \u00e9coles francophones dans leur cheminement vers le dipl\u00f4me, les \u00e9tudes postsecondaires et le march\u00e9 du travail gr\u00e2ce \u00e0 des occasions d\u2019apprentissage diversifi\u00e9es, de qualit\u00e9 et ancr\u00e9es dans la francophonie.\" \/>\n<meta property=\"og:url\" content=\"https:\/\/www.lecentrefranco.ca\/destination-reussite\/\" \/>\n<meta property=\"og:site_name\" content=\"Destination r\u00e9ussite - Ontario\" \/>\n<meta property=\"article:modified_time\" content=\"2026-04-02T16:50:14+00:00\" \/>\n<meta name=\"twitter:card\" content=\"summary_large_image\" \/>\n<script type=\"application\/ld+json\" class=\"yoast-schema-graph\">{\"@context\":\"https:\\\/\\\/schema.org\",\"@graph\":[{\"@type\":\"WebPage\",\"@id\":\"https:\\\/\\\/www.lecentrefranco.ca\\\/destination-reussite\\\/\",\"url\":\"https:\\\/\\\/www.lecentrefranco.ca\\\/destination-reussite\\\/\",\"name\":\"Bienvenue \u00e0 Destination r\u00e9ussite (Ontario)\",\"isPartOf\":{\"@id\":\"https:\\\/\\\/www.lecentrefranco.ca\\\/destination-reussite\\\/#website\"},\"datePublished\":\"2016-05-17T16:51:32+00:00\",\"dateModified\":\"2026-04-02T16:50:14+00:00\",\"description\":\"Destination r\u00e9ussite (Ontario) soutient les \u00e9l\u00e8ves des \u00e9coles francophones dans leur cheminement vers le dipl\u00f4me, les \u00e9tudes postsecondaires et le march\u00e9 du travail gr\u00e2ce \u00e0 des occasions d\u2019apprentissage diversifi\u00e9es, de qualit\u00e9 et ancr\u00e9es dans la francophonie.\",\"breadcrumb\":{\"@id\":\"https:\\\/\\\/www.lecentrefranco.ca\\\/destination-reussite\\\/#breadcrumb\"},\"inLanguage\":\"fr-CA\",\"potentialAction\":[{\"@type\":\"ReadAction\",\"target\":[\"https:\\\/\\\/www.lecentrefranco.ca\\\/destination-reussite\\\/\"]}]},{\"@type\":\"BreadcrumbList\",\"@id\":\"https:\\\/\\\/www.lecentrefranco.ca\\\/destination-reussite\\\/#breadcrumb\",\"itemListElement\":[{\"@type\":\"ListItem\",\"position\":1,\"name\":\"Accueil\",\"item\":\"https:\\\/\\\/www.lecentrefranco.ca\\\/destination-reussite\\\/\"},{\"@type\":\"ListItem\",\"position\":2,\"name\":\"Accueil\"}]},{\"@type\":\"WebSite\",\"@id\":\"https:\\\/\\\/www.lecentrefranco.ca\\\/destination-reussite\\\/#website\",\"url\":\"https:\\\/\\\/www.lecentrefranco.ca\\\/destination-reussite\\\/\",\"name\":\"Destination r\u00e9ussite - Ontario\",\"description\":\"Appui \u00e0 la strat\u00e9gie R\u00e9ussite des \u00e9l\u00e8ves\",\"publisher\":{\"@id\":\"https:\\\/\\\/www.lecentrefranco.ca\\\/destination-reussite\\\/#organization\"},\"potentialAction\":[{\"@type\":\"SearchAction\",\"target\":{\"@type\":\"EntryPoint\",\"urlTemplate\":\"https:\\\/\\\/www.lecentrefranco.ca\\\/destination-reussite\\\/?s={search_term_string}\"},\"query-input\":{\"@type\":\"PropertyValueSpecification\",\"valueRequired\":true,\"valueName\":\"search_term_string\"}}],\"inLanguage\":\"fr-CA\"},{\"@type\":\"Organization\",\"@id\":\"https:\\\/\\\/www.lecentrefranco.ca\\\/destination-reussite\\\/#organization\",\"name\":\"Destination r\u00e9ussite - Ontario\",\"url\":\"https:\\\/\\\/www.lecentrefranco.ca\\\/destination-reussite\\\/\",\"logo\":{\"@type\":\"ImageObject\",\"inLanguage\":\"fr-CA\",\"@id\":\"https:\\\/\\\/www.lecentrefranco.ca\\\/destination-reussite\\\/#\\\/schema\\\/logo\\\/image\\\/\",\"url\":\"https:\\\/\\\/www.lecentrefranco.ca\\\/destination-reussite\\\/wp-content\\\/uploads\\\/sites\\\/10\\\/2025\\\/05\\\/logo-dr-ontario.webp\",\"contentUrl\":\"https:\\\/\\\/www.lecentrefranco.ca\\\/destination-reussite\\\/wp-content\\\/uploads\\\/sites\\\/10\\\/2025\\\/05\\\/logo-dr-ontario.webp\",\"width\":1014,\"height\":625,\"caption\":\"Destination r\u00e9ussite - Ontario\"},\"image\":{\"@id\":\"https:\\\/\\\/www.lecentrefranco.ca\\\/destination-reussite\\\/#\\\/schema\\\/logo\\\/image\\\/\"}}]}<\/script>\n<!-- \/ Yoast SEO plugin. -->","yoast_head_json":{"title":"Bienvenue \u00e0 Destination r\u00e9ussite (Ontario)","description":"Destination r\u00e9ussite (Ontario) soutient les \u00e9l\u00e8ves des \u00e9coles francophones dans leur cheminement vers le dipl\u00f4me, les \u00e9tudes postsecondaires et le march\u00e9 du travail gr\u00e2ce \u00e0 des occasions d\u2019apprentissage diversifi\u00e9es, de qualit\u00e9 et ancr\u00e9es dans la francophonie.","robots":{"index":"index","follow":"follow","max-snippet":"max-snippet:-1","max-image-preview":"max-image-preview:large","max-video-preview":"max-video-preview:-1"},"canonical":"https:\/\/www.lecentrefranco.ca\/destination-reussite\/","og_locale":"fr_CA","og_type":"article","og_title":"Bienvenue \u00e0 Destination r\u00e9ussite (Ontario)","og_description":"Destination r\u00e9ussite (Ontario) soutient les \u00e9l\u00e8ves des \u00e9coles francophones dans leur cheminement vers le dipl\u00f4me, les \u00e9tudes postsecondaires et le march\u00e9 du travail gr\u00e2ce \u00e0 des occasions d\u2019apprentissage diversifi\u00e9es, de qualit\u00e9 et ancr\u00e9es dans la francophonie.","og_url":"https:\/\/www.lecentrefranco.ca\/destination-reussite\/","og_site_name":"Destination r\u00e9ussite - Ontario","article_modified_time":"2026-04-02T16:50:14+00:00","twitter_card":"summary_large_image","schema":{"@context":"https:\/\/schema.org","@graph":[{"@type":"WebPage","@id":"https:\/\/www.lecentrefranco.ca\/destination-reussite\/","url":"https:\/\/www.lecentrefranco.ca\/destination-reussite\/","name":"Bienvenue \u00e0 Destination r\u00e9ussite (Ontario)","isPartOf":{"@id":"https:\/\/www.lecentrefranco.ca\/destination-reussite\/#website"},"datePublished":"2016-05-17T16:51:32+00:00","dateModified":"2026-04-02T16:50:14+00:00","description":"Destination r\u00e9ussite (Ontario) soutient les \u00e9l\u00e8ves des \u00e9coles francophones dans leur cheminement vers le dipl\u00f4me, les \u00e9tudes postsecondaires et le march\u00e9 du travail gr\u00e2ce \u00e0 des occasions d\u2019apprentissage diversifi\u00e9es, de qualit\u00e9 et ancr\u00e9es dans la francophonie.","breadcrumb":{"@id":"https:\/\/www.lecentrefranco.ca\/destination-reussite\/#breadcrumb"},"inLanguage":"fr-CA","potentialAction":[{"@type":"ReadAction","target":["https:\/\/www.lecentrefranco.ca\/destination-reussite\/"]}]},{"@type":"BreadcrumbList","@id":"https:\/\/www.lecentrefranco.ca\/destination-reussite\/#breadcrumb","itemListElement":[{"@type":"ListItem","position":1,"name":"Accueil","item":"https:\/\/www.lecentrefranco.ca\/destination-reussite\/"},{"@type":"ListItem","position":2,"name":"Accueil"}]},{"@type":"WebSite","@id":"https:\/\/www.lecentrefranco.ca\/destination-reussite\/#website","url":"https:\/\/www.lecentrefranco.ca\/destination-reussite\/","name":"Destination r\u00e9ussite - Ontario","description":"Appui \u00e0 la strat\u00e9gie R\u00e9ussite des \u00e9l\u00e8ves","publisher":{"@id":"https:\/\/www.lecentrefranco.ca\/destination-reussite\/#organization"},"potentialAction":[{"@type":"SearchAction","target":{"@type":"EntryPoint","urlTemplate":"https:\/\/www.lecentrefranco.ca\/destination-reussite\/?s={search_term_string}"},"query-input":{"@type":"PropertyValueSpecification","valueRequired":true,"valueName":"search_term_string"}}],"inLanguage":"fr-CA"},{"@type":"Organization","@id":"https:\/\/www.lecentrefranco.ca\/destination-reussite\/#organization","name":"Destination r\u00e9ussite - Ontario","url":"https:\/\/www.lecentrefranco.ca\/destination-reussite\/","logo":{"@type":"ImageObject","inLanguage":"fr-CA","@id":"https:\/\/www.lecentrefranco.ca\/destination-reussite\/#\/schema\/logo\/image\/","url":"https:\/\/www.lecentrefranco.ca\/destination-reussite\/wp-content\/uploads\/sites\/10\/2025\/05\/logo-dr-ontario.webp","contentUrl":"https:\/\/www.lecentrefranco.ca\/destination-reussite\/wp-content\/uploads\/sites\/10\/2025\/05\/logo-dr-ontario.webp","width":1014,"height":625,"caption":"Destination r\u00e9ussite - Ontario"},"image":{"@id":"https:\/\/www.lecentrefranco.ca\/destination-reussite\/#\/schema\/logo\/image\/"}}]}},"_links":{"self":[{"href":"https:\/\/www.lecentrefranco.ca\/destination-reussite\/wp-json\/wp\/v2\/pages\/2","targetHints":{"allow":["GET"]}}],"collection":[{"href":"https:\/\/www.lecentrefranco.ca\/destination-reussite\/wp-json\/wp\/v2\/pages"}],"about":[{"href":"https:\/\/www.lecentrefranco.ca\/destination-reussite\/wp-json\/wp\/v2\/types\/page"}],"author":[{"embeddable":true,"href":"https:\/\/www.lecentrefranco.ca\/destination-reussite\/wp-json\/wp\/v2\/users\/4"}],"replies":[{"embeddable":true,"href":"https:\/\/www.lecentrefranco.ca\/destination-reussite\/wp-json\/wp\/v2\/comments?post=2"}],"version-history":[{"count":0,"href":"https:\/\/www.lecentrefranco.ca\/destination-reussite\/wp-json\/wp\/v2\/pages\/2\/revisions"}],"wp:attachment":[{"href":"https:\/\/www.lecentrefranco.ca\/destination-reussite\/wp-json\/wp\/v2\/media?parent=2"}],"curies":[{"name":"wp","href":"https:\/\/api.w.org\/{rel}","templated":true}]}}