{"id":179,"date":"2016-07-13T19:41:42","date_gmt":"2016-07-13T17:41:42","guid":{"rendered":"http:\/\/cforp2.wpengine.com\/destination-reussite\/?page_id=179"},"modified":"2026-03-02T14:17:46","modified_gmt":"2026-03-02T19:17:46","slug":"liens-utiles","status":"publish","type":"page","link":"https:\/\/www.lecentrefranco.ca\/destination-reussite\/liens-utiles\/","title":{"rendered":"Liens utiles"},"content":{"rendered":"<h2>Liens utiles<\/h2>\n<ul>\n<li><a class=\"pdf\" href=\"https:\/\/communaute.apprentissageelectroniqueontario.ca\/d2l\/loginh\/index-fr.html\" target=\"_blank\" rel=\"noopener noreferrer\">Communaut\u00e9 d\u2019@pprentissage Ontario<\/a><\/li>\n<li><a class=\"pdf\" href=\"https:\/\/www.ontario.ca\/fr\/page\/programme-dapprentissage-pour-les-jeunes-de-lontario\" target=\"_blank\" rel=\"noopener noreferrer\">Programme d\u2019apprentissage pour les jeunes de l\u2019Ontario (PAJO)<\/a>\n<ul>\n<li><a href=\"http:\/\/www.oyappajo.com\/\" target=\"_blank\" rel=\"noopener\">Site du PAJO<\/a><\/li>\n<\/ul>\n<\/li>\n<li><a href=\"https:\/\/ocea.on.ca\/\" target=\"_blank\" rel=\"noopener noreferrer\">Association de l\u2019\u00e9ducation coop\u00e9rative de l\u2019Ontario<\/a> (AECO)<\/li>\n<li><a class=\"pdf\" href=\"https:\/\/cslfontario.ca\/\" target=\"_blank\" rel=\"noopener noreferrer\">\u00c9ducation en langue fran\u00e7aise en Ontario<\/a><\/li>\n<li><a class=\"pdf\" href=\"https:\/\/www.lecentrefranco.ca\/la-boussole\/\" target=\"_blank\" rel=\"noopener noreferrer\">La boussole \u2013 Centre franco<\/a><\/li>\n<li><a class=\"pdf\" href=\"https:\/\/www.lecentrefranco.ca\/ogape\/\" target=\"_blank\" rel=\"noopener noreferrer\">OGAPE<\/a><\/li>\n<li><a class=\"pdf\" href=\"https:\/\/www.ontariocolleges.ca\/fr\" target=\"_blank\" rel=\"noopener noreferrer\">Aller au coll\u00e8ge<\/a><\/li>\n<li><a href=\"https:\/\/www.ontario.ca\/fr\/page\/marche-du-travail\" target=\"_blank\" rel=\"noopener noreferrer\">March\u00e9 du travail de l\u2019Ontario<\/a><\/li>\n<li><a href=\"https:\/\/activites.dreussiteon.ca\/\" target=\"_blank\" rel=\"noopener\">Outil provincial d\u2019inscription aux activit\u00e9s DR (OPIA)<\/a><\/li>\n<\/ul>\n<h2>Double reconnaissance de cr\u00e9dits (DRC)<\/h2>\n<ul>\n<li><a href=\"https:\/\/www.ontario.ca\/fr\/page\/programmes-double-reconnaissance-de-credit\" target=\"_blank\" rel=\"noopener noreferrer\">Programmes \u00e0 double reconnaissance de cr\u00e9dit : Politique et exigences des programmes<\/a><\/li>\n<\/ul>\n","protected":false},"excerpt":{"rendered":"<p>Liens utiles Communaut\u00e9 d\u2019@pprentissage Ontario Programme d\u2019apprentissage pour les jeunes de l\u2019Ontario (PAJO) Site du PAJO Association de l\u2019\u00e9ducation coop\u00e9rative de l\u2019Ontario (AECO) \u00c9ducation en langue fran\u00e7aise en Ontario La boussole \u2013 Centre franco OGAPE Aller au coll\u00e8ge March\u00e9 du travail de l\u2019Ontario Outil provincial d\u2019inscription aux activit\u00e9s DR (OPIA) Double reconnaissance de cr\u00e9dits (DRC) [&hellip;]<\/p>\n","protected":false},"author":4,"featured_media":0,"parent":0,"menu_order":0,"comment_status":"closed","ping_status":"closed","template":"","meta":{"_acf_changed":false,"footnotes":""},"class_list":["post-179","page","type-page","status-publish","hentry"],"acf":[],"yoast_head":"<!-- This site is optimized with the Yoast SEO plugin v27.3 - https:\/\/yoast.com\/product\/yoast-seo-wordpress\/ -->\n<title>Liens utiles \u2013 Destination r\u00e9ussite (Ontario)<\/title>\n<meta name=\"description\" content=\"Voici une liste de liens utiles de Destination r\u00e9ussite: ressources provinciales, outils d\u2019apprentissage, programmes comme le PAJO, l\u2019\u00e9ducation coop\u00e9rative, la double reconnaissance de cr\u00e9dits et d\u2019autres services essentiels pour soutenir la r\u00e9ussite des \u00e9l\u00e8ves en Ontario.\" \/>\n<meta name=\"robots\" content=\"index, follow, max-snippet:-1, max-image-preview:large, max-video-preview:-1\" \/>\n<link rel=\"canonical\" href=\"https:\/\/www.lecentrefranco.ca\/destination-reussite\/liens-utiles\/\" \/>\n<meta property=\"og:locale\" content=\"fr_CA\" \/>\n<meta property=\"og:type\" content=\"article\" \/>\n<meta property=\"og:title\" content=\"Liens utiles \u2013 Destination r\u00e9ussite (Ontario)\" \/>\n<meta property=\"og:description\" content=\"Voici une liste de liens utiles de Destination r\u00e9ussite: ressources provinciales, outils d\u2019apprentissage, programmes comme le PAJO, l\u2019\u00e9ducation coop\u00e9rative, la double reconnaissance de cr\u00e9dits et d\u2019autres services essentiels pour soutenir la r\u00e9ussite des \u00e9l\u00e8ves en Ontario.\" \/>\n<meta property=\"og:url\" content=\"https:\/\/www.lecentrefranco.ca\/destination-reussite\/liens-utiles\/\" \/>\n<meta property=\"og:site_name\" content=\"Destination r\u00e9ussite - Ontario\" \/>\n<meta property=\"article:modified_time\" content=\"2026-03-02T19:17:46+00:00\" \/>\n<meta name=\"twitter:card\" content=\"summary_large_image\" \/>\n<meta name=\"twitter:label1\" content=\"Estimation du temps de lecture\" \/>\n\t<meta name=\"twitter:data1\" content=\"1 minute\" \/>\n<script type=\"application\/ld+json\" class=\"yoast-schema-graph\">{\"@context\":\"https:\\\/\\\/schema.org\",\"@graph\":[{\"@type\":\"WebPage\",\"@id\":\"https:\\\/\\\/www.lecentrefranco.ca\\\/destination-reussite\\\/liens-utiles\\\/\",\"url\":\"https:\\\/\\\/www.lecentrefranco.ca\\\/destination-reussite\\\/liens-utiles\\\/\",\"name\":\"Liens utiles \u2013 Destination r\u00e9ussite (Ontario)\",\"isPartOf\":{\"@id\":\"https:\\\/\\\/www.lecentrefranco.ca\\\/destination-reussite\\\/#website\"},\"datePublished\":\"2016-07-13T17:41:42+00:00\",\"dateModified\":\"2026-03-02T19:17:46+00:00\",\"description\":\"Voici une liste de liens utiles de Destination r\u00e9ussite: ressources provinciales, outils d\u2019apprentissage, programmes comme le PAJO, l\u2019\u00e9ducation coop\u00e9rative, la double reconnaissance de cr\u00e9dits et d\u2019autres services essentiels pour soutenir la r\u00e9ussite des \u00e9l\u00e8ves en Ontario.\",\"breadcrumb\":{\"@id\":\"https:\\\/\\\/www.lecentrefranco.ca\\\/destination-reussite\\\/liens-utiles\\\/#breadcrumb\"},\"inLanguage\":\"fr-CA\",\"potentialAction\":[{\"@type\":\"ReadAction\",\"target\":[\"https:\\\/\\\/www.lecentrefranco.ca\\\/destination-reussite\\\/liens-utiles\\\/\"]}]},{\"@type\":\"BreadcrumbList\",\"@id\":\"https:\\\/\\\/www.lecentrefranco.ca\\\/destination-reussite\\\/liens-utiles\\\/#breadcrumb\",\"itemListElement\":[{\"@type\":\"ListItem\",\"position\":1,\"name\":\"Accueil\",\"item\":\"https:\\\/\\\/www.lecentrefranco.ca\\\/destination-reussite\\\/\"},{\"@type\":\"ListItem\",\"position\":2,\"name\":\"Liens utiles\"}]},{\"@type\":\"WebSite\",\"@id\":\"https:\\\/\\\/www.lecentrefranco.ca\\\/destination-reussite\\\/#website\",\"url\":\"https:\\\/\\\/www.lecentrefranco.ca\\\/destination-reussite\\\/\",\"name\":\"Destination r\u00e9ussite - Ontario\",\"description\":\"Appui \u00e0 la strat\u00e9gie R\u00e9ussite des \u00e9l\u00e8ves\",\"publisher\":{\"@id\":\"https:\\\/\\\/www.lecentrefranco.ca\\\/destination-reussite\\\/#organization\"},\"potentialAction\":[{\"@type\":\"SearchAction\",\"target\":{\"@type\":\"EntryPoint\",\"urlTemplate\":\"https:\\\/\\\/www.lecentrefranco.ca\\\/destination-reussite\\\/?s={search_term_string}\"},\"query-input\":{\"@type\":\"PropertyValueSpecification\",\"valueRequired\":true,\"valueName\":\"search_term_string\"}}],\"inLanguage\":\"fr-CA\"},{\"@type\":\"Organization\",\"@id\":\"https:\\\/\\\/www.lecentrefranco.ca\\\/destination-reussite\\\/#organization\",\"name\":\"Destination r\u00e9ussite - Ontario\",\"url\":\"https:\\\/\\\/www.lecentrefranco.ca\\\/destination-reussite\\\/\",\"logo\":{\"@type\":\"ImageObject\",\"inLanguage\":\"fr-CA\",\"@id\":\"https:\\\/\\\/www.lecentrefranco.ca\\\/destination-reussite\\\/#\\\/schema\\\/logo\\\/image\\\/\",\"url\":\"https:\\\/\\\/www.lecentrefranco.ca\\\/destination-reussite\\\/wp-content\\\/uploads\\\/sites\\\/10\\\/2025\\\/05\\\/logo-dr-ontario.webp\",\"contentUrl\":\"https:\\\/\\\/www.lecentrefranco.ca\\\/destination-reussite\\\/wp-content\\\/uploads\\\/sites\\\/10\\\/2025\\\/05\\\/logo-dr-ontario.webp\",\"width\":1014,\"height\":625,\"caption\":\"Destination r\u00e9ussite - Ontario\"},\"image\":{\"@id\":\"https:\\\/\\\/www.lecentrefranco.ca\\\/destination-reussite\\\/#\\\/schema\\\/logo\\\/image\\\/\"}}]}<\/script>\n<!-- \/ Yoast SEO plugin. -->","yoast_head_json":{"title":"Liens utiles \u2013 Destination r\u00e9ussite (Ontario)","description":"Voici une liste de liens utiles de Destination r\u00e9ussite: ressources provinciales, outils d\u2019apprentissage, programmes comme le PAJO, l\u2019\u00e9ducation coop\u00e9rative, la double reconnaissance de cr\u00e9dits et d\u2019autres services essentiels pour soutenir la r\u00e9ussite des \u00e9l\u00e8ves en Ontario.","robots":{"index":"index","follow":"follow","max-snippet":"max-snippet:-1","max-image-preview":"max-image-preview:large","max-video-preview":"max-video-preview:-1"},"canonical":"https:\/\/www.lecentrefranco.ca\/destination-reussite\/liens-utiles\/","og_locale":"fr_CA","og_type":"article","og_title":"Liens utiles \u2013 Destination r\u00e9ussite (Ontario)","og_description":"Voici une liste de liens utiles de Destination r\u00e9ussite: ressources provinciales, outils d\u2019apprentissage, programmes comme le PAJO, l\u2019\u00e9ducation coop\u00e9rative, la double reconnaissance de cr\u00e9dits et d\u2019autres services essentiels pour soutenir la r\u00e9ussite des \u00e9l\u00e8ves en Ontario.","og_url":"https:\/\/www.lecentrefranco.ca\/destination-reussite\/liens-utiles\/","og_site_name":"Destination r\u00e9ussite - Ontario","article_modified_time":"2026-03-02T19:17:46+00:00","twitter_card":"summary_large_image","twitter_misc":{"Estimation du temps de lecture":"1 minute"},"schema":{"@context":"https:\/\/schema.org","@graph":[{"@type":"WebPage","@id":"https:\/\/www.lecentrefranco.ca\/destination-reussite\/liens-utiles\/","url":"https:\/\/www.lecentrefranco.ca\/destination-reussite\/liens-utiles\/","name":"Liens utiles \u2013 Destination r\u00e9ussite (Ontario)","isPartOf":{"@id":"https:\/\/www.lecentrefranco.ca\/destination-reussite\/#website"},"datePublished":"2016-07-13T17:41:42+00:00","dateModified":"2026-03-02T19:17:46+00:00","description":"Voici une liste de liens utiles de Destination r\u00e9ussite: ressources provinciales, outils d\u2019apprentissage, programmes comme le PAJO, l\u2019\u00e9ducation coop\u00e9rative, la double reconnaissance de cr\u00e9dits et d\u2019autres services essentiels pour soutenir la r\u00e9ussite des \u00e9l\u00e8ves en Ontario.","breadcrumb":{"@id":"https:\/\/www.lecentrefranco.ca\/destination-reussite\/liens-utiles\/#breadcrumb"},"inLanguage":"fr-CA","potentialAction":[{"@type":"ReadAction","target":["https:\/\/www.lecentrefranco.ca\/destination-reussite\/liens-utiles\/"]}]},{"@type":"BreadcrumbList","@id":"https:\/\/www.lecentrefranco.ca\/destination-reussite\/liens-utiles\/#breadcrumb","itemListElement":[{"@type":"ListItem","position":1,"name":"Accueil","item":"https:\/\/www.lecentrefranco.ca\/destination-reussite\/"},{"@type":"ListItem","position":2,"name":"Liens utiles"}]},{"@type":"WebSite","@id":"https:\/\/www.lecentrefranco.ca\/destination-reussite\/#website","url":"https:\/\/www.lecentrefranco.ca\/destination-reussite\/","name":"Destination r\u00e9ussite - Ontario","description":"Appui \u00e0 la strat\u00e9gie R\u00e9ussite des \u00e9l\u00e8ves","publisher":{"@id":"https:\/\/www.lecentrefranco.ca\/destination-reussite\/#organization"},"potentialAction":[{"@type":"SearchAction","target":{"@type":"EntryPoint","urlTemplate":"https:\/\/www.lecentrefranco.ca\/destination-reussite\/?s={search_term_string}"},"query-input":{"@type":"PropertyValueSpecification","valueRequired":true,"valueName":"search_term_string"}}],"inLanguage":"fr-CA"},{"@type":"Organization","@id":"https:\/\/www.lecentrefranco.ca\/destination-reussite\/#organization","name":"Destination r\u00e9ussite - Ontario","url":"https:\/\/www.lecentrefranco.ca\/destination-reussite\/","logo":{"@type":"ImageObject","inLanguage":"fr-CA","@id":"https:\/\/www.lecentrefranco.ca\/destination-reussite\/#\/schema\/logo\/image\/","url":"https:\/\/www.lecentrefranco.ca\/destination-reussite\/wp-content\/uploads\/sites\/10\/2025\/05\/logo-dr-ontario.webp","contentUrl":"https:\/\/www.lecentrefranco.ca\/destination-reussite\/wp-content\/uploads\/sites\/10\/2025\/05\/logo-dr-ontario.webp","width":1014,"height":625,"caption":"Destination r\u00e9ussite - Ontario"},"image":{"@id":"https:\/\/www.lecentrefranco.ca\/destination-reussite\/#\/schema\/logo\/image\/"}}]}},"_links":{"self":[{"href":"https:\/\/www.lecentrefranco.ca\/destination-reussite\/wp-json\/wp\/v2\/pages\/179","targetHints":{"allow":["GET"]}}],"collection":[{"href":"https:\/\/www.lecentrefranco.ca\/destination-reussite\/wp-json\/wp\/v2\/pages"}],"about":[{"href":"https:\/\/www.lecentrefranco.ca\/destination-reussite\/wp-json\/wp\/v2\/types\/page"}],"author":[{"embeddable":true,"href":"https:\/\/www.lecentrefranco.ca\/destination-reussite\/wp-json\/wp\/v2\/users\/4"}],"replies":[{"embeddable":true,"href":"https:\/\/www.lecentrefranco.ca\/destination-reussite\/wp-json\/wp\/v2\/comments?post=179"}],"version-history":[{"count":0,"href":"https:\/\/www.lecentrefranco.ca\/destination-reussite\/wp-json\/wp\/v2\/pages\/179\/revisions"}],"wp:attachment":[{"href":"https:\/\/www.lecentrefranco.ca\/destination-reussite\/wp-json\/wp\/v2\/media?parent=179"}],"curies":[{"name":"wp","href":"https:\/\/api.w.org\/{rel}","templated":true}]}}