{"id":168,"date":"2016-07-13T17:00:14","date_gmt":"2016-07-13T15:00:14","guid":{"rendered":"http:\/\/cforp2.wpengine.com\/destination-reussite\/?page_id=168"},"modified":"2026-03-02T14:15:25","modified_gmt":"2026-03-02T19:15:25","slug":"partenaires-postsecondaires","status":"publish","type":"page","link":"https:\/\/www.lecentrefranco.ca\/destination-reussite\/partenaires-postsecondaires\/","title":{"rendered":"Partenaires postsecondaires"},"content":{"rendered":"<p>Le succ\u00e8s de l\u2019initiative Destination r\u00e9ussite est d\u00fb au travail collaboratif des partenaires au sein du r\u00e9seau \u00e9ducatif francophone de la province. Nos \u00e9tablissements postsecondaires de langue fran\u00e7aise et bilingues viennent compl\u00e9menter et enrichir les programmes de nos \u00e9coles secondaires par l\u2019entremise de projets novateurs qui r\u00e9pondent \u00e0 des besoins locaux ou r\u00e9gionaux et favorisent la r\u00e9tention au sein de nos institutions.<\/p>\n<ul>\n<li><a href=\"http:\/\/www.collegeboreal.ca\/\" target=\"_blank\" rel=\"noopener noreferrer\">Coll\u00e8ge Bor\u00e9al<\/a><\/li>\n<li><a href=\"https:\/\/www.collegelacite.ca\/\" target=\"_blank\" rel=\"noopener noreferrer\">Coll\u00e8ge La Cit\u00e9<\/a><\/li>\n<li><a href=\"https:\/\/www.nosm.ca\/fr\/\" target=\"_blank\" rel=\"noopener\">Universit\u00e9 de l&rsquo;\u00c9cole de m\u00e9decine du Nord de l\u2019Ontario<\/a><\/li>\n<li><a href=\"http:\/\/www.uhearst.ca\/\" target=\"_blank\" rel=\"noopener noreferrer\">Universit\u00e9 de Hearst<\/a><\/li>\n<li><a href=\"https:\/\/uontario.ca\/\" target=\"_blank\" rel=\"noopener\">Universit\u00e9 de l\u2019Ontario fran\u00e7ais<\/a><\/li>\n<li><a href=\"https:\/\/www.uottawa.ca\/fr\" target=\"_blank\" rel=\"noopener noreferrer\">Universit\u00e9 d\u2019Ottawa<\/a><\/li>\n<li><a href=\"https:\/\/www.usudbury.ca\/\" target=\"_blank\" rel=\"noopener noreferrer\">Universit\u00e9 de Sudbury<\/a><\/li>\n<li><a href=\"http:\/\/laurentienne.ca\/\" target=\"_blank\" rel=\"noopener noreferrer\">Universit\u00e9 Laurentienne<\/a><\/li>\n<li><a href=\"http:\/\/ustpaul.ca\/index.php?lang=fr\" target=\"_blank\" rel=\"noopener noreferrer\">Universit\u00e9 Saint-Paul<\/a><\/li>\n<li><a href=\"https:\/\/www.glendon.yorku.ca\/fr\/\" target=\"_blank\" rel=\"noopener noreferrer\">Universit\u00e9 York &#8211; Campus Glendon<\/a><\/li>\n<\/ul>\n<p>&nbsp;<\/p>\n<p>&nbsp;<\/p>\n<p>&nbsp;<\/p>\n","protected":false},"excerpt":{"rendered":"<p>Le succ\u00e8s de l\u2019initiative Destination r\u00e9ussite est d\u00fb au travail collaboratif des partenaires au sein du r\u00e9seau \u00e9ducatif francophone de la province. Nos \u00e9tablissements postsecondaires de langue fran\u00e7aise et bilingues viennent compl\u00e9menter et enrichir les programmes de nos \u00e9coles secondaires par l\u2019entremise de projets novateurs qui r\u00e9pondent \u00e0 des besoins locaux ou r\u00e9gionaux et favorisent [&hellip;]<\/p>\n","protected":false},"author":4,"featured_media":0,"parent":0,"menu_order":0,"comment_status":"closed","ping_status":"closed","template":"","meta":{"_acf_changed":false,"footnotes":""},"class_list":["post-168","page","type-page","status-publish","hentry"],"acf":[],"yoast_head":"<!-- This site is optimized with the Yoast SEO plugin v27.4 - https:\/\/yoast.com\/product\/yoast-seo-wordpress\/ -->\n<title>Partenaires postsecondaires \u2013 Destination r\u00e9ussite (Ontario)<\/title>\n<meta name=\"description\" content=\"Explorez les partenaires postsecondaires de Destination r\u00e9ussite: coll\u00e8ges et universit\u00e9s francophones et bilingues qui renforcent la r\u00e9ussite des \u00e9l\u00e8ves gr\u00e2ce \u00e0 des projets \u00e9ducatifs novateurs et adapt\u00e9s aux besoins des r\u00e9gions de l\u2019Ontario.\" \/>\n<meta name=\"robots\" content=\"index, follow, max-snippet:-1, max-image-preview:large, max-video-preview:-1\" \/>\n<link rel=\"canonical\" href=\"https:\/\/www.lecentrefranco.ca\/destination-reussite\/partenaires-postsecondaires\/\" \/>\n<meta property=\"og:locale\" content=\"fr_CA\" \/>\n<meta property=\"og:type\" content=\"article\" \/>\n<meta property=\"og:title\" content=\"Partenaires postsecondaires \u2013 Destination r\u00e9ussite (Ontario)\" \/>\n<meta property=\"og:description\" content=\"Explorez les partenaires postsecondaires de Destination r\u00e9ussite: coll\u00e8ges et universit\u00e9s francophones et bilingues qui renforcent la r\u00e9ussite des \u00e9l\u00e8ves gr\u00e2ce \u00e0 des projets \u00e9ducatifs novateurs et adapt\u00e9s aux besoins des r\u00e9gions de l\u2019Ontario.\" \/>\n<meta property=\"og:url\" content=\"https:\/\/www.lecentrefranco.ca\/destination-reussite\/partenaires-postsecondaires\/\" \/>\n<meta property=\"og:site_name\" content=\"Destination r\u00e9ussite - Ontario\" \/>\n<meta property=\"article:modified_time\" content=\"2026-03-02T19:15:25+00:00\" \/>\n<meta name=\"twitter:card\" content=\"summary_large_image\" \/>\n<meta name=\"twitter:label1\" content=\"Estimation du temps de lecture\" \/>\n\t<meta name=\"twitter:data1\" content=\"1 minute\" \/>\n<script type=\"application\/ld+json\" class=\"yoast-schema-graph\">{\"@context\":\"https:\\\/\\\/schema.org\",\"@graph\":[{\"@type\":\"WebPage\",\"@id\":\"https:\\\/\\\/www.lecentrefranco.ca\\\/destination-reussite\\\/partenaires-postsecondaires\\\/\",\"url\":\"https:\\\/\\\/www.lecentrefranco.ca\\\/destination-reussite\\\/partenaires-postsecondaires\\\/\",\"name\":\"Partenaires postsecondaires \u2013 Destination r\u00e9ussite (Ontario)\",\"isPartOf\":{\"@id\":\"https:\\\/\\\/www.lecentrefranco.ca\\\/destination-reussite\\\/#website\"},\"datePublished\":\"2016-07-13T15:00:14+00:00\",\"dateModified\":\"2026-03-02T19:15:25+00:00\",\"description\":\"Explorez les partenaires postsecondaires de Destination r\u00e9ussite: coll\u00e8ges et universit\u00e9s francophones et bilingues qui renforcent la r\u00e9ussite des \u00e9l\u00e8ves gr\u00e2ce \u00e0 des projets \u00e9ducatifs novateurs et adapt\u00e9s aux besoins des r\u00e9gions de l\u2019Ontario.\",\"breadcrumb\":{\"@id\":\"https:\\\/\\\/www.lecentrefranco.ca\\\/destination-reussite\\\/partenaires-postsecondaires\\\/#breadcrumb\"},\"inLanguage\":\"fr-CA\",\"potentialAction\":[{\"@type\":\"ReadAction\",\"target\":[\"https:\\\/\\\/www.lecentrefranco.ca\\\/destination-reussite\\\/partenaires-postsecondaires\\\/\"]}]},{\"@type\":\"BreadcrumbList\",\"@id\":\"https:\\\/\\\/www.lecentrefranco.ca\\\/destination-reussite\\\/partenaires-postsecondaires\\\/#breadcrumb\",\"itemListElement\":[{\"@type\":\"ListItem\",\"position\":1,\"name\":\"Accueil\",\"item\":\"https:\\\/\\\/www.lecentrefranco.ca\\\/destination-reussite\\\/\"},{\"@type\":\"ListItem\",\"position\":2,\"name\":\"Partenaires postsecondaires\"}]},{\"@type\":\"WebSite\",\"@id\":\"https:\\\/\\\/www.lecentrefranco.ca\\\/destination-reussite\\\/#website\",\"url\":\"https:\\\/\\\/www.lecentrefranco.ca\\\/destination-reussite\\\/\",\"name\":\"Destination r\u00e9ussite - Ontario\",\"description\":\"Appui \u00e0 la strat\u00e9gie R\u00e9ussite des \u00e9l\u00e8ves\",\"publisher\":{\"@id\":\"https:\\\/\\\/www.lecentrefranco.ca\\\/destination-reussite\\\/#organization\"},\"potentialAction\":[{\"@type\":\"SearchAction\",\"target\":{\"@type\":\"EntryPoint\",\"urlTemplate\":\"https:\\\/\\\/www.lecentrefranco.ca\\\/destination-reussite\\\/?s={search_term_string}\"},\"query-input\":{\"@type\":\"PropertyValueSpecification\",\"valueRequired\":true,\"valueName\":\"search_term_string\"}}],\"inLanguage\":\"fr-CA\"},{\"@type\":\"Organization\",\"@id\":\"https:\\\/\\\/www.lecentrefranco.ca\\\/destination-reussite\\\/#organization\",\"name\":\"Destination r\u00e9ussite - Ontario\",\"url\":\"https:\\\/\\\/www.lecentrefranco.ca\\\/destination-reussite\\\/\",\"logo\":{\"@type\":\"ImageObject\",\"inLanguage\":\"fr-CA\",\"@id\":\"https:\\\/\\\/www.lecentrefranco.ca\\\/destination-reussite\\\/#\\\/schema\\\/logo\\\/image\\\/\",\"url\":\"https:\\\/\\\/www.lecentrefranco.ca\\\/destination-reussite\\\/wp-content\\\/uploads\\\/sites\\\/10\\\/2025\\\/05\\\/logo-dr-ontario.webp\",\"contentUrl\":\"https:\\\/\\\/www.lecentrefranco.ca\\\/destination-reussite\\\/wp-content\\\/uploads\\\/sites\\\/10\\\/2025\\\/05\\\/logo-dr-ontario.webp\",\"width\":1014,\"height\":625,\"caption\":\"Destination r\u00e9ussite - Ontario\"},\"image\":{\"@id\":\"https:\\\/\\\/www.lecentrefranco.ca\\\/destination-reussite\\\/#\\\/schema\\\/logo\\\/image\\\/\"}}]}<\/script>\n<!-- \/ Yoast SEO plugin. -->","yoast_head_json":{"title":"Partenaires postsecondaires \u2013 Destination r\u00e9ussite (Ontario)","description":"Explorez les partenaires postsecondaires de Destination r\u00e9ussite: coll\u00e8ges et universit\u00e9s francophones et bilingues qui renforcent la r\u00e9ussite des \u00e9l\u00e8ves gr\u00e2ce \u00e0 des projets \u00e9ducatifs novateurs et adapt\u00e9s aux besoins des r\u00e9gions de l\u2019Ontario.","robots":{"index":"index","follow":"follow","max-snippet":"max-snippet:-1","max-image-preview":"max-image-preview:large","max-video-preview":"max-video-preview:-1"},"canonical":"https:\/\/www.lecentrefranco.ca\/destination-reussite\/partenaires-postsecondaires\/","og_locale":"fr_CA","og_type":"article","og_title":"Partenaires postsecondaires \u2013 Destination r\u00e9ussite (Ontario)","og_description":"Explorez les partenaires postsecondaires de Destination r\u00e9ussite: coll\u00e8ges et universit\u00e9s francophones et bilingues qui renforcent la r\u00e9ussite des \u00e9l\u00e8ves gr\u00e2ce \u00e0 des projets \u00e9ducatifs novateurs et adapt\u00e9s aux besoins des r\u00e9gions de l\u2019Ontario.","og_url":"https:\/\/www.lecentrefranco.ca\/destination-reussite\/partenaires-postsecondaires\/","og_site_name":"Destination r\u00e9ussite - Ontario","article_modified_time":"2026-03-02T19:15:25+00:00","twitter_card":"summary_large_image","twitter_misc":{"Estimation du temps de lecture":"1 minute"},"schema":{"@context":"https:\/\/schema.org","@graph":[{"@type":"WebPage","@id":"https:\/\/www.lecentrefranco.ca\/destination-reussite\/partenaires-postsecondaires\/","url":"https:\/\/www.lecentrefranco.ca\/destination-reussite\/partenaires-postsecondaires\/","name":"Partenaires postsecondaires \u2013 Destination r\u00e9ussite (Ontario)","isPartOf":{"@id":"https:\/\/www.lecentrefranco.ca\/destination-reussite\/#website"},"datePublished":"2016-07-13T15:00:14+00:00","dateModified":"2026-03-02T19:15:25+00:00","description":"Explorez les partenaires postsecondaires de Destination r\u00e9ussite: coll\u00e8ges et universit\u00e9s francophones et bilingues qui renforcent la r\u00e9ussite des \u00e9l\u00e8ves gr\u00e2ce \u00e0 des projets \u00e9ducatifs novateurs et adapt\u00e9s aux besoins des r\u00e9gions de l\u2019Ontario.","breadcrumb":{"@id":"https:\/\/www.lecentrefranco.ca\/destination-reussite\/partenaires-postsecondaires\/#breadcrumb"},"inLanguage":"fr-CA","potentialAction":[{"@type":"ReadAction","target":["https:\/\/www.lecentrefranco.ca\/destination-reussite\/partenaires-postsecondaires\/"]}]},{"@type":"BreadcrumbList","@id":"https:\/\/www.lecentrefranco.ca\/destination-reussite\/partenaires-postsecondaires\/#breadcrumb","itemListElement":[{"@type":"ListItem","position":1,"name":"Accueil","item":"https:\/\/www.lecentrefranco.ca\/destination-reussite\/"},{"@type":"ListItem","position":2,"name":"Partenaires postsecondaires"}]},{"@type":"WebSite","@id":"https:\/\/www.lecentrefranco.ca\/destination-reussite\/#website","url":"https:\/\/www.lecentrefranco.ca\/destination-reussite\/","name":"Destination r\u00e9ussite - Ontario","description":"Appui \u00e0 la strat\u00e9gie R\u00e9ussite des \u00e9l\u00e8ves","publisher":{"@id":"https:\/\/www.lecentrefranco.ca\/destination-reussite\/#organization"},"potentialAction":[{"@type":"SearchAction","target":{"@type":"EntryPoint","urlTemplate":"https:\/\/www.lecentrefranco.ca\/destination-reussite\/?s={search_term_string}"},"query-input":{"@type":"PropertyValueSpecification","valueRequired":true,"valueName":"search_term_string"}}],"inLanguage":"fr-CA"},{"@type":"Organization","@id":"https:\/\/www.lecentrefranco.ca\/destination-reussite\/#organization","name":"Destination r\u00e9ussite - Ontario","url":"https:\/\/www.lecentrefranco.ca\/destination-reussite\/","logo":{"@type":"ImageObject","inLanguage":"fr-CA","@id":"https:\/\/www.lecentrefranco.ca\/destination-reussite\/#\/schema\/logo\/image\/","url":"https:\/\/www.lecentrefranco.ca\/destination-reussite\/wp-content\/uploads\/sites\/10\/2025\/05\/logo-dr-ontario.webp","contentUrl":"https:\/\/www.lecentrefranco.ca\/destination-reussite\/wp-content\/uploads\/sites\/10\/2025\/05\/logo-dr-ontario.webp","width":1014,"height":625,"caption":"Destination r\u00e9ussite - Ontario"},"image":{"@id":"https:\/\/www.lecentrefranco.ca\/destination-reussite\/#\/schema\/logo\/image\/"}}]}},"_links":{"self":[{"href":"https:\/\/www.lecentrefranco.ca\/destination-reussite\/wp-json\/wp\/v2\/pages\/168","targetHints":{"allow":["GET"]}}],"collection":[{"href":"https:\/\/www.lecentrefranco.ca\/destination-reussite\/wp-json\/wp\/v2\/pages"}],"about":[{"href":"https:\/\/www.lecentrefranco.ca\/destination-reussite\/wp-json\/wp\/v2\/types\/page"}],"author":[{"embeddable":true,"href":"https:\/\/www.lecentrefranco.ca\/destination-reussite\/wp-json\/wp\/v2\/users\/4"}],"replies":[{"embeddable":true,"href":"https:\/\/www.lecentrefranco.ca\/destination-reussite\/wp-json\/wp\/v2\/comments?post=168"}],"version-history":[{"count":0,"href":"https:\/\/www.lecentrefranco.ca\/destination-reussite\/wp-json\/wp\/v2\/pages\/168\/revisions"}],"wp:attachment":[{"href":"https:\/\/www.lecentrefranco.ca\/destination-reussite\/wp-json\/wp\/v2\/media?parent=168"}],"curies":[{"name":"wp","href":"https:\/\/api.w.org\/{rel}","templated":true}]}}