{"id":123,"date":"2016-07-12T19:27:22","date_gmt":"2016-07-12T17:27:22","guid":{"rendered":"http:\/\/cforp2.wpengine.com\/destination-reussite\/?page_id=123"},"modified":"2024-09-25T07:06:16","modified_gmt":"2024-09-25T11:06:16","slug":"activites-dapprentissage-contextualisees-aac","status":"publish","type":"page","link":"https:\/\/www.lecentrefranco.ca\/destination-reussite\/activites-dapprentissage-contextualisees-aac\/","title":{"rendered":"Activit\u00e9s d\u2019apprentissage contextualis\u00e9es (AAC)"},"content":{"rendered":"<p>Les activit\u00e9s d\u2019apprentissage contextualis\u00e9es (AAC) sont des exemples d\u2019activit\u00e9s qui am\u00e8nent les \u00e9l\u00e8ves \u00e0 appliquer des connaissances et des comp\u00e9tences \u00e9troitement li\u00e9es au secteur \u00e9conomique d\u2019une majeure. Elles visent le traitement des attentes du curriculum se rattachant \u00e0 ces cours.<\/p>\n<p>Un grand nombre de AAC se trouvent sur le site Web de la <a class=\"pdf\" style=\"text-decoration: underline;\" href=\"https:\/\/communaute.apprentissageelectroniqueontario.ca\/index-fr.asp\" target=\"_blank\" rel=\"noopener\">Communaut\u00e9 d\u2019@pprentissage Ontario<\/a>. Nous vous invitons \u00e0 consulter ce site pour obtenir les documents d\u00e9sir\u00e9s. Si vous avez de la difficult\u00e9 \u00e0 acc\u00e9der au site Web, veuillez communiquer avec la personne responsable de la coordination MHS de votre conseil scolaire.<\/p>\n","protected":false},"excerpt":{"rendered":"<p>Les activit\u00e9s d\u2019apprentissage contextualis\u00e9es (AAC) sont des exemples d\u2019activit\u00e9s qui am\u00e8nent les \u00e9l\u00e8ves \u00e0 appliquer des connaissances et des comp\u00e9tences \u00e9troitement li\u00e9es au secteur \u00e9conomique d\u2019une majeure. Elles visent le traitement des attentes du curriculum se rattachant \u00e0 ces cours. Un grand nombre de AAC se trouvent sur le site Web de la Communaut\u00e9 d\u2019@pprentissage [&hellip;]<\/p>\n","protected":false},"author":4,"featured_media":0,"parent":0,"menu_order":0,"comment_status":"closed","ping_status":"closed","template":"","meta":{"_acf_changed":false,"footnotes":""},"class_list":["post-123","page","type-page","status-publish","hentry"],"acf":[],"yoast_head":"<!-- This site is optimized with the Yoast SEO plugin v27.4 - https:\/\/yoast.com\/product\/yoast-seo-wordpress\/ -->\n<title>Activit\u00e9s d\u2019apprentissage contextualis\u00e9es (AAC)<\/title>\n<meta name=\"description\" content=\"Exemples d\u2019activit\u00e9s qui am\u00e8nent les \u00e9l\u00e8ves \u00e0 appliquer des connaissances et des comp\u00e9tences \u00e9troitement li\u00e9es au secteur \u00e9conomique d\u2019une majeure.\" \/>\n<meta name=\"robots\" content=\"index, follow, max-snippet:-1, max-image-preview:large, max-video-preview:-1\" \/>\n<link rel=\"canonical\" href=\"https:\/\/www.lecentrefranco.ca\/destination-reussite\/activites-dapprentissage-contextualisees-aac\/\" \/>\n<meta property=\"og:locale\" content=\"fr_CA\" \/>\n<meta property=\"og:type\" content=\"article\" \/>\n<meta property=\"og:title\" content=\"Activit\u00e9s d\u2019apprentissage contextualis\u00e9es (AAC)\" \/>\n<meta property=\"og:description\" content=\"Exemples d\u2019activit\u00e9s qui am\u00e8nent les \u00e9l\u00e8ves \u00e0 appliquer des connaissances et des comp\u00e9tences \u00e9troitement li\u00e9es au secteur \u00e9conomique d\u2019une majeure.\" \/>\n<meta property=\"og:url\" content=\"https:\/\/www.lecentrefranco.ca\/destination-reussite\/activites-dapprentissage-contextualisees-aac\/\" \/>\n<meta property=\"og:site_name\" content=\"Destination r\u00e9ussite - Ontario\" \/>\n<meta property=\"article:modified_time\" content=\"2024-09-25T11:06:16+00:00\" \/>\n<meta name=\"twitter:card\" content=\"summary_large_image\" \/>\n<meta name=\"twitter:label1\" content=\"Estimation du temps de lecture\" \/>\n\t<meta name=\"twitter:data1\" content=\"1 minute\" \/>\n<script type=\"application\/ld+json\" class=\"yoast-schema-graph\">{\"@context\":\"https:\\\/\\\/schema.org\",\"@graph\":[{\"@type\":\"WebPage\",\"@id\":\"https:\\\/\\\/www.lecentrefranco.ca\\\/destination-reussite\\\/activites-dapprentissage-contextualisees-aac\\\/\",\"url\":\"https:\\\/\\\/www.lecentrefranco.ca\\\/destination-reussite\\\/activites-dapprentissage-contextualisees-aac\\\/\",\"name\":\"Activit\u00e9s d\u2019apprentissage contextualis\u00e9es (AAC)\",\"isPartOf\":{\"@id\":\"https:\\\/\\\/www.lecentrefranco.ca\\\/destination-reussite\\\/#website\"},\"datePublished\":\"2016-07-12T17:27:22+00:00\",\"dateModified\":\"2024-09-25T11:06:16+00:00\",\"description\":\"Exemples d\u2019activit\u00e9s qui am\u00e8nent les \u00e9l\u00e8ves \u00e0 appliquer des connaissances et des comp\u00e9tences \u00e9troitement li\u00e9es au secteur \u00e9conomique d\u2019une majeure.\",\"breadcrumb\":{\"@id\":\"https:\\\/\\\/www.lecentrefranco.ca\\\/destination-reussite\\\/activites-dapprentissage-contextualisees-aac\\\/#breadcrumb\"},\"inLanguage\":\"fr-CA\",\"potentialAction\":[{\"@type\":\"ReadAction\",\"target\":[\"https:\\\/\\\/www.lecentrefranco.ca\\\/destination-reussite\\\/activites-dapprentissage-contextualisees-aac\\\/\"]}]},{\"@type\":\"BreadcrumbList\",\"@id\":\"https:\\\/\\\/www.lecentrefranco.ca\\\/destination-reussite\\\/activites-dapprentissage-contextualisees-aac\\\/#breadcrumb\",\"itemListElement\":[{\"@type\":\"ListItem\",\"position\":1,\"name\":\"Accueil\",\"item\":\"https:\\\/\\\/www.lecentrefranco.ca\\\/destination-reussite\\\/\"},{\"@type\":\"ListItem\",\"position\":2,\"name\":\"Activit\u00e9s d\u2019apprentissage contextualis\u00e9es (AAC)\"}]},{\"@type\":\"WebSite\",\"@id\":\"https:\\\/\\\/www.lecentrefranco.ca\\\/destination-reussite\\\/#website\",\"url\":\"https:\\\/\\\/www.lecentrefranco.ca\\\/destination-reussite\\\/\",\"name\":\"Destination r\u00e9ussite - Ontario\",\"description\":\"Appui \u00e0 la strat\u00e9gie R\u00e9ussite des \u00e9l\u00e8ves\",\"publisher\":{\"@id\":\"https:\\\/\\\/www.lecentrefranco.ca\\\/destination-reussite\\\/#organization\"},\"potentialAction\":[{\"@type\":\"SearchAction\",\"target\":{\"@type\":\"EntryPoint\",\"urlTemplate\":\"https:\\\/\\\/www.lecentrefranco.ca\\\/destination-reussite\\\/?s={search_term_string}\"},\"query-input\":{\"@type\":\"PropertyValueSpecification\",\"valueRequired\":true,\"valueName\":\"search_term_string\"}}],\"inLanguage\":\"fr-CA\"},{\"@type\":\"Organization\",\"@id\":\"https:\\\/\\\/www.lecentrefranco.ca\\\/destination-reussite\\\/#organization\",\"name\":\"Destination r\u00e9ussite - Ontario\",\"url\":\"https:\\\/\\\/www.lecentrefranco.ca\\\/destination-reussite\\\/\",\"logo\":{\"@type\":\"ImageObject\",\"inLanguage\":\"fr-CA\",\"@id\":\"https:\\\/\\\/www.lecentrefranco.ca\\\/destination-reussite\\\/#\\\/schema\\\/logo\\\/image\\\/\",\"url\":\"https:\\\/\\\/www.lecentrefranco.ca\\\/destination-reussite\\\/wp-content\\\/uploads\\\/sites\\\/10\\\/2025\\\/05\\\/logo-dr-ontario.webp\",\"contentUrl\":\"https:\\\/\\\/www.lecentrefranco.ca\\\/destination-reussite\\\/wp-content\\\/uploads\\\/sites\\\/10\\\/2025\\\/05\\\/logo-dr-ontario.webp\",\"width\":1014,\"height\":625,\"caption\":\"Destination r\u00e9ussite - Ontario\"},\"image\":{\"@id\":\"https:\\\/\\\/www.lecentrefranco.ca\\\/destination-reussite\\\/#\\\/schema\\\/logo\\\/image\\\/\"}}]}<\/script>\n<!-- \/ Yoast SEO plugin. -->","yoast_head_json":{"title":"Activit\u00e9s d\u2019apprentissage contextualis\u00e9es (AAC)","description":"Exemples d\u2019activit\u00e9s qui am\u00e8nent les \u00e9l\u00e8ves \u00e0 appliquer des connaissances et des comp\u00e9tences \u00e9troitement li\u00e9es au secteur \u00e9conomique d\u2019une majeure.","robots":{"index":"index","follow":"follow","max-snippet":"max-snippet:-1","max-image-preview":"max-image-preview:large","max-video-preview":"max-video-preview:-1"},"canonical":"https:\/\/www.lecentrefranco.ca\/destination-reussite\/activites-dapprentissage-contextualisees-aac\/","og_locale":"fr_CA","og_type":"article","og_title":"Activit\u00e9s d\u2019apprentissage contextualis\u00e9es (AAC)","og_description":"Exemples d\u2019activit\u00e9s qui am\u00e8nent les \u00e9l\u00e8ves \u00e0 appliquer des connaissances et des comp\u00e9tences \u00e9troitement li\u00e9es au secteur \u00e9conomique d\u2019une majeure.","og_url":"https:\/\/www.lecentrefranco.ca\/destination-reussite\/activites-dapprentissage-contextualisees-aac\/","og_site_name":"Destination r\u00e9ussite - Ontario","article_modified_time":"2024-09-25T11:06:16+00:00","twitter_card":"summary_large_image","twitter_misc":{"Estimation du temps de lecture":"1 minute"},"schema":{"@context":"https:\/\/schema.org","@graph":[{"@type":"WebPage","@id":"https:\/\/www.lecentrefranco.ca\/destination-reussite\/activites-dapprentissage-contextualisees-aac\/","url":"https:\/\/www.lecentrefranco.ca\/destination-reussite\/activites-dapprentissage-contextualisees-aac\/","name":"Activit\u00e9s d\u2019apprentissage contextualis\u00e9es (AAC)","isPartOf":{"@id":"https:\/\/www.lecentrefranco.ca\/destination-reussite\/#website"},"datePublished":"2016-07-12T17:27:22+00:00","dateModified":"2024-09-25T11:06:16+00:00","description":"Exemples d\u2019activit\u00e9s qui am\u00e8nent les \u00e9l\u00e8ves \u00e0 appliquer des connaissances et des comp\u00e9tences \u00e9troitement li\u00e9es au secteur \u00e9conomique d\u2019une majeure.","breadcrumb":{"@id":"https:\/\/www.lecentrefranco.ca\/destination-reussite\/activites-dapprentissage-contextualisees-aac\/#breadcrumb"},"inLanguage":"fr-CA","potentialAction":[{"@type":"ReadAction","target":["https:\/\/www.lecentrefranco.ca\/destination-reussite\/activites-dapprentissage-contextualisees-aac\/"]}]},{"@type":"BreadcrumbList","@id":"https:\/\/www.lecentrefranco.ca\/destination-reussite\/activites-dapprentissage-contextualisees-aac\/#breadcrumb","itemListElement":[{"@type":"ListItem","position":1,"name":"Accueil","item":"https:\/\/www.lecentrefranco.ca\/destination-reussite\/"},{"@type":"ListItem","position":2,"name":"Activit\u00e9s d\u2019apprentissage contextualis\u00e9es (AAC)"}]},{"@type":"WebSite","@id":"https:\/\/www.lecentrefranco.ca\/destination-reussite\/#website","url":"https:\/\/www.lecentrefranco.ca\/destination-reussite\/","name":"Destination r\u00e9ussite - Ontario","description":"Appui \u00e0 la strat\u00e9gie R\u00e9ussite des \u00e9l\u00e8ves","publisher":{"@id":"https:\/\/www.lecentrefranco.ca\/destination-reussite\/#organization"},"potentialAction":[{"@type":"SearchAction","target":{"@type":"EntryPoint","urlTemplate":"https:\/\/www.lecentrefranco.ca\/destination-reussite\/?s={search_term_string}"},"query-input":{"@type":"PropertyValueSpecification","valueRequired":true,"valueName":"search_term_string"}}],"inLanguage":"fr-CA"},{"@type":"Organization","@id":"https:\/\/www.lecentrefranco.ca\/destination-reussite\/#organization","name":"Destination r\u00e9ussite - Ontario","url":"https:\/\/www.lecentrefranco.ca\/destination-reussite\/","logo":{"@type":"ImageObject","inLanguage":"fr-CA","@id":"https:\/\/www.lecentrefranco.ca\/destination-reussite\/#\/schema\/logo\/image\/","url":"https:\/\/www.lecentrefranco.ca\/destination-reussite\/wp-content\/uploads\/sites\/10\/2025\/05\/logo-dr-ontario.webp","contentUrl":"https:\/\/www.lecentrefranco.ca\/destination-reussite\/wp-content\/uploads\/sites\/10\/2025\/05\/logo-dr-ontario.webp","width":1014,"height":625,"caption":"Destination r\u00e9ussite - Ontario"},"image":{"@id":"https:\/\/www.lecentrefranco.ca\/destination-reussite\/#\/schema\/logo\/image\/"}}]}},"_links":{"self":[{"href":"https:\/\/www.lecentrefranco.ca\/destination-reussite\/wp-json\/wp\/v2\/pages\/123","targetHints":{"allow":["GET"]}}],"collection":[{"href":"https:\/\/www.lecentrefranco.ca\/destination-reussite\/wp-json\/wp\/v2\/pages"}],"about":[{"href":"https:\/\/www.lecentrefranco.ca\/destination-reussite\/wp-json\/wp\/v2\/types\/page"}],"author":[{"embeddable":true,"href":"https:\/\/www.lecentrefranco.ca\/destination-reussite\/wp-json\/wp\/v2\/users\/4"}],"replies":[{"embeddable":true,"href":"https:\/\/www.lecentrefranco.ca\/destination-reussite\/wp-json\/wp\/v2\/comments?post=123"}],"version-history":[{"count":0,"href":"https:\/\/www.lecentrefranco.ca\/destination-reussite\/wp-json\/wp\/v2\/pages\/123\/revisions"}],"wp:attachment":[{"href":"https:\/\/www.lecentrefranco.ca\/destination-reussite\/wp-json\/wp\/v2\/media?parent=123"}],"curies":[{"name":"wp","href":"https:\/\/api.w.org\/{rel}","templated":true}]}}