{"id":1131,"date":"2025-04-01T13:34:56","date_gmt":"2025-04-01T17:34:56","guid":{"rendered":"https:\/\/www.lecentrefranco.ca\/destination-reussite\/?page_id=1131"},"modified":"2026-03-19T14:48:55","modified_gmt":"2026-03-19T18:48:55","slug":"tableau-synthese-des-activites","status":"publish","type":"page","link":"https:\/\/www.lecentrefranco.ca\/destination-reussite\/region-du-nord\/tableau-synthese-des-activites\/","title":{"rendered":"Tableau synth\u00e8se des activit\u00e9s du Nord"},"content":{"rendered":"","protected":false},"excerpt":{"rendered":"","protected":false},"author":4,"featured_media":0,"parent":112,"menu_order":0,"comment_status":"closed","ping_status":"closed","template":"page-nord-calendrier-att.php","meta":{"_acf_changed":false,"footnotes":""},"class_list":["post-1131","page","type-page","status-publish","hentry"],"acf":[],"yoast_head":"<!-- This site is optimized with the Yoast SEO plugin v27.4 - https:\/\/yoast.com\/product\/yoast-seo-wordpress\/ -->\n<title>Activit\u00e9s \u2013 r\u00e9gion du Nord \u2013 Destination r\u00e9ussite (Ontario)<\/title>\n<meta name=\"description\" content=\"Destination r\u00e9ussite vous propose ici un survol des activit\u00e9s d\u2019anticipation offertes aux \u00e9l\u00e8ves de la r\u00e9gion du Nord de l\u2019Ontario.\" \/>\n<meta name=\"robots\" content=\"index, follow, max-snippet:-1, max-image-preview:large, max-video-preview:-1\" \/>\n<link rel=\"canonical\" href=\"https:\/\/www.lecentrefranco.ca\/destination-reussite\/region-du-nord\/tableau-synthese-des-activites\/\" \/>\n<meta property=\"og:locale\" content=\"fr_CA\" \/>\n<meta property=\"og:type\" content=\"article\" \/>\n<meta property=\"og:title\" content=\"Activit\u00e9s \u2013 r\u00e9gion du Nord \u2013 Destination r\u00e9ussite (Ontario)\" \/>\n<meta property=\"og:description\" content=\"Destination r\u00e9ussite vous propose ici un survol des activit\u00e9s d\u2019anticipation offertes aux \u00e9l\u00e8ves de la r\u00e9gion du Nord de l\u2019Ontario.\" \/>\n<meta property=\"og:url\" content=\"https:\/\/www.lecentrefranco.ca\/destination-reussite\/region-du-nord\/tableau-synthese-des-activites\/\" \/>\n<meta property=\"og:site_name\" content=\"Destination r\u00e9ussite - Ontario\" \/>\n<meta property=\"article:modified_time\" content=\"2026-03-19T18:48:55+00:00\" \/>\n<meta name=\"twitter:card\" content=\"summary_large_image\" \/>\n<script type=\"application\/ld+json\" class=\"yoast-schema-graph\">{\"@context\":\"https:\\\/\\\/schema.org\",\"@graph\":[{\"@type\":\"WebPage\",\"@id\":\"https:\\\/\\\/www.lecentrefranco.ca\\\/destination-reussite\\\/region-du-nord\\\/tableau-synthese-des-activites\\\/\",\"url\":\"https:\\\/\\\/www.lecentrefranco.ca\\\/destination-reussite\\\/region-du-nord\\\/tableau-synthese-des-activites\\\/\",\"name\":\"Activit\u00e9s \u2013 r\u00e9gion du Nord \u2013 Destination r\u00e9ussite (Ontario)\",\"isPartOf\":{\"@id\":\"https:\\\/\\\/www.lecentrefranco.ca\\\/destination-reussite\\\/#website\"},\"datePublished\":\"2025-04-01T17:34:56+00:00\",\"dateModified\":\"2026-03-19T18:48:55+00:00\",\"description\":\"Destination r\u00e9ussite vous propose ici un survol des activit\u00e9s d\u2019anticipation offertes aux \u00e9l\u00e8ves de la r\u00e9gion du Nord de l\u2019Ontario.\",\"breadcrumb\":{\"@id\":\"https:\\\/\\\/www.lecentrefranco.ca\\\/destination-reussite\\\/region-du-nord\\\/tableau-synthese-des-activites\\\/#breadcrumb\"},\"inLanguage\":\"fr-CA\",\"potentialAction\":[{\"@type\":\"ReadAction\",\"target\":[\"https:\\\/\\\/www.lecentrefranco.ca\\\/destination-reussite\\\/region-du-nord\\\/tableau-synthese-des-activites\\\/\"]}]},{\"@type\":\"BreadcrumbList\",\"@id\":\"https:\\\/\\\/www.lecentrefranco.ca\\\/destination-reussite\\\/region-du-nord\\\/tableau-synthese-des-activites\\\/#breadcrumb\",\"itemListElement\":[{\"@type\":\"ListItem\",\"position\":1,\"name\":\"Accueil\",\"item\":\"https:\\\/\\\/www.lecentrefranco.ca\\\/destination-reussite\\\/\"},{\"@type\":\"ListItem\",\"position\":2,\"name\":\"R\u00e9gion du Nord\",\"item\":\"https:\\\/\\\/www.lecentrefranco.ca\\\/destination-reussite\\\/region-du-nord\\\/\"},{\"@type\":\"ListItem\",\"position\":3,\"name\":\"Tableau synth\u00e8se des activit\u00e9s du Nord\"}]},{\"@type\":\"WebSite\",\"@id\":\"https:\\\/\\\/www.lecentrefranco.ca\\\/destination-reussite\\\/#website\",\"url\":\"https:\\\/\\\/www.lecentrefranco.ca\\\/destination-reussite\\\/\",\"name\":\"Destination r\u00e9ussite - Ontario\",\"description\":\"Appui \u00e0 la strat\u00e9gie R\u00e9ussite des \u00e9l\u00e8ves\",\"publisher\":{\"@id\":\"https:\\\/\\\/www.lecentrefranco.ca\\\/destination-reussite\\\/#organization\"},\"potentialAction\":[{\"@type\":\"SearchAction\",\"target\":{\"@type\":\"EntryPoint\",\"urlTemplate\":\"https:\\\/\\\/www.lecentrefranco.ca\\\/destination-reussite\\\/?s={search_term_string}\"},\"query-input\":{\"@type\":\"PropertyValueSpecification\",\"valueRequired\":true,\"valueName\":\"search_term_string\"}}],\"inLanguage\":\"fr-CA\"},{\"@type\":\"Organization\",\"@id\":\"https:\\\/\\\/www.lecentrefranco.ca\\\/destination-reussite\\\/#organization\",\"name\":\"Destination r\u00e9ussite - Ontario\",\"url\":\"https:\\\/\\\/www.lecentrefranco.ca\\\/destination-reussite\\\/\",\"logo\":{\"@type\":\"ImageObject\",\"inLanguage\":\"fr-CA\",\"@id\":\"https:\\\/\\\/www.lecentrefranco.ca\\\/destination-reussite\\\/#\\\/schema\\\/logo\\\/image\\\/\",\"url\":\"https:\\\/\\\/www.lecentrefranco.ca\\\/destination-reussite\\\/wp-content\\\/uploads\\\/sites\\\/10\\\/2025\\\/05\\\/logo-dr-ontario.webp\",\"contentUrl\":\"https:\\\/\\\/www.lecentrefranco.ca\\\/destination-reussite\\\/wp-content\\\/uploads\\\/sites\\\/10\\\/2025\\\/05\\\/logo-dr-ontario.webp\",\"width\":1014,\"height\":625,\"caption\":\"Destination r\u00e9ussite - Ontario\"},\"image\":{\"@id\":\"https:\\\/\\\/www.lecentrefranco.ca\\\/destination-reussite\\\/#\\\/schema\\\/logo\\\/image\\\/\"}}]}<\/script>\n<!-- \/ Yoast SEO plugin. -->","yoast_head_json":{"title":"Activit\u00e9s \u2013 r\u00e9gion du Nord \u2013 Destination r\u00e9ussite (Ontario)","description":"Destination r\u00e9ussite vous propose ici un survol des activit\u00e9s d\u2019anticipation offertes aux \u00e9l\u00e8ves de la r\u00e9gion du Nord de l\u2019Ontario.","robots":{"index":"index","follow":"follow","max-snippet":"max-snippet:-1","max-image-preview":"max-image-preview:large","max-video-preview":"max-video-preview:-1"},"canonical":"https:\/\/www.lecentrefranco.ca\/destination-reussite\/region-du-nord\/tableau-synthese-des-activites\/","og_locale":"fr_CA","og_type":"article","og_title":"Activit\u00e9s \u2013 r\u00e9gion du Nord \u2013 Destination r\u00e9ussite (Ontario)","og_description":"Destination r\u00e9ussite vous propose ici un survol des activit\u00e9s d\u2019anticipation offertes aux \u00e9l\u00e8ves de la r\u00e9gion du Nord de l\u2019Ontario.","og_url":"https:\/\/www.lecentrefranco.ca\/destination-reussite\/region-du-nord\/tableau-synthese-des-activites\/","og_site_name":"Destination r\u00e9ussite - Ontario","article_modified_time":"2026-03-19T18:48:55+00:00","twitter_card":"summary_large_image","schema":{"@context":"https:\/\/schema.org","@graph":[{"@type":"WebPage","@id":"https:\/\/www.lecentrefranco.ca\/destination-reussite\/region-du-nord\/tableau-synthese-des-activites\/","url":"https:\/\/www.lecentrefranco.ca\/destination-reussite\/region-du-nord\/tableau-synthese-des-activites\/","name":"Activit\u00e9s \u2013 r\u00e9gion du Nord \u2013 Destination r\u00e9ussite (Ontario)","isPartOf":{"@id":"https:\/\/www.lecentrefranco.ca\/destination-reussite\/#website"},"datePublished":"2025-04-01T17:34:56+00:00","dateModified":"2026-03-19T18:48:55+00:00","description":"Destination r\u00e9ussite vous propose ici un survol des activit\u00e9s d\u2019anticipation offertes aux \u00e9l\u00e8ves de la r\u00e9gion du Nord de l\u2019Ontario.","breadcrumb":{"@id":"https:\/\/www.lecentrefranco.ca\/destination-reussite\/region-du-nord\/tableau-synthese-des-activites\/#breadcrumb"},"inLanguage":"fr-CA","potentialAction":[{"@type":"ReadAction","target":["https:\/\/www.lecentrefranco.ca\/destination-reussite\/region-du-nord\/tableau-synthese-des-activites\/"]}]},{"@type":"BreadcrumbList","@id":"https:\/\/www.lecentrefranco.ca\/destination-reussite\/region-du-nord\/tableau-synthese-des-activites\/#breadcrumb","itemListElement":[{"@type":"ListItem","position":1,"name":"Accueil","item":"https:\/\/www.lecentrefranco.ca\/destination-reussite\/"},{"@type":"ListItem","position":2,"name":"R\u00e9gion du Nord","item":"https:\/\/www.lecentrefranco.ca\/destination-reussite\/region-du-nord\/"},{"@type":"ListItem","position":3,"name":"Tableau synth\u00e8se des activit\u00e9s du Nord"}]},{"@type":"WebSite","@id":"https:\/\/www.lecentrefranco.ca\/destination-reussite\/#website","url":"https:\/\/www.lecentrefranco.ca\/destination-reussite\/","name":"Destination r\u00e9ussite - Ontario","description":"Appui \u00e0 la strat\u00e9gie R\u00e9ussite des \u00e9l\u00e8ves","publisher":{"@id":"https:\/\/www.lecentrefranco.ca\/destination-reussite\/#organization"},"potentialAction":[{"@type":"SearchAction","target":{"@type":"EntryPoint","urlTemplate":"https:\/\/www.lecentrefranco.ca\/destination-reussite\/?s={search_term_string}"},"query-input":{"@type":"PropertyValueSpecification","valueRequired":true,"valueName":"search_term_string"}}],"inLanguage":"fr-CA"},{"@type":"Organization","@id":"https:\/\/www.lecentrefranco.ca\/destination-reussite\/#organization","name":"Destination r\u00e9ussite - Ontario","url":"https:\/\/www.lecentrefranco.ca\/destination-reussite\/","logo":{"@type":"ImageObject","inLanguage":"fr-CA","@id":"https:\/\/www.lecentrefranco.ca\/destination-reussite\/#\/schema\/logo\/image\/","url":"https:\/\/www.lecentrefranco.ca\/destination-reussite\/wp-content\/uploads\/sites\/10\/2025\/05\/logo-dr-ontario.webp","contentUrl":"https:\/\/www.lecentrefranco.ca\/destination-reussite\/wp-content\/uploads\/sites\/10\/2025\/05\/logo-dr-ontario.webp","width":1014,"height":625,"caption":"Destination r\u00e9ussite - Ontario"},"image":{"@id":"https:\/\/www.lecentrefranco.ca\/destination-reussite\/#\/schema\/logo\/image\/"}}]}},"_links":{"self":[{"href":"https:\/\/www.lecentrefranco.ca\/destination-reussite\/wp-json\/wp\/v2\/pages\/1131","targetHints":{"allow":["GET"]}}],"collection":[{"href":"https:\/\/www.lecentrefranco.ca\/destination-reussite\/wp-json\/wp\/v2\/pages"}],"about":[{"href":"https:\/\/www.lecentrefranco.ca\/destination-reussite\/wp-json\/wp\/v2\/types\/page"}],"author":[{"embeddable":true,"href":"https:\/\/www.lecentrefranco.ca\/destination-reussite\/wp-json\/wp\/v2\/users\/4"}],"replies":[{"embeddable":true,"href":"https:\/\/www.lecentrefranco.ca\/destination-reussite\/wp-json\/wp\/v2\/comments?post=1131"}],"version-history":[{"count":0,"href":"https:\/\/www.lecentrefranco.ca\/destination-reussite\/wp-json\/wp\/v2\/pages\/1131\/revisions"}],"up":[{"embeddable":true,"href":"https:\/\/www.lecentrefranco.ca\/destination-reussite\/wp-json\/wp\/v2\/pages\/112"}],"wp:attachment":[{"href":"https:\/\/www.lecentrefranco.ca\/destination-reussite\/wp-json\/wp\/v2\/media?parent=1131"}],"curies":[{"name":"wp","href":"https:\/\/api.w.org\/{rel}","templated":true}]}}