{"id":1102,"date":"2025-04-01T13:46:19","date_gmt":"2025-04-01T17:46:19","guid":{"rendered":"https:\/\/www.lecentrefranco.ca\/destination-reussite\/?page_id=1102"},"modified":"2026-03-19T14:53:28","modified_gmt":"2026-03-19T18:53:28","slug":"structure-de-fonctionnement","status":"publish","type":"page","link":"https:\/\/www.lecentrefranco.ca\/destination-reussite\/region-du-centre-sud-ouest\/structure-de-fonctionnement\/","title":{"rendered":"Structure de fonctionnement"},"content":{"rendered":"","protected":false},"excerpt":{"rendered":"","protected":false},"author":4,"featured_media":0,"parent":75,"menu_order":0,"comment_status":"closed","ping_status":"closed","template":"page-cso-structure.php","meta":{"_acf_changed":false,"footnotes":""},"class_list":["post-1102","page","type-page","status-publish","hentry"],"acf":[],"yoast_head":"<!-- This site is optimized with the Yoast SEO plugin v27.4 - https:\/\/yoast.com\/product\/yoast-seo-wordpress\/ -->\n<title>Structure de fonctionnement \u2013 r\u00e9gion Centre-Sud-Ouest<\/title>\n<meta name=\"description\" content=\"D\u00e9couvrez la structure de fonctionnement de Destination r\u00e9ussite dans la r\u00e9gion du Centre-Sud-Ouest, o\u00f9 trois comit\u00e9s r\u00e9gionaux collaborent pour \u00e9tablir les priorit\u00e9s, superviser le plan d\u2019action et assurer la mise en \u0153uvre des initiatives \u00e9ducatives.\" \/>\n<meta name=\"robots\" content=\"index, follow, max-snippet:-1, max-image-preview:large, max-video-preview:-1\" \/>\n<link rel=\"canonical\" href=\"https:\/\/www.lecentrefranco.ca\/destination-reussite\/region-du-centre-sud-ouest\/structure-de-fonctionnement\/\" \/>\n<meta property=\"og:locale\" content=\"fr_CA\" \/>\n<meta property=\"og:type\" content=\"article\" \/>\n<meta property=\"og:title\" content=\"Structure de fonctionnement \u2013 r\u00e9gion Centre-Sud-Ouest\" \/>\n<meta property=\"og:description\" content=\"D\u00e9couvrez la structure de fonctionnement de Destination r\u00e9ussite dans la r\u00e9gion du Centre-Sud-Ouest, o\u00f9 trois comit\u00e9s r\u00e9gionaux collaborent pour \u00e9tablir les priorit\u00e9s, superviser le plan d\u2019action et assurer la mise en \u0153uvre des initiatives \u00e9ducatives.\" \/>\n<meta property=\"og:url\" content=\"https:\/\/www.lecentrefranco.ca\/destination-reussite\/region-du-centre-sud-ouest\/structure-de-fonctionnement\/\" \/>\n<meta property=\"og:site_name\" content=\"Destination r\u00e9ussite - Ontario\" \/>\n<meta property=\"article:modified_time\" content=\"2026-03-19T18:53:28+00:00\" \/>\n<meta name=\"twitter:card\" content=\"summary_large_image\" \/>\n<script type=\"application\/ld+json\" class=\"yoast-schema-graph\">{\"@context\":\"https:\\\/\\\/schema.org\",\"@graph\":[{\"@type\":\"WebPage\",\"@id\":\"https:\\\/\\\/www.lecentrefranco.ca\\\/destination-reussite\\\/region-du-centre-sud-ouest\\\/structure-de-fonctionnement\\\/\",\"url\":\"https:\\\/\\\/www.lecentrefranco.ca\\\/destination-reussite\\\/region-du-centre-sud-ouest\\\/structure-de-fonctionnement\\\/\",\"name\":\"Structure de fonctionnement \u2013 r\u00e9gion Centre-Sud-Ouest\",\"isPartOf\":{\"@id\":\"https:\\\/\\\/www.lecentrefranco.ca\\\/destination-reussite\\\/#website\"},\"datePublished\":\"2025-04-01T17:46:19+00:00\",\"dateModified\":\"2026-03-19T18:53:28+00:00\",\"description\":\"D\u00e9couvrez la structure de fonctionnement de Destination r\u00e9ussite dans la r\u00e9gion du Centre-Sud-Ouest, o\u00f9 trois comit\u00e9s r\u00e9gionaux collaborent pour \u00e9tablir les priorit\u00e9s, superviser le plan d\u2019action et assurer la mise en \u0153uvre des initiatives \u00e9ducatives.\",\"breadcrumb\":{\"@id\":\"https:\\\/\\\/www.lecentrefranco.ca\\\/destination-reussite\\\/region-du-centre-sud-ouest\\\/structure-de-fonctionnement\\\/#breadcrumb\"},\"inLanguage\":\"fr-CA\",\"potentialAction\":[{\"@type\":\"ReadAction\",\"target\":[\"https:\\\/\\\/www.lecentrefranco.ca\\\/destination-reussite\\\/region-du-centre-sud-ouest\\\/structure-de-fonctionnement\\\/\"]}]},{\"@type\":\"BreadcrumbList\",\"@id\":\"https:\\\/\\\/www.lecentrefranco.ca\\\/destination-reussite\\\/region-du-centre-sud-ouest\\\/structure-de-fonctionnement\\\/#breadcrumb\",\"itemListElement\":[{\"@type\":\"ListItem\",\"position\":1,\"name\":\"Accueil\",\"item\":\"https:\\\/\\\/www.lecentrefranco.ca\\\/destination-reussite\\\/\"},{\"@type\":\"ListItem\",\"position\":2,\"name\":\"R\u00e9gion du Centre-Sud-Ouest\",\"item\":\"https:\\\/\\\/www.lecentrefranco.ca\\\/destination-reussite\\\/region-du-centre-sud-ouest\\\/\"},{\"@type\":\"ListItem\",\"position\":3,\"name\":\"Structure de fonctionnement\"}]},{\"@type\":\"WebSite\",\"@id\":\"https:\\\/\\\/www.lecentrefranco.ca\\\/destination-reussite\\\/#website\",\"url\":\"https:\\\/\\\/www.lecentrefranco.ca\\\/destination-reussite\\\/\",\"name\":\"Destination r\u00e9ussite - Ontario\",\"description\":\"Appui \u00e0 la strat\u00e9gie R\u00e9ussite des \u00e9l\u00e8ves\",\"publisher\":{\"@id\":\"https:\\\/\\\/www.lecentrefranco.ca\\\/destination-reussite\\\/#organization\"},\"potentialAction\":[{\"@type\":\"SearchAction\",\"target\":{\"@type\":\"EntryPoint\",\"urlTemplate\":\"https:\\\/\\\/www.lecentrefranco.ca\\\/destination-reussite\\\/?s={search_term_string}\"},\"query-input\":{\"@type\":\"PropertyValueSpecification\",\"valueRequired\":true,\"valueName\":\"search_term_string\"}}],\"inLanguage\":\"fr-CA\"},{\"@type\":\"Organization\",\"@id\":\"https:\\\/\\\/www.lecentrefranco.ca\\\/destination-reussite\\\/#organization\",\"name\":\"Destination r\u00e9ussite - Ontario\",\"url\":\"https:\\\/\\\/www.lecentrefranco.ca\\\/destination-reussite\\\/\",\"logo\":{\"@type\":\"ImageObject\",\"inLanguage\":\"fr-CA\",\"@id\":\"https:\\\/\\\/www.lecentrefranco.ca\\\/destination-reussite\\\/#\\\/schema\\\/logo\\\/image\\\/\",\"url\":\"https:\\\/\\\/www.lecentrefranco.ca\\\/destination-reussite\\\/wp-content\\\/uploads\\\/sites\\\/10\\\/2025\\\/05\\\/logo-dr-ontario.webp\",\"contentUrl\":\"https:\\\/\\\/www.lecentrefranco.ca\\\/destination-reussite\\\/wp-content\\\/uploads\\\/sites\\\/10\\\/2025\\\/05\\\/logo-dr-ontario.webp\",\"width\":1014,\"height\":625,\"caption\":\"Destination r\u00e9ussite - Ontario\"},\"image\":{\"@id\":\"https:\\\/\\\/www.lecentrefranco.ca\\\/destination-reussite\\\/#\\\/schema\\\/logo\\\/image\\\/\"}}]}<\/script>\n<!-- \/ Yoast SEO plugin. -->","yoast_head_json":{"title":"Structure de fonctionnement \u2013 r\u00e9gion Centre-Sud-Ouest","description":"D\u00e9couvrez la structure de fonctionnement de Destination r\u00e9ussite dans la r\u00e9gion du Centre-Sud-Ouest, o\u00f9 trois comit\u00e9s r\u00e9gionaux collaborent pour \u00e9tablir les priorit\u00e9s, superviser le plan d\u2019action et assurer la mise en \u0153uvre des initiatives \u00e9ducatives.","robots":{"index":"index","follow":"follow","max-snippet":"max-snippet:-1","max-image-preview":"max-image-preview:large","max-video-preview":"max-video-preview:-1"},"canonical":"https:\/\/www.lecentrefranco.ca\/destination-reussite\/region-du-centre-sud-ouest\/structure-de-fonctionnement\/","og_locale":"fr_CA","og_type":"article","og_title":"Structure de fonctionnement \u2013 r\u00e9gion Centre-Sud-Ouest","og_description":"D\u00e9couvrez la structure de fonctionnement de Destination r\u00e9ussite dans la r\u00e9gion du Centre-Sud-Ouest, o\u00f9 trois comit\u00e9s r\u00e9gionaux collaborent pour \u00e9tablir les priorit\u00e9s, superviser le plan d\u2019action et assurer la mise en \u0153uvre des initiatives \u00e9ducatives.","og_url":"https:\/\/www.lecentrefranco.ca\/destination-reussite\/region-du-centre-sud-ouest\/structure-de-fonctionnement\/","og_site_name":"Destination r\u00e9ussite - Ontario","article_modified_time":"2026-03-19T18:53:28+00:00","twitter_card":"summary_large_image","schema":{"@context":"https:\/\/schema.org","@graph":[{"@type":"WebPage","@id":"https:\/\/www.lecentrefranco.ca\/destination-reussite\/region-du-centre-sud-ouest\/structure-de-fonctionnement\/","url":"https:\/\/www.lecentrefranco.ca\/destination-reussite\/region-du-centre-sud-ouest\/structure-de-fonctionnement\/","name":"Structure de fonctionnement \u2013 r\u00e9gion Centre-Sud-Ouest","isPartOf":{"@id":"https:\/\/www.lecentrefranco.ca\/destination-reussite\/#website"},"datePublished":"2025-04-01T17:46:19+00:00","dateModified":"2026-03-19T18:53:28+00:00","description":"D\u00e9couvrez la structure de fonctionnement de Destination r\u00e9ussite dans la r\u00e9gion du Centre-Sud-Ouest, o\u00f9 trois comit\u00e9s r\u00e9gionaux collaborent pour \u00e9tablir les priorit\u00e9s, superviser le plan d\u2019action et assurer la mise en \u0153uvre des initiatives \u00e9ducatives.","breadcrumb":{"@id":"https:\/\/www.lecentrefranco.ca\/destination-reussite\/region-du-centre-sud-ouest\/structure-de-fonctionnement\/#breadcrumb"},"inLanguage":"fr-CA","potentialAction":[{"@type":"ReadAction","target":["https:\/\/www.lecentrefranco.ca\/destination-reussite\/region-du-centre-sud-ouest\/structure-de-fonctionnement\/"]}]},{"@type":"BreadcrumbList","@id":"https:\/\/www.lecentrefranco.ca\/destination-reussite\/region-du-centre-sud-ouest\/structure-de-fonctionnement\/#breadcrumb","itemListElement":[{"@type":"ListItem","position":1,"name":"Accueil","item":"https:\/\/www.lecentrefranco.ca\/destination-reussite\/"},{"@type":"ListItem","position":2,"name":"R\u00e9gion du Centre-Sud-Ouest","item":"https:\/\/www.lecentrefranco.ca\/destination-reussite\/region-du-centre-sud-ouest\/"},{"@type":"ListItem","position":3,"name":"Structure de fonctionnement"}]},{"@type":"WebSite","@id":"https:\/\/www.lecentrefranco.ca\/destination-reussite\/#website","url":"https:\/\/www.lecentrefranco.ca\/destination-reussite\/","name":"Destination r\u00e9ussite - Ontario","description":"Appui \u00e0 la strat\u00e9gie R\u00e9ussite des \u00e9l\u00e8ves","publisher":{"@id":"https:\/\/www.lecentrefranco.ca\/destination-reussite\/#organization"},"potentialAction":[{"@type":"SearchAction","target":{"@type":"EntryPoint","urlTemplate":"https:\/\/www.lecentrefranco.ca\/destination-reussite\/?s={search_term_string}"},"query-input":{"@type":"PropertyValueSpecification","valueRequired":true,"valueName":"search_term_string"}}],"inLanguage":"fr-CA"},{"@type":"Organization","@id":"https:\/\/www.lecentrefranco.ca\/destination-reussite\/#organization","name":"Destination r\u00e9ussite - Ontario","url":"https:\/\/www.lecentrefranco.ca\/destination-reussite\/","logo":{"@type":"ImageObject","inLanguage":"fr-CA","@id":"https:\/\/www.lecentrefranco.ca\/destination-reussite\/#\/schema\/logo\/image\/","url":"https:\/\/www.lecentrefranco.ca\/destination-reussite\/wp-content\/uploads\/sites\/10\/2025\/05\/logo-dr-ontario.webp","contentUrl":"https:\/\/www.lecentrefranco.ca\/destination-reussite\/wp-content\/uploads\/sites\/10\/2025\/05\/logo-dr-ontario.webp","width":1014,"height":625,"caption":"Destination r\u00e9ussite - Ontario"},"image":{"@id":"https:\/\/www.lecentrefranco.ca\/destination-reussite\/#\/schema\/logo\/image\/"}}]}},"_links":{"self":[{"href":"https:\/\/www.lecentrefranco.ca\/destination-reussite\/wp-json\/wp\/v2\/pages\/1102","targetHints":{"allow":["GET"]}}],"collection":[{"href":"https:\/\/www.lecentrefranco.ca\/destination-reussite\/wp-json\/wp\/v2\/pages"}],"about":[{"href":"https:\/\/www.lecentrefranco.ca\/destination-reussite\/wp-json\/wp\/v2\/types\/page"}],"author":[{"embeddable":true,"href":"https:\/\/www.lecentrefranco.ca\/destination-reussite\/wp-json\/wp\/v2\/users\/4"}],"replies":[{"embeddable":true,"href":"https:\/\/www.lecentrefranco.ca\/destination-reussite\/wp-json\/wp\/v2\/comments?post=1102"}],"version-history":[{"count":0,"href":"https:\/\/www.lecentrefranco.ca\/destination-reussite\/wp-json\/wp\/v2\/pages\/1102\/revisions"}],"up":[{"embeddable":true,"href":"https:\/\/www.lecentrefranco.ca\/destination-reussite\/wp-json\/wp\/v2\/pages\/75"}],"wp:attachment":[{"href":"https:\/\/www.lecentrefranco.ca\/destination-reussite\/wp-json\/wp\/v2\/media?parent=1102"}],"curies":[{"name":"wp","href":"https:\/\/api.w.org\/{rel}","templated":true}]}}