{"id":1058,"date":"2024-02-29T07:54:56","date_gmt":"2024-02-29T12:54:56","guid":{"rendered":"https:\/\/www.lecentrefranco.ca\/destination-reussite\/?page_id=1058"},"modified":"2026-03-02T14:13:23","modified_gmt":"2026-03-02T19:13:23","slug":"mhs-capsule-video-promo-region-de-lest","status":"publish","type":"page","link":"https:\/\/www.lecentrefranco.ca\/destination-reussite\/region-de-lest\/mhs-capsule-video-promo-region-de-lest\/","title":{"rendered":"Majeure Haute Sp\u00e9cialisation (capsule vid\u00e9o promotionnelle)"},"content":{"rendered":"","protected":false},"excerpt":{"rendered":"","protected":false},"author":4,"featured_media":0,"parent":38,"menu_order":0,"comment_status":"closed","ping_status":"closed","template":"page-est-video.php","meta":{"_acf_changed":false,"footnotes":""},"class_list":["post-1058","page","type-page","status-publish","hentry"],"acf":[],"yoast_head":"<!-- This site is optimized with the Yoast SEO plugin v27.4 - https:\/\/yoast.com\/product\/yoast-seo-wordpress\/ -->\n<title>Protocole de communication \u2013 r\u00e9gion de l\u2019Est \u2013 Destination r\u00e9ussite<\/title>\n<meta name=\"description\" content=\"D\u00e9couvrez la capsule vid\u00e9o promotionnelle Majeure Haute Sp\u00e9cialisation (MHS) de la r\u00e9gion de l\u2019Est, une ressource essentielle de Destination r\u00e9ussite pour pr\u00e9senter les parcours sp\u00e9cialis\u00e9s aux \u00e9l\u00e8ves francophones.\" \/>\n<meta name=\"robots\" content=\"index, follow, max-snippet:-1, max-image-preview:large, max-video-preview:-1\" \/>\n<link rel=\"canonical\" href=\"https:\/\/www.lecentrefranco.ca\/destination-reussite\/region-de-lest\/mhs-capsule-video-promo-region-de-lest\/\" \/>\n<meta property=\"og:locale\" content=\"fr_CA\" \/>\n<meta property=\"og:type\" content=\"article\" \/>\n<meta property=\"og:title\" content=\"Protocole de communication \u2013 r\u00e9gion de l\u2019Est \u2013 Destination r\u00e9ussite\" \/>\n<meta property=\"og:description\" content=\"D\u00e9couvrez la capsule vid\u00e9o promotionnelle Majeure Haute Sp\u00e9cialisation (MHS) de la r\u00e9gion de l\u2019Est, une ressource essentielle de Destination r\u00e9ussite pour pr\u00e9senter les parcours sp\u00e9cialis\u00e9s aux \u00e9l\u00e8ves francophones.\" \/>\n<meta property=\"og:url\" content=\"https:\/\/www.lecentrefranco.ca\/destination-reussite\/region-de-lest\/mhs-capsule-video-promo-region-de-lest\/\" \/>\n<meta property=\"og:site_name\" content=\"Destination r\u00e9ussite - Ontario\" \/>\n<meta property=\"article:modified_time\" content=\"2026-03-02T19:13:23+00:00\" \/>\n<meta name=\"twitter:card\" content=\"summary_large_image\" \/>\n<script type=\"application\/ld+json\" class=\"yoast-schema-graph\">{\"@context\":\"https:\\\/\\\/schema.org\",\"@graph\":[{\"@type\":\"WebPage\",\"@id\":\"https:\\\/\\\/www.lecentrefranco.ca\\\/destination-reussite\\\/region-de-lest\\\/mhs-capsule-video-promo-region-de-lest\\\/\",\"url\":\"https:\\\/\\\/www.lecentrefranco.ca\\\/destination-reussite\\\/region-de-lest\\\/mhs-capsule-video-promo-region-de-lest\\\/\",\"name\":\"Protocole de communication \u2013 r\u00e9gion de l\u2019Est \u2013 Destination r\u00e9ussite\",\"isPartOf\":{\"@id\":\"https:\\\/\\\/www.lecentrefranco.ca\\\/destination-reussite\\\/#website\"},\"datePublished\":\"2024-02-29T12:54:56+00:00\",\"dateModified\":\"2026-03-02T19:13:23+00:00\",\"description\":\"D\u00e9couvrez la capsule vid\u00e9o promotionnelle Majeure Haute Sp\u00e9cialisation (MHS) de la r\u00e9gion de l\u2019Est, une ressource essentielle de Destination r\u00e9ussite pour pr\u00e9senter les parcours sp\u00e9cialis\u00e9s aux \u00e9l\u00e8ves francophones.\",\"breadcrumb\":{\"@id\":\"https:\\\/\\\/www.lecentrefranco.ca\\\/destination-reussite\\\/region-de-lest\\\/mhs-capsule-video-promo-region-de-lest\\\/#breadcrumb\"},\"inLanguage\":\"fr-CA\",\"potentialAction\":[{\"@type\":\"ReadAction\",\"target\":[\"https:\\\/\\\/www.lecentrefranco.ca\\\/destination-reussite\\\/region-de-lest\\\/mhs-capsule-video-promo-region-de-lest\\\/\"]}]},{\"@type\":\"BreadcrumbList\",\"@id\":\"https:\\\/\\\/www.lecentrefranco.ca\\\/destination-reussite\\\/region-de-lest\\\/mhs-capsule-video-promo-region-de-lest\\\/#breadcrumb\",\"itemListElement\":[{\"@type\":\"ListItem\",\"position\":1,\"name\":\"Accueil\",\"item\":\"https:\\\/\\\/www.lecentrefranco.ca\\\/destination-reussite\\\/\"},{\"@type\":\"ListItem\",\"position\":2,\"name\":\"R\u00e9gion de l\u2019Est\",\"item\":\"https:\\\/\\\/www.lecentrefranco.ca\\\/destination-reussite\\\/region-de-lest\\\/\"},{\"@type\":\"ListItem\",\"position\":3,\"name\":\"Majeure Haute Sp\u00e9cialisation (capsule vid\u00e9o promotionnelle)\"}]},{\"@type\":\"WebSite\",\"@id\":\"https:\\\/\\\/www.lecentrefranco.ca\\\/destination-reussite\\\/#website\",\"url\":\"https:\\\/\\\/www.lecentrefranco.ca\\\/destination-reussite\\\/\",\"name\":\"Destination r\u00e9ussite - Ontario\",\"description\":\"Appui \u00e0 la strat\u00e9gie R\u00e9ussite des \u00e9l\u00e8ves\",\"publisher\":{\"@id\":\"https:\\\/\\\/www.lecentrefranco.ca\\\/destination-reussite\\\/#organization\"},\"potentialAction\":[{\"@type\":\"SearchAction\",\"target\":{\"@type\":\"EntryPoint\",\"urlTemplate\":\"https:\\\/\\\/www.lecentrefranco.ca\\\/destination-reussite\\\/?s={search_term_string}\"},\"query-input\":{\"@type\":\"PropertyValueSpecification\",\"valueRequired\":true,\"valueName\":\"search_term_string\"}}],\"inLanguage\":\"fr-CA\"},{\"@type\":\"Organization\",\"@id\":\"https:\\\/\\\/www.lecentrefranco.ca\\\/destination-reussite\\\/#organization\",\"name\":\"Destination r\u00e9ussite - Ontario\",\"url\":\"https:\\\/\\\/www.lecentrefranco.ca\\\/destination-reussite\\\/\",\"logo\":{\"@type\":\"ImageObject\",\"inLanguage\":\"fr-CA\",\"@id\":\"https:\\\/\\\/www.lecentrefranco.ca\\\/destination-reussite\\\/#\\\/schema\\\/logo\\\/image\\\/\",\"url\":\"https:\\\/\\\/www.lecentrefranco.ca\\\/destination-reussite\\\/wp-content\\\/uploads\\\/sites\\\/10\\\/2025\\\/05\\\/logo-dr-ontario.webp\",\"contentUrl\":\"https:\\\/\\\/www.lecentrefranco.ca\\\/destination-reussite\\\/wp-content\\\/uploads\\\/sites\\\/10\\\/2025\\\/05\\\/logo-dr-ontario.webp\",\"width\":1014,\"height\":625,\"caption\":\"Destination r\u00e9ussite - Ontario\"},\"image\":{\"@id\":\"https:\\\/\\\/www.lecentrefranco.ca\\\/destination-reussite\\\/#\\\/schema\\\/logo\\\/image\\\/\"}}]}<\/script>\n<!-- \/ Yoast SEO plugin. -->","yoast_head_json":{"title":"Protocole de communication \u2013 r\u00e9gion de l\u2019Est \u2013 Destination r\u00e9ussite","description":"D\u00e9couvrez la capsule vid\u00e9o promotionnelle Majeure Haute Sp\u00e9cialisation (MHS) de la r\u00e9gion de l\u2019Est, une ressource essentielle de Destination r\u00e9ussite pour pr\u00e9senter les parcours sp\u00e9cialis\u00e9s aux \u00e9l\u00e8ves francophones.","robots":{"index":"index","follow":"follow","max-snippet":"max-snippet:-1","max-image-preview":"max-image-preview:large","max-video-preview":"max-video-preview:-1"},"canonical":"https:\/\/www.lecentrefranco.ca\/destination-reussite\/region-de-lest\/mhs-capsule-video-promo-region-de-lest\/","og_locale":"fr_CA","og_type":"article","og_title":"Protocole de communication \u2013 r\u00e9gion de l\u2019Est \u2013 Destination r\u00e9ussite","og_description":"D\u00e9couvrez la capsule vid\u00e9o promotionnelle Majeure Haute Sp\u00e9cialisation (MHS) de la r\u00e9gion de l\u2019Est, une ressource essentielle de Destination r\u00e9ussite pour pr\u00e9senter les parcours sp\u00e9cialis\u00e9s aux \u00e9l\u00e8ves francophones.","og_url":"https:\/\/www.lecentrefranco.ca\/destination-reussite\/region-de-lest\/mhs-capsule-video-promo-region-de-lest\/","og_site_name":"Destination r\u00e9ussite - Ontario","article_modified_time":"2026-03-02T19:13:23+00:00","twitter_card":"summary_large_image","schema":{"@context":"https:\/\/schema.org","@graph":[{"@type":"WebPage","@id":"https:\/\/www.lecentrefranco.ca\/destination-reussite\/region-de-lest\/mhs-capsule-video-promo-region-de-lest\/","url":"https:\/\/www.lecentrefranco.ca\/destination-reussite\/region-de-lest\/mhs-capsule-video-promo-region-de-lest\/","name":"Protocole de communication \u2013 r\u00e9gion de l\u2019Est \u2013 Destination r\u00e9ussite","isPartOf":{"@id":"https:\/\/www.lecentrefranco.ca\/destination-reussite\/#website"},"datePublished":"2024-02-29T12:54:56+00:00","dateModified":"2026-03-02T19:13:23+00:00","description":"D\u00e9couvrez la capsule vid\u00e9o promotionnelle Majeure Haute Sp\u00e9cialisation (MHS) de la r\u00e9gion de l\u2019Est, une ressource essentielle de Destination r\u00e9ussite pour pr\u00e9senter les parcours sp\u00e9cialis\u00e9s aux \u00e9l\u00e8ves francophones.","breadcrumb":{"@id":"https:\/\/www.lecentrefranco.ca\/destination-reussite\/region-de-lest\/mhs-capsule-video-promo-region-de-lest\/#breadcrumb"},"inLanguage":"fr-CA","potentialAction":[{"@type":"ReadAction","target":["https:\/\/www.lecentrefranco.ca\/destination-reussite\/region-de-lest\/mhs-capsule-video-promo-region-de-lest\/"]}]},{"@type":"BreadcrumbList","@id":"https:\/\/www.lecentrefranco.ca\/destination-reussite\/region-de-lest\/mhs-capsule-video-promo-region-de-lest\/#breadcrumb","itemListElement":[{"@type":"ListItem","position":1,"name":"Accueil","item":"https:\/\/www.lecentrefranco.ca\/destination-reussite\/"},{"@type":"ListItem","position":2,"name":"R\u00e9gion de l\u2019Est","item":"https:\/\/www.lecentrefranco.ca\/destination-reussite\/region-de-lest\/"},{"@type":"ListItem","position":3,"name":"Majeure Haute Sp\u00e9cialisation (capsule vid\u00e9o promotionnelle)"}]},{"@type":"WebSite","@id":"https:\/\/www.lecentrefranco.ca\/destination-reussite\/#website","url":"https:\/\/www.lecentrefranco.ca\/destination-reussite\/","name":"Destination r\u00e9ussite - Ontario","description":"Appui \u00e0 la strat\u00e9gie R\u00e9ussite des \u00e9l\u00e8ves","publisher":{"@id":"https:\/\/www.lecentrefranco.ca\/destination-reussite\/#organization"},"potentialAction":[{"@type":"SearchAction","target":{"@type":"EntryPoint","urlTemplate":"https:\/\/www.lecentrefranco.ca\/destination-reussite\/?s={search_term_string}"},"query-input":{"@type":"PropertyValueSpecification","valueRequired":true,"valueName":"search_term_string"}}],"inLanguage":"fr-CA"},{"@type":"Organization","@id":"https:\/\/www.lecentrefranco.ca\/destination-reussite\/#organization","name":"Destination r\u00e9ussite - Ontario","url":"https:\/\/www.lecentrefranco.ca\/destination-reussite\/","logo":{"@type":"ImageObject","inLanguage":"fr-CA","@id":"https:\/\/www.lecentrefranco.ca\/destination-reussite\/#\/schema\/logo\/image\/","url":"https:\/\/www.lecentrefranco.ca\/destination-reussite\/wp-content\/uploads\/sites\/10\/2025\/05\/logo-dr-ontario.webp","contentUrl":"https:\/\/www.lecentrefranco.ca\/destination-reussite\/wp-content\/uploads\/sites\/10\/2025\/05\/logo-dr-ontario.webp","width":1014,"height":625,"caption":"Destination r\u00e9ussite - Ontario"},"image":{"@id":"https:\/\/www.lecentrefranco.ca\/destination-reussite\/#\/schema\/logo\/image\/"}}]}},"_links":{"self":[{"href":"https:\/\/www.lecentrefranco.ca\/destination-reussite\/wp-json\/wp\/v2\/pages\/1058","targetHints":{"allow":["GET"]}}],"collection":[{"href":"https:\/\/www.lecentrefranco.ca\/destination-reussite\/wp-json\/wp\/v2\/pages"}],"about":[{"href":"https:\/\/www.lecentrefranco.ca\/destination-reussite\/wp-json\/wp\/v2\/types\/page"}],"author":[{"embeddable":true,"href":"https:\/\/www.lecentrefranco.ca\/destination-reussite\/wp-json\/wp\/v2\/users\/4"}],"replies":[{"embeddable":true,"href":"https:\/\/www.lecentrefranco.ca\/destination-reussite\/wp-json\/wp\/v2\/comments?post=1058"}],"version-history":[{"count":0,"href":"https:\/\/www.lecentrefranco.ca\/destination-reussite\/wp-json\/wp\/v2\/pages\/1058\/revisions"}],"up":[{"embeddable":true,"href":"https:\/\/www.lecentrefranco.ca\/destination-reussite\/wp-json\/wp\/v2\/pages\/38"}],"wp:attachment":[{"href":"https:\/\/www.lecentrefranco.ca\/destination-reussite\/wp-json\/wp\/v2\/media?parent=1058"}],"curies":[{"name":"wp","href":"https:\/\/api.w.org\/{rel}","templated":true}]}}